{"id":10413,"date":"2025-07-09T03:01:29","date_gmt":"2025-07-09T03:01:29","guid":{"rendered":"https:\/\/www.bananatreeshop.com\/?post_type=product&#038;p=10413"},"modified":"2026-04-02T15:04:33","modified_gmt":"2026-04-02T15:04:33","slug":"kheper-games-hump-the-game-es-en","status":"publish","type":"product","link":"https:\/\/www.bananatreeshop.com\/pt\/produto\/kheper-games-hump-the-game-es-en\/","title":{"rendered":"KHEPER GAMES &#8211; HUMP EL JUEGO ES, EN"},"content":{"rendered":"<p>Tu amante y t\u00fa conocer\u00e9is vuestras respectivas libidos a medida que vay\u00e1is respondiendo a una serie de preguntas sobre trucos sexuales.<\/p>\n<p>Las preguntas se dividen en 4 categor\u00edas: Posturas sexuales, Juego preliminares Experiencias \u00fanicas y Profundo y caliente. el primer jugador que consiga responder correctamente 10 preguntas gana la partida y escoge uno de los trucos sexuales de las cartas que ha ganado para ponerlo en pr\u00e1ctica con su amante.<\/p>\n<p>El juego incluye:\u00a0<\/p>\n<ul>\n<li>40 Cartas de preguntas de posturas sexuales.\u00a0<\/li>\n<li>40 Cartas de preguntas de experiencias \u00fanicas.\u00a0<\/li>\n<li>40 Cartas de preguntas de profundo y caliente.\u00a0<\/li>\n<li>Una ruleta con felcha giratoria.\u00a0<\/li>\n<li>Las reglas del juego.<\/li>\n<\/ul>\n<p>Instrucciones en espa\u00f1ol, ingl\u00e9s, franc\u00e9s y alem\u00e1n<\/p>\n<p>Comienza el juego!<\/p>\n<p><img decoding=\"async\" alt=\"\" src=\"https:\/\/interno.dreamlove.es\/UserFiles\/images\/sapnish.png\" style=\"font-size: 12.7272720336914px; line-height: 18.9090900421143px; width: 57px; height: 21px;\" \/><\/p>","protected":false},"excerpt":{"rendered":"<p>KHEPER GAMES &#8211; HUMP THE GAME ES, EN<\/p>","protected":false},"featured_media":56785,"comment_status":"open","ping_status":"closed","template":"","meta":{"_eb_attr":""},"product_brand":[],"product_cat":[1187,1190,1189,1188,1207,1208],"product_tag":[],"class_list":{"0":"post-10413","1":"product","2":"type-product","3":"status-publish","4":"has-post-thumbnail","6":"product_cat-juegos","7":"product_cat-juegos-juegos-de-cartas","8":"product_cat-juegos-juegos-de-mesa","9":"product_cat-juegos-juegos-de-pareja","10":"product_cat-juegos-juegos-en-espanol","11":"product_cat-juegos-juegos-en-ingles","12":"yith_product_brand-kheper-games","14":"first","15":"instock","16":"taxable","17":"shipping-taxable","18":"purchasable","19":"product-type-simple"},"_links":{"self":[{"href":"https:\/\/www.bananatreeshop.com\/pt\/wp-json\/wp\/v2\/product\/10413","targetHints":{"allow":["GET"]}}],"collection":[{"href":"https:\/\/www.bananatreeshop.com\/pt\/wp-json\/wp\/v2\/product"}],"about":[{"href":"https:\/\/www.bananatreeshop.com\/pt\/wp-json\/wp\/v2\/types\/product"}],"replies":[{"embeddable":true,"href":"https:\/\/www.bananatreeshop.com\/pt\/wp-json\/wp\/v2\/comments?post=10413"}],"wp:featuredmedia":[{"embeddable":true,"href":"https:\/\/www.bananatreeshop.com\/pt\/wp-json\/wp\/v2\/media\/56785"}],"wp:attachment":[{"href":"https:\/\/www.bananatreeshop.com\/pt\/wp-json\/wp\/v2\/media?parent=10413"}],"wp:term":[{"taxonomy":"product_brand","embeddable":true,"href":"https:\/\/www.bananatreeshop.com\/pt\/wp-json\/wp\/v2\/product_brand?post=10413"},{"taxonomy":"product_cat","embeddable":true,"href":"https:\/\/www.bananatreeshop.com\/pt\/wp-json\/wp\/v2\/product_cat?post=10413"},{"taxonomy":"product_tag","embeddable":true,"href":"https:\/\/www.bananatreeshop.com\/pt\/wp-json\/wp\/v2\/product_tag?post=10413"}],"curies":[{"name":"wp","href":"https:\/\/api.w.org\/{rel}","templated":true}]}}