{"id":10953,"date":"2025-07-18T14:01:44","date_gmt":"2025-07-18T14:01:44","guid":{"rendered":"https:\/\/www.bananatreeshop.com\/?post_type=product&#038;p=10953"},"modified":"2026-04-13T17:57:51","modified_gmt":"2026-04-13T17:57:51","slug":"fleshlight-vitality-training-unit","status":"publish","type":"product","link":"https:\/\/www.bananatreeshop.com\/pt\/produto\/fleshlight-vitality-training-unit\/","title":{"rendered":"FLESHLIGHT &#8211; UNIDAD DE ENTREAMIENTO DE VITALIDAD"},"content":{"rendered":"<p>Es el masturbador masculino m\u00e1s famoso y m\u00e1s vendido en todo el mundo, con medio mill\u00f3n de unidades vendidas y 10 a\u00f1os en el mercado adem\u00e1s de ser el \u00fanico producto que posee una patente para donar esperma en cl\u00ednicas de fertilizaci\u00f3n.<\/p>\n<p>La clave para durar en la cama y convertirse en el amante que cada mujer sue\u00f1a no es una crema, ni una p\u00edldora, ni una poci\u00f3n ..\u00a0Es la pr\u00e1ctica. El Fleshlight STU (Unidad de Entrenamiento de Vitalidad) es un juguete sexual para hombres dise\u00f1ado espec\u00edficamente para repetir la incre\u00edble sensaci\u00f3n de la relaci\u00f3n sexual con el fin de ayudarle a encontrar su ritmo y obtener un rendimiento sexual m\u00e1ximo.<\/p>\n<p>Cuando se masturba con el STU Fleshlight, no s\u00f3lo va a mejorar tus t\u00e9cnicas y resistencia sexual, usted experimentar\u00e1 los orgasmos intensos que s\u00f3lo puede lograrse mediante el uso de juguetes Fleshlight para los hombres.<\/p>\n<ul>\n<li>Si puede durar 10 minutos en la UTI, puede durar 20 minutos en la cama con su pareja.<\/li>\n<\/ul>\n<p>Tiene una suavidad incre\u00edble, es como si estuvieras introduciendo tu pene en una vagina real, de gran calidad y con un tama\u00f1o perfecto.<\/p>\n<p>Tiene un dise\u00f1o \u00fanico y exclusivo ya que cuando se ve cerrado nadie si imaginar\u00eda que eso pudiera ser un masturbador masculino.<\/p>\n<p>El recorrido interior del masturbador se adapta perfectamente al pene para alcanzar una mayor sensaci\u00f3n de placer. Adem\u00e1s su interior desprende un olor muy agradable a vainilla.<\/p>\n<ul>\n<li>Fleshlight\u00ae es 100% seguro y muy f\u00e1cil de utilizar y limpiar.<\/li>\n<li><span style=\"line-height: 16.6399993896484px;\">Se adapta a todos los tama\u00f1os de pene.<\/span><\/li>\n<\/ul>\n<p>Incluye una pr\u00e1ctica tapa, para poder guardarlo y protegerlo, una vez utilizado.<\/p>\n<p style=\"line-height: 16.6399993896484px;\"><span style=\"line-height: 16.6399993896484px;\">Usando Fleshlight\u00ae con frecuencia, fortalecer\u00e1s tus erecciones y aumentar\u00e1s la fortaleza del pene, debido al entrenamiento de los tejidos del miembro. Notar\u00e1s una mejora en pocos meses.<\/span><\/p>\n<p style=\"line-height: 16.6399993896484px;\">\u00a0<\/p>","protected":false},"excerpt":{"rendered":"<p>FLESHLIGHT &#8211; VITALITY TRAINING UNIT<\/p>","protected":false},"featured_media":89076,"comment_status":"open","ping_status":"closed","template":"","meta":{"_eb_attr":""},"product_brand":[],"product_cat":[1152,1217,1240,1445],"product_tag":[],"class_list":{"0":"post-10953","1":"product","2":"type-product","3":"status-publish","4":"has-post-thumbnail","6":"product_cat-juguetes-bienestar","7":"product_cat-juguetes-bienestar-juguetes-para-hombres","8":"product_cat-juguetes-bienestar-kits-juguetes-sexuales","9":"product_cat-juguetes-bienestar-juguetes-para-hombresvaginas-sin-vibracion","10":"yith_product_brand-fleshlight","12":"first","13":"instock","14":"taxable","15":"shipping-taxable","16":"purchasable","17":"product-type-simple"},"_links":{"self":[{"href":"https:\/\/www.bananatreeshop.com\/pt\/wp-json\/wp\/v2\/product\/10953","targetHints":{"allow":["GET"]}}],"collection":[{"href":"https:\/\/www.bananatreeshop.com\/pt\/wp-json\/wp\/v2\/product"}],"about":[{"href":"https:\/\/www.bananatreeshop.com\/pt\/wp-json\/wp\/v2\/types\/product"}],"replies":[{"embeddable":true,"href":"https:\/\/www.bananatreeshop.com\/pt\/wp-json\/wp\/v2\/comments?post=10953"}],"wp:featuredmedia":[{"embeddable":true,"href":"https:\/\/www.bananatreeshop.com\/pt\/wp-json\/wp\/v2\/media\/89076"}],"wp:attachment":[{"href":"https:\/\/www.bananatreeshop.com\/pt\/wp-json\/wp\/v2\/media?parent=10953"}],"wp:term":[{"taxonomy":"product_brand","embeddable":true,"href":"https:\/\/www.bananatreeshop.com\/pt\/wp-json\/wp\/v2\/product_brand?post=10953"},{"taxonomy":"product_cat","embeddable":true,"href":"https:\/\/www.bananatreeshop.com\/pt\/wp-json\/wp\/v2\/product_cat?post=10953"},{"taxonomy":"product_tag","embeddable":true,"href":"https:\/\/www.bananatreeshop.com\/pt\/wp-json\/wp\/v2\/product_tag?post=10953"}],"curies":[{"name":"wp","href":"https:\/\/api.w.org\/{rel}","templated":true}]}}