{"id":12734,"date":"2025-07-10T04:01:14","date_gmt":"2025-07-10T04:01:14","guid":{"rendered":"https:\/\/www.bananatreeshop.com\/?post_type=product&#038;p=12734"},"modified":"2026-04-17T02:00:51","modified_gmt":"2026-04-17T02:00:51","slug":"lelo-loki-black-prostatic-vibrator","status":"publish","type":"product","link":"https:\/\/www.bananatreeshop.com\/pt\/produto\/lelo-loki-black-prostatic-vibrator\/","title":{"rendered":"LELO &#8211; LOKI VIBRADOR PROST\u00c1TICO NEGRO"},"content":{"rendered":"<p style=\"line-height: 16.6399993896484px;\">Estamos encantados de anunciarte el lanzamiento de LOKI, un revolucionario masajeador de pr\u00f3stata para caballeros que valoran el placer \u00edntimo. Este objeto es un elegante masajeador para el Punto P cuyo dise\u00f1o compagina suntuosas curvas y grosor, con una potencia irresistible; una combinaci\u00f3n que ofrece los orgasmos m\u00e1s explosivos<\/p>\n<p style=\"line-height: 16.6399993896484px;\">. QU\u00c9 HACE IRRESISTIBLE A LOKITM? TIENE MUCHA POTENCIA Y GROSOR LOKI\u00a0es el m\u00e1s refinado y preciso masajeador de pr\u00f3stata: tan confortable como seguro, tan placentero como potente. En nuestra b\u00fasqueda por ofrecer las m\u00e1s satisfactorias experiencias, hemos pensado que LOKI\u00a0deb\u00eda ser un masajeador de tama\u00f1o mediano, y ligeramente m\u00e1s grueso que BILLY.<\/p>\n<p style=\"line-height: 16.6399993896484px;\">TE DAR\u00c1 MUCHO CONTROL Y M\u00c1S SEGURIDAD Desde su voluminosa punta, se estrecha c\u00f3moda y elegantemente hacia el cuello para obtener esa sensaci\u00f3n natural que todos deseamos. Adem\u00e1s, hemos agrandado y a\u00f1adido estimulaci\u00f3n externa a su aro de seguridad, para que el placer sea tan c\u00f3modo, como seguro. As\u00ed, todo queda dispuesto para que cada uno encuentre la intensidad perfecta a trav\u00e9s de sus 6 modos de vibraci\u00f3n.<\/p>\n<p style=\"line-height: 16.6399993896484px;\">OFRECER\u00c1S CARACTER\u00cdSTICAS DE LUJO PARA SE\u00d1ORES INTR\u00c9PIDOS LOKI\u00a0es 100% sumergible y completamente recargable por USB, para que los m\u00e1s sofisticados caballeros puedan deleitarse en sus viajes. No s\u00f3lo es f\u00e1cil de limpiar, sino que se puede usar a un metro de profundidad bajo el agua, por si en lugar de la rutinaria ducha se antoja un ba\u00f1o relajante.<\/p>\n<ul style=\"line-height: 16.6399993896484px;\">\n<li>LOKITM ofrece 6 modos de vibraci\u00f3n con una potencia extraordinaria, acompa\u00f1ada por un Elegant\u00edsimo dise\u00f1o. Un aro de seguridad m\u00e1s ancho que el resto de masajeadores de pr\u00f3stata que, adem\u00e1s, provee estimulaci\u00f3n externa.<\/li>\n<li>Es 100% sumergible y completamente recargable por \u00a0USB, perfecto para la ducha y el ba\u00f1o, o para llev\u00e1rtelo all\u00e1 donde quieras viajar.<\/li>\n<li>La silicona ultra suave conducir\u00e1 intensas y precisas vibraciones, directamente al punto del placer masculino, mientras su sencilla interfaz te permitir\u00e1 descubrir los que sin duda ser\u00e1n algunos de los \u00a0Orgasmos m\u00e1s explosivos de tu vida.<\/li>\n<\/ul>\n<p style=\"line-height: 16.6399993896484px;\">1 a\u00f1o de Garant\u00eda y 10 a\u00f1os de Garant\u00eda de calidad para tu total tranquilidad<\/p>\n<p style=\"line-height: 16.6399993896484px; text-align: center;\">\u00a0<\/p>","protected":false},"excerpt":{"rendered":"<p>LELO &#8211; LOKI BLACK PROSTATIC VIBRATOR<\/p>","protected":false},"featured_media":62286,"comment_status":"open","ping_status":"closed","template":"","meta":{"_eb_attr":""},"product_brand":[],"product_cat":[1159],"product_tag":[],"class_list":{"0":"post-12734","1":"product","2":"type-product","3":"status-publish","4":"has-post-thumbnail","6":"product_cat-juguetes-bienestar-vibradores","7":"yith_product_brand-lelo","9":"first","10":"instock","11":"taxable","12":"shipping-taxable","13":"purchasable","14":"product-type-simple"},"_links":{"self":[{"href":"https:\/\/www.bananatreeshop.com\/pt\/wp-json\/wp\/v2\/product\/12734","targetHints":{"allow":["GET"]}}],"collection":[{"href":"https:\/\/www.bananatreeshop.com\/pt\/wp-json\/wp\/v2\/product"}],"about":[{"href":"https:\/\/www.bananatreeshop.com\/pt\/wp-json\/wp\/v2\/types\/product"}],"replies":[{"embeddable":true,"href":"https:\/\/www.bananatreeshop.com\/pt\/wp-json\/wp\/v2\/comments?post=12734"}],"wp:featuredmedia":[{"embeddable":true,"href":"https:\/\/www.bananatreeshop.com\/pt\/wp-json\/wp\/v2\/media\/62286"}],"wp:attachment":[{"href":"https:\/\/www.bananatreeshop.com\/pt\/wp-json\/wp\/v2\/media?parent=12734"}],"wp:term":[{"taxonomy":"product_brand","embeddable":true,"href":"https:\/\/www.bananatreeshop.com\/pt\/wp-json\/wp\/v2\/product_brand?post=12734"},{"taxonomy":"product_cat","embeddable":true,"href":"https:\/\/www.bananatreeshop.com\/pt\/wp-json\/wp\/v2\/product_cat?post=12734"},{"taxonomy":"product_tag","embeddable":true,"href":"https:\/\/www.bananatreeshop.com\/pt\/wp-json\/wp\/v2\/product_tag?post=12734"}],"curies":[{"name":"wp","href":"https:\/\/api.w.org\/{rel}","templated":true}]}}