{"id":12735,"date":"2025-07-18T14:01:10","date_gmt":"2025-07-18T14:01:10","guid":{"rendered":"https:\/\/www.bananatreeshop.com\/?post_type=product&#038;p=12735"},"modified":"2026-04-05T04:37:17","modified_gmt":"2026-04-05T04:37:17","slug":"fleshlight-go-torque-ice-masturbator","status":"publish","type":"product","link":"https:\/\/www.bananatreeshop.com\/pt\/produto\/fleshlight-go-torque-ice-masturbator\/","title":{"rendered":"FLESHLIGHT &#8211; GO MASTURBADOR TORQUE ICE"},"content":{"rendered":"<p style=\"line-height: 16.6399993896484px;\">Es el masturbador masculino m\u00e1s famoso y m\u00e1s vendido en todo el mundo, con medio mill\u00f3n de unidades vendidas y 10 a\u00f1os en el mercado adem\u00e1s de ser el \u00fanico producto que posee una patente para donar esperma en cl\u00ednicas de fertilizaci\u00f3n.<\/p>\n<p style=\"line-height: 16.6399993896484px;\">La iniciaci\u00f3n ideal en la experiencia de Fleshlight, penetrando los suaves pliegues de nuestro material patentado Real Feel SuperSkin, y desliz\u00e1ndose a lo largo de la resistente aunque suave manga TORQUE, eleva la experiencia de la masturbaci\u00f3n a un nuevo y excitante nivel de satisfacci\u00f3n sexual sin igual.<\/p>\n<p style=\"line-height: 16.6399993896484px;\">El recorrido interior del masturbador se adapta perfectamente al pene para alcanzar una mayor sensaci\u00f3n de placer.<\/p>\n<p style=\"line-height: 16.6399993896484px;\">Fleshlight lanza la nueva textura TORQUE, mas relieve y m\u00e1s sensaci\u00f3n pertuberante.<\/p>\n<ul style=\"line-height: 16.6399993896484px;\">\n<li>Fleshlight\u00ae es 100% seguro y muy f\u00e1cil de utilizar y limpiar.<\/li>\n<\/ul>\n<p style=\"line-height: 16.6399993896484px;\">Modelado a partir de la anatom\u00eda femenina y disponible en color rosa claro,Fleshligh Go es el masturbador m\u00e1s compacto de fleshlight en este l\u00ednea, es el primer paso hacia el descubrimiento de por qu\u00e9 m\u00e1s de tres millones de hombres han elegido los productos Fleshlight para disfrutar los placeres de la masturbaci\u00f3n, solos o en pareja.<\/p>\n<p>Este dise\u00f1o \u00fanico y patentado incluye nuestra manga TORQUE<\/p>\n<p style=\"line-height: 16.6399993896484px;\">Fabricado para parecer una linterna com\u00fan, nuestro estuche Fleshlight es m\u00e1s que un discreto medio de almacenamiento, y proporciona dos importantes funciones adicionales: crear una presi\u00f3n en la manga durante el uso y permitir al usuario controlar la cantidad de succi\u00f3n experimentada, mediante el ajuste de la presi\u00f3n de la tapa del extremo.<\/p>\n<p style=\"line-height: 16.6399993896484px;\">La manga puede retirarse f\u00e1cilmente para su limpieza, y el dise\u00f1o del estuche es compatible con cualquiera de nuestras mangas Fleshlight.<\/p>\n<p style=\"line-height: 16.6399993896484px;\">Estos dos elementos, la manga \u00a0TORQUE y el estuche de pl\u00e1stico, se combinan para formar un dispositivo que es m\u00e1s una herramienta que un juguete sexual, proporcionando unos niveles de intensidad sin igual a trav\u00e9s de los cl\u00e1sicos m\u00e9todos para lograr la satisfacci\u00f3n sexual sin pareja.<\/p>\n<p style=\"line-height: 16.6399993896484px;\">Principales caracteristicas;<\/p>\n<ul style=\"line-height: 16.6399993896484px;\">\n<li>Material: SuperSkin<\/li>\n<li>Longitud: 17.78 cm\u00a0 ( El m\u00e1s compacto de su gama )<\/li>\n<li>Di\u00e1metro del canal: 2 cm<\/li>\n<li>Estuche transparente fleshlight\u00a0<\/li>\n<li>Orificio: New Fleshlight<\/li>\n<li>Textura: TORQUE\u00a0<\/li>\n<li>Incluye: Manga Fleshlight  Estuche Fleshlight<\/li>\n<li>Resistente al Agua: S\u00ed<\/li>\n<li>Lubricante: \u00daNICAMENTE a base de Agua<\/li>\n<\/ul>\n<p style=\"line-height: 16.6399993896484px;\">Con el mantenimiento adecuado, los productos Fleshlight pueden durar varios a\u00f1os.<\/p>\n<p style=\"line-height: 16.6399993896484px;\">Usando Fleshlight\u00ae con frecuencia, fortalecer\u00e1s tus erecciones y aumentar\u00e1s la fortaleza del pene, debido al entrenamiento de los tejidos del miembro. Notar\u00e1s una mejora en pocos meses.<\/p>\n<ul style=\"line-height: 16.6399993896484px;\">\n<li>Se adapta a todos los tama\u00f1os de pene.<\/li>\n<li>No compatible con V-STROKER<\/li>\n<\/ul>\n<p style=\"line-height: 16.6399993896484px;\">Incluye una pr\u00e1ctica tapa, para poder guardarlo y protegerlo, una vez utilizado.<\/p>\n<p style=\"line-height: 16.6399993896484px;\">\u00a0<\/p>","protected":false},"excerpt":{"rendered":"<p>FLESHLIGHT &#8211; GO TORQUE ICE MASTURBATOR<\/p>","protected":false},"featured_media":88986,"comment_status":"open","ping_status":"closed","template":"","meta":{"_eb_attr":""},"product_brand":[],"product_cat":[1152,1217,1443],"product_tag":[],"class_list":{"0":"post-12735","1":"product","2":"type-product","3":"status-publish","4":"has-post-thumbnail","6":"product_cat-juguetes-bienestar","7":"product_cat-juguetes-bienestar-juguetes-para-hombres","8":"product_cat-juguetes-bienestar-juguetes-para-hombresmasturbador-ano-sin-vibracion","9":"yith_product_brand-fleshlight","10":"yith_product_brand-fleshlightfleshlight-origin","12":"first","13":"instock","14":"taxable","15":"shipping-taxable","16":"purchasable","17":"product-type-simple"},"_links":{"self":[{"href":"https:\/\/www.bananatreeshop.com\/pt\/wp-json\/wp\/v2\/product\/12735","targetHints":{"allow":["GET"]}}],"collection":[{"href":"https:\/\/www.bananatreeshop.com\/pt\/wp-json\/wp\/v2\/product"}],"about":[{"href":"https:\/\/www.bananatreeshop.com\/pt\/wp-json\/wp\/v2\/types\/product"}],"replies":[{"embeddable":true,"href":"https:\/\/www.bananatreeshop.com\/pt\/wp-json\/wp\/v2\/comments?post=12735"}],"wp:featuredmedia":[{"embeddable":true,"href":"https:\/\/www.bananatreeshop.com\/pt\/wp-json\/wp\/v2\/media\/88986"}],"wp:attachment":[{"href":"https:\/\/www.bananatreeshop.com\/pt\/wp-json\/wp\/v2\/media?parent=12735"}],"wp:term":[{"taxonomy":"product_brand","embeddable":true,"href":"https:\/\/www.bananatreeshop.com\/pt\/wp-json\/wp\/v2\/product_brand?post=12735"},{"taxonomy":"product_cat","embeddable":true,"href":"https:\/\/www.bananatreeshop.com\/pt\/wp-json\/wp\/v2\/product_cat?post=12735"},{"taxonomy":"product_tag","embeddable":true,"href":"https:\/\/www.bananatreeshop.com\/pt\/wp-json\/wp\/v2\/product_tag?post=12735"}],"curies":[{"name":"wp","href":"https:\/\/api.w.org\/{rel}","templated":true}]}}