{"id":13116,"date":"2025-07-13T11:00:53","date_gmt":"2025-07-13T11:00:53","guid":{"rendered":"https:\/\/www.bananatreeshop.com\/?post_type=product&#038;p=13116"},"modified":"2026-04-19T04:02:51","modified_gmt":"2026-04-19T04:02:51","slug":"anal-fantasy-plug-anal-remote-control","status":"publish","type":"product","link":"https:\/\/www.bananatreeshop.com\/pt\/produto\/anal-fantasy-plug-anal-remote-control\/","title":{"rendered":"ANAL FANTASY &#8211; PLUG ANAL CONTROL REMOTO"},"content":{"rendered":"<p>Si nunca has probado el juego anal, el Remote Control Silicone Plug es justo lo que necesitas para explorar el maravilloso mundo de la estimulaci\u00f3n anal. El Remote Control Silicone Plug dispone de una forma c\u00f3nica que golpea el lugar correcto cuenta con una punta c\u00f3nica para facilitar la entrada, mientras que el motor silencioso proporciona vibraciones alucinantes directamente a su punto m\u00e1s sensible.<\/p>\n<p>Utiliza el mando a distancia inal\u00e1mbrico para alimentar el vibrador dentro y fuera. Pulsa el bot\u00f3n con el dibujo de las olas para recorrer sus veinte patrones de pulsaci\u00f3n \u00fanica. Usa los botones del mando a distancia para cambiar entre cuatro velocidades de gran alcance que te llevar\u00e1n desde una suave pulsaci\u00f3n a un torbellino de vibraci\u00f3n.<\/p>\n<ul>\n<li>La base asegura que no se deslice demasiado lejos en tu interior.<\/li>\n<\/ul>\n<p>Nuestra silicona Elite es libre de ftalatos, hipoalerg\u00e9nica, y se puede usar durante todo el d\u00eda para la diversi\u00f3n de larga duraci\u00f3n. La limpieza es una obligaci\u00f3n despu\u00e9s de la diversi\u00f3n con el Pipedream toy Cleaner y agua tibia.<\/p>\n<p>Alcanzar el orgasmo mediante la estimulaci\u00f3n anal es incre\u00edblemente excitante gracias a la alta concentraci\u00f3n de terminaciones nerviosas y nuestra Anal Fantasy Collection que incluye juguetes que estimulan a cada uno de esos nervios.<\/p>\n<ul>\n<li>Longitud insertable: 9,7 cm. Di\u00e1metro m\u00e1ximo: 4,1 cm<\/li>\n<\/ul>\n<p>Descubre el placer anal!<\/p>\n<p style=\"text-align: center;\">\u00a0<\/p>\n<p style=\"text-align: center;\"><iframe loading=\"lazy\" allowfullscreen=\"\" frameborder=\"0\" height=\"400\" mozallowfullscreen=\"\" src=\"https:\/\/player.vimeo.com\/video\/118537237\" webkitallowfullscreen=\"\" width=\"700\"><\/iframe><\/p>","protected":false},"excerpt":{"rendered":"<p>ANAL FANTASY &#8211; PLUG ANAL REMOTE CONTROL<\/p>","protected":false},"featured_media":74232,"comment_status":"open","ping_status":"closed","template":"","meta":{"_eb_attr":""},"product_brand":[],"product_cat":[1355,258,1377,1159,1161],"product_tag":[],"class_list":{"0":"post-13116","1":"product","2":"type-product","3":"status-publish","4":"has-post-thumbnail","6":"product_cat-bdsm-bondage-articulos-bdsm","7":"product_cat-bdsm-bondage","8":"product_cat-bdsm-bondage-articulos-bdsmplug-anal-bdsm","9":"product_cat-juguetes-bienestar-vibradores","10":"product_cat-juguetes-bienestar-vibradoresvibradores-control-remoto","11":"yith_product_brand-pipedreamsanal-fantasy-series","12":"yith_product_brand-pipedreams","14":"first","15":"instock","16":"taxable","17":"shipping-taxable","18":"purchasable","19":"product-type-simple"},"_links":{"self":[{"href":"https:\/\/www.bananatreeshop.com\/pt\/wp-json\/wp\/v2\/product\/13116","targetHints":{"allow":["GET"]}}],"collection":[{"href":"https:\/\/www.bananatreeshop.com\/pt\/wp-json\/wp\/v2\/product"}],"about":[{"href":"https:\/\/www.bananatreeshop.com\/pt\/wp-json\/wp\/v2\/types\/product"}],"replies":[{"embeddable":true,"href":"https:\/\/www.bananatreeshop.com\/pt\/wp-json\/wp\/v2\/comments?post=13116"}],"wp:featuredmedia":[{"embeddable":true,"href":"https:\/\/www.bananatreeshop.com\/pt\/wp-json\/wp\/v2\/media\/74232"}],"wp:attachment":[{"href":"https:\/\/www.bananatreeshop.com\/pt\/wp-json\/wp\/v2\/media?parent=13116"}],"wp:term":[{"taxonomy":"product_brand","embeddable":true,"href":"https:\/\/www.bananatreeshop.com\/pt\/wp-json\/wp\/v2\/product_brand?post=13116"},{"taxonomy":"product_cat","embeddable":true,"href":"https:\/\/www.bananatreeshop.com\/pt\/wp-json\/wp\/v2\/product_cat?post=13116"},{"taxonomy":"product_tag","embeddable":true,"href":"https:\/\/www.bananatreeshop.com\/pt\/wp-json\/wp\/v2\/product_tag?post=13116"}],"curies":[{"name":"wp","href":"https:\/\/api.w.org\/{rel}","templated":true}]}}