{"id":13776,"date":"2025-07-13T12:00:22","date_gmt":"2025-07-13T12:00:22","guid":{"rendered":"https:\/\/www.bananatreeshop.com\/?post_type=product&#038;p=13776"},"modified":"2026-04-02T11:03:40","modified_gmt":"2026-04-02T11:03:40","slug":"bijoux-magnifique-metal-chain-jewel-for-golden-waist","status":"publish","type":"product","link":"https:\/\/www.bananatreeshop.com\/pt\/produto\/bijoux-magnifique-metal-chain-jewel-for-golden-waist\/","title":{"rendered":"BIJOUX &#8211; MAGNIFIQUE JOYA DE CADENAS METLICAS PARA CINTURA DORADA"},"content":{"rendered":"<p>Peque\u00f1as cadenas doradas que despiertan la imaginaci\u00f3n de quien las lleva y las mira. Un complemento que a\u00f1ade un toque sensual a tu look, descubre fantas\u00edas secretas y despierta al deseo. \u00a1La seducci\u00f3n est\u00e1 presente en todo detalle! Contenido: Adorno para la cintura de cadenas met\u00e1lic<\/p>\n<p>\u00a0 \u00a0 \u00a0Dise\u00f1o inspirado en las sensuales bailarinas de los cabarets neoyorquinos, donde la seducci\u00f3n est\u00e1 presente en todo detalle.<\/p>\n<p>Comb\u00ednalo con un look de noche, lencer\u00eda, o, simplemente, con tu piel.<\/p>\n<ul>\n<li>\u00a1100% Ajustables! Las cadenas de este complemento son ajustables.<\/li>\n<li>\u00a1Juega sin problemas! No contiene n\u00edquel por lo que no causa reacciones al\u00e9rgicas.<\/li>\n<li>Dise\u00f1o exclusivo por Bijoux Indiscrets.<\/li>\n<\/ul>\n<p>\u00a1Conjunto de esc\u00e1ndalo! Usa tu complemento Magnifique con tu lencer\u00eda m\u00e1s sexy o tus pezoneras favoritas. \u00a0\u00a1La sensualidad sale a la calle! Complemento perfecto para a\u00f1adir un toque sensual a tu look.<\/p>\n<p>\u00a1M\u00e1s usos! Prueba este complemento como un fant\u00e1stico cintur\u00f3n o como un sugerente sost\u00e9n de cadenas doradas.<\/p>\n<p>Jugamos? El aspecto elegante de nuestros complementos enga\u00f1an, convi\u00e9rtelos en los instrumentos ideales en tus\u00a0momentos de pasi\u00f3n.<\/p>","protected":false},"excerpt":{"rendered":"<p>BIJOUX &#8211; MAGNIFIQUE METAL CHAIN JEWEL FOR GOLDEN WAIST<\/p>","protected":false},"featured_media":74402,"comment_status":"open","ping_status":"closed","template":"","meta":{"_eb_attr":""},"product_brand":[],"product_cat":[1380,1355,258,1381,1152,1225,1226,1368,1191,1265],"product_tag":[],"class_list":{"0":"post-13776","1":"product","2":"type-product","3":"status-publish","4":"has-post-thumbnail","6":"product_cat-moda-lencerialenceria-mujeraccesorios","7":"product_cat-bdsm-bondage-articulos-bdsm","8":"product_cat-bdsm-bondage","9":"product_cat-moda-lencerialenceria-mujeraccesoriosjoyeria-para-el-cuerpo","10":"product_cat-juguetes-bienestar","11":"product_cat-moda-lencerialenceria-mujer","12":"product_cat-moda-lencerialenceria-mujerlenceria-sexy","13":"product_cat-bdsm-bondage-articulos-bdsmmoda-bdsm","14":"product_cat-moda-lenceria","15":"product_cat-juguetes-bienestar-toys-fabricados-en-metal","16":"yith_product_brand-bijoux-indiscrets","17":"yith_product_brand-bijoux-indiscretsbijoux-magnifique","19":"first","20":"instock","21":"taxable","22":"shipping-taxable","23":"purchasable","24":"product-type-simple"},"_links":{"self":[{"href":"https:\/\/www.bananatreeshop.com\/pt\/wp-json\/wp\/v2\/product\/13776","targetHints":{"allow":["GET"]}}],"collection":[{"href":"https:\/\/www.bananatreeshop.com\/pt\/wp-json\/wp\/v2\/product"}],"about":[{"href":"https:\/\/www.bananatreeshop.com\/pt\/wp-json\/wp\/v2\/types\/product"}],"replies":[{"embeddable":true,"href":"https:\/\/www.bananatreeshop.com\/pt\/wp-json\/wp\/v2\/comments?post=13776"}],"wp:featuredmedia":[{"embeddable":true,"href":"https:\/\/www.bananatreeshop.com\/pt\/wp-json\/wp\/v2\/media\/74402"}],"wp:attachment":[{"href":"https:\/\/www.bananatreeshop.com\/pt\/wp-json\/wp\/v2\/media?parent=13776"}],"wp:term":[{"taxonomy":"product_brand","embeddable":true,"href":"https:\/\/www.bananatreeshop.com\/pt\/wp-json\/wp\/v2\/product_brand?post=13776"},{"taxonomy":"product_cat","embeddable":true,"href":"https:\/\/www.bananatreeshop.com\/pt\/wp-json\/wp\/v2\/product_cat?post=13776"},{"taxonomy":"product_tag","embeddable":true,"href":"https:\/\/www.bananatreeshop.com\/pt\/wp-json\/wp\/v2\/product_tag?post=13776"}],"curies":[{"name":"wp","href":"https:\/\/api.w.org\/{rel}","templated":true}]}}