{"id":15283,"date":"2025-07-09T05:01:45","date_gmt":"2025-07-09T05:01:45","guid":{"rendered":"https:\/\/www.bananatreeshop.com\/?post_type=product&#038;p=15283"},"modified":"2026-04-15T06:01:52","modified_gmt":"2026-04-15T06:01:52","slug":"fetish-fantasy-series-series-deluxe-vibrating-penetris-strap-on","status":"publish","type":"product","link":"https:\/\/www.bananatreeshop.com\/pt\/produto\/fetish-fantasy-series-series-deluxe-vibrating-penetris-strap-on\/","title":{"rendered":"FETISH FANTASY SERIES &#8211; SERIES DELUXE ARN\u00c9S VIBRADOR PENETRIS NEGRO"},"content":{"rendered":"<p>Consigue estimulaci\u00f3n sin manos y sexo cara a cara con el Deluxe Vibrating Penetrix Strap-On.<\/p>\n<p>Curvado en el \u00e1ngulo exacto, este doble dildo permanece dentro del que lo lleva puesto en cada embestida. El plug interno tiene el \u00e1ngulo exacto para alcanzar el punto G. La pretina es muy fina y completamente ajustable a la mayor\u00eda de tama\u00f1os.<\/p>\n<p>Consta adem\u00e1s de una bala con m\u00faltiples velocidades y muy potente que env\u00eda potentes vibraciones a trav\u00e9s de todo el eje. Elige una velocidad y bate a tu amante con sus incre\u00edbles y silenciones vibraciones.<\/p>\n<ul>\n<li>Longitud insertable del dildo: 19 cm<\/li>\n<li>Grosor del dildo: 5 cm<\/li>\n<li>Longitud insertable del plug: 12.7 cm<\/li>\n<li>Grosor del plug 3.3 cm<\/li>\n<\/ul>\n<p>Incluye antifaz de regalo.<\/p>\n<p>\u00a0<\/p>\n<p style=\"text-align: center;\"><iframe loading=\"lazy\" allowfullscreen=\"\" frameborder=\"0\" height=\"400\" mozallowfullscreen=\"\" src=\"https:\/\/player.vimeo.com\/video\/177443072\" webkitallowfullscreen=\"\" width=\"700\"><\/iframe><\/p>","protected":false},"excerpt":{"rendered":"<p>FETISH FANTASY SERIES &#8211; SERIES DELUXE VIBRATING PENETRIS STRAP-ON<\/p>","protected":false},"featured_media":57351,"comment_status":"open","ping_status":"closed","template":"","meta":{"_eb_attr":""},"product_brand":[],"product_cat":[1220,1223,1222,1152],"product_tag":[],"class_list":{"0":"post-15283","1":"product","2":"type-product","3":"status-publish","4":"has-post-thumbnail","6":"product_cat-juguetes-bienestar-arneses","7":"product_cat-juguetes-bienestar-arnesesarneses-con-vibracion","8":"product_cat-juguetes-bienestar-arnesesarneses-dobles","9":"product_cat-juguetes-bienestar","10":"yith_product_brand-pipedreamsfetish-fantasy-series","11":"yith_product_brand-pipedreams","13":"first","14":"instock","15":"taxable","16":"shipping-taxable","17":"purchasable","18":"product-type-simple"},"_links":{"self":[{"href":"https:\/\/www.bananatreeshop.com\/pt\/wp-json\/wp\/v2\/product\/15283","targetHints":{"allow":["GET"]}}],"collection":[{"href":"https:\/\/www.bananatreeshop.com\/pt\/wp-json\/wp\/v2\/product"}],"about":[{"href":"https:\/\/www.bananatreeshop.com\/pt\/wp-json\/wp\/v2\/types\/product"}],"replies":[{"embeddable":true,"href":"https:\/\/www.bananatreeshop.com\/pt\/wp-json\/wp\/v2\/comments?post=15283"}],"wp:featuredmedia":[{"embeddable":true,"href":"https:\/\/www.bananatreeshop.com\/pt\/wp-json\/wp\/v2\/media\/57351"}],"wp:attachment":[{"href":"https:\/\/www.bananatreeshop.com\/pt\/wp-json\/wp\/v2\/media?parent=15283"}],"wp:term":[{"taxonomy":"product_brand","embeddable":true,"href":"https:\/\/www.bananatreeshop.com\/pt\/wp-json\/wp\/v2\/product_brand?post=15283"},{"taxonomy":"product_cat","embeddable":true,"href":"https:\/\/www.bananatreeshop.com\/pt\/wp-json\/wp\/v2\/product_cat?post=15283"},{"taxonomy":"product_tag","embeddable":true,"href":"https:\/\/www.bananatreeshop.com\/pt\/wp-json\/wp\/v2\/product_tag?post=15283"}],"curies":[{"name":"wp","href":"https:\/\/api.w.org\/{rel}","templated":true}]}}