{"id":15734,"date":"2025-07-14T22:00:47","date_gmt":"2025-07-14T22:00:47","guid":{"rendered":"https:\/\/www.bananatreeshop.com\/?post_type=product&#038;p=15734"},"modified":"2026-04-03T05:03:48","modified_gmt":"2026-04-03T05:03:48","slug":"casmir-corset-ginger-s-m","status":"publish","type":"product","link":"https:\/\/www.bananatreeshop.com\/pt\/produto\/casmir-corset-ginger-s-m\/","title":{"rendered":"CASMIR &#8211; CORSET GINGER S\/M"},"content":{"rendered":"<div id=\"contenido_textos_avanzados_pestanyas\">\n<div class=\"pestanyaCliente descripcionLarga\" id=\"div_textos_avanzados_pestanyas_descripcion_larga\" itemprop=\"description\" style=\"display: ;\">\n<p style=\"line-height: 20.8px;\">Casmir es sinonimo de Alta Lenceria, cada prenda ha sido confeccionada con un riguroso control que da como resultado a una prenda exclusiva. Sientete \u00fanica con este increible Corset Ginger con liguero 100% confeccionado en Europa en color negro con detalles bordados completamente ajustado al cuerpo realzando la silueta de la mujer y potenciando tu sensualidad , este corset incluye cintas que se adaptan a tus medias favoritas ( no incluidas ) y un tanga a juego confeccionado en la misma tela. Con los Corsets de CASMIR sentir\u00e1s comfort y lujo, potenciar\u00e1s toda tu sensualidad, ser\u00e1s unica!\u00a0Esta pieza ha sido dise\u00f1ado y fabricado por\u00a0la prestigiosa marca<strong> CASMIR LINGERIE<\/strong><\/p>\n<ul style=\"line-height: 20.8px;\">\n<li>Talla S\/M<\/li>\n<li>Composici\u00f3n:\u00a020% Poliamida + 4% Elastano +76% Poliester<\/li>\n<li>Matching thong included<\/li>\n<\/ul>\n<p style=\"line-height: 20.8px;\">Abrir una caja de Casmir es una experiencia Luxury, con doble caja para garantizar la seguridad es una experiencia \u00fanica.<\/p>\n<p style=\"line-height: 20.8px;\">Pensado y dise\u00f1ado para la mujer actual y dinamica!<\/p>\n<p>A trav\u00e9s de <span style=\"color:0000cd;\"><strong>Casmir <\/strong><\/span>las mujeres, son invitadas a consolidar su autoestima, explorar su femeneidad, explotar su poder de sensualidad y seducci\u00f3n, provocando en base al juego<\/p>\n<table style=\"border: medium none; margin: 0px; padding: 0px; vertical-align: middle; outline: 0px; border-collapse: collapse; border-spacing: 0px; color: rgb(136, 136, 136); font-family: 'PT Sans Narrow', sans-serif; font-size: 20px; line-height: 22px; background-image: initial; background-attachment: initial; background-size: initial; background-origin: initial; background-clip: initial; background-position: initial; background-repeat: initial;\" width=\"100%\">\n<tbody style=\"border: 0px; margin: 0px; padding: 0px; vertical-align: baseline; outline: 0px; background: transparent;\">\n<tr style=\"border: 0px; margin: 0px; padding: 0px; vertical-align: baseline; outline: 0px; background: transparent;\">\n<td style=\"border: 0px; margin: 0px; padding: 5px 10px; vertical-align: baseline; outline: 0px; text-align: center; background: transparent;\"><b style=\"border: 0px; margin: 0px; padding: 0px; vertical-align: baseline; outline: 0px; background: transparent;\">\u00a0\u00a0 \u00a0 \u00a0 \u00a0 \u00a0 \u00a0 \u00a0 \u00a0 \u00a0 \u00a0 \u00a0 \u00a0 \u00a0 \u00a0 \u00a0 \u00a0 \u00a0\u00a0 <\/b><\/td>\n<td style=\"border: 0px; margin: 0px; padding: 5px 10px; vertical-align: baseline; outline: 0px; text-align: center; background: transparent;\">\u00a0<\/td>\n<td style=\"border: 0px; margin: 0px; padding: 5px 10px; vertical-align: baseline; outline: 0px; text-align: center; background: transparent;\">\u00a0<\/td>\n<\/tr>\n<\/tbody>\n<\/table>\n<p style=\"line-height: 20.8px; text-align: center;\"><img decoding=\"async\" alt=\"\" src=\"https:\/\/store.dreamlove.es\/UserFiles\/images\/PASIOM.png\" style=\"width: 512px; height: 167px;\" \/><\/p>\n<\/div>\n<\/div>","protected":false},"excerpt":{"rendered":"<p>CASMIR &#8211; CORSET GINGER S\/M<\/p>","protected":false},"featured_media":79029,"comment_status":"open","ping_status":"closed","template":"","meta":{"_eb_attr":""},"product_brand":[],"product_cat":[1409,1225,1386,1226,1191,1410],"product_tag":[],"class_list":{"0":"post-15734","1":"product","2":"type-product","3":"status-publish","4":"has-post-thumbnail","6":"product_cat-moda-lencerialenceria-mujerlenceria-picantecorsets","7":"product_cat-moda-lencerialenceria-mujer","8":"product_cat-moda-lencerialenceria-mujerlenceria-picante","9":"product_cat-moda-lencerialenceria-mujerlenceria-sexy","10":"product_cat-moda-lenceria","11":"product_cat-moda-lencerialenceria-mujerlenceria-picantesets-con-liguero","12":"yith_product_brand-casmir","14":"first","15":"instock","16":"taxable","17":"shipping-taxable","18":"purchasable","19":"product-type-simple"},"_links":{"self":[{"href":"https:\/\/www.bananatreeshop.com\/pt\/wp-json\/wp\/v2\/product\/15734","targetHints":{"allow":["GET"]}}],"collection":[{"href":"https:\/\/www.bananatreeshop.com\/pt\/wp-json\/wp\/v2\/product"}],"about":[{"href":"https:\/\/www.bananatreeshop.com\/pt\/wp-json\/wp\/v2\/types\/product"}],"replies":[{"embeddable":true,"href":"https:\/\/www.bananatreeshop.com\/pt\/wp-json\/wp\/v2\/comments?post=15734"}],"wp:featuredmedia":[{"embeddable":true,"href":"https:\/\/www.bananatreeshop.com\/pt\/wp-json\/wp\/v2\/media\/79029"}],"wp:attachment":[{"href":"https:\/\/www.bananatreeshop.com\/pt\/wp-json\/wp\/v2\/media?parent=15734"}],"wp:term":[{"taxonomy":"product_brand","embeddable":true,"href":"https:\/\/www.bananatreeshop.com\/pt\/wp-json\/wp\/v2\/product_brand?post=15734"},{"taxonomy":"product_cat","embeddable":true,"href":"https:\/\/www.bananatreeshop.com\/pt\/wp-json\/wp\/v2\/product_cat?post=15734"},{"taxonomy":"product_tag","embeddable":true,"href":"https:\/\/www.bananatreeshop.com\/pt\/wp-json\/wp\/v2\/product_tag?post=15734"}],"curies":[{"name":"wp","href":"https:\/\/api.w.org\/{rel}","templated":true}]}}