{"id":15865,"date":"2025-07-08T20:01:53","date_gmt":"2025-07-08T20:01:53","guid":{"rendered":"https:\/\/www.bananatreeshop.com\/?post_type=product&#038;p=15865"},"modified":"2026-04-06T01:02:22","modified_gmt":"2026-04-06T01:02:22","slug":"eros-art-natural-tantric-massage-oil-and-chocolate-aphrodisiac-100-ml","status":"publish","type":"product","link":"https:\/\/www.bananatreeshop.com\/pt\/produto\/eros-art-natural-tantric-massage-oil-and-chocolate-aphrodisiac-100-ml\/","title":{"rendered":"EROS-ART &#8211; ACEITE MASAJE T\u00c1NTRICO NATURAL Y AFRODIS\u00cdACO CHOCOLATE 100 ML"},"content":{"rendered":"<p>El <strong>aceite t\u00e1ntrico con aroma de chocolate<\/strong> es una combinaci\u00f3n de aceites vegetales: Glycine soja, Prunus amygdalus dulcis oil y Prunus persica kernel oil enriquecidos con Muira Puama y Epimedium.<\/p>\n<p>El masaje t\u00e1ntrico busca la conexi\u00f3n entre el cuerpo, la mente y el esp\u00edritu. El masaje t\u00e1ntrico aumenta la sensibilidad de las zonas er\u00f3genas de todo el cuerpo, permitiendo experimentar placeres a niveles m\u00e1s profundos y sutiles.<br \/>Con el masaje t\u00e1ntrico, la relajaci\u00f3n y el bienestar logran despertar y liberar los bloqueos sexuales, fomentando una actitud positiva que mejora la funci\u00f3n de la energ\u00eda sexual. Esto aumenta la libido y la sensibilidad de las zonas er\u00f3genas, intensificando nuevas sensaciones de placer y logrando as\u00ed orgasmos m\u00e1s intensos, profundos y prolongados.<\/p>\n<p>Envase de 100 ml.<\/p>\n<p><u><strong>Breve historia de los componentes:<\/strong><\/u><\/p>\n<ul>\n<li><u>Prunus persica kernel oil<\/u>: El melocot\u00f3n, Prunus persica, procede de un \u00e1rbol que originariamente se cultivaba en China y en Asia. El aceite de melocot\u00f3n penetra f\u00e1cilmente en la epidermis, proporcionando una hidrataci\u00f3n profunda y un efecto de tersura visible, gracias a la vitamina E que contiene. Adem\u00e1s aporta propiedades suavizantes, flexibilizantes y regenerantes que frenan los efectos del envejecimiento prematuro.<\/li>\n<li><u>Prunus amygdalus dulcis oil<\/u>: Conocido como aceite de almendras dulces, tiene propiedades hidratantes. Es rico en \u00e1cidos grasos esenciales, vitamina E, vitamina A y minerales, nutre y revitaliza la piel.<\/li>\n<li><u>Glycine soja oil:<\/u> Es un ingrediente que ofrece beneficios para la piel, la mantiene humeda y suave. Contiene vitamina E (tocoferoles) y otros antioxidantes, que protegen la piel de los da\u00f1os causados por los radicales libres y combaten el envejecimiento prematuro, reduciendo la aparici\u00f3n de arrugas y l\u00edneas finas.<\/li>\n<li><u>Muira Puama<\/u>: (Ptychopetalum olacoides) Arbusto que crece en el \u00e1rea del Amazonas brasile\u00f1o. Existen dos variedades, el P. Olacoides, que contiene un alto nivel de lupeol, y el brasile\u00f1o, considerado con un alto poder afrodis\u00edaco. Los efectos de esta planta incluyen el aumento de la libido, sensaciones placenteras en la piel y propiedades tonificantes.<\/li>\n<li><u>Epimedium Grandiflorum:<\/u> Esta planta crece en Asia y ha sido tradicionalmente utilizada para aumentar el nivel del deseo y aportar componentes afrodis\u00edacos naturales.<\/li>\n<li><u>Chocolate aroma<\/u>: es c\u00e1lido, dulce y reconfortante, lo que puede estimular los sentidos y crear un ambiente propicio para la intimidad y la conexi\u00f3n emocional. El aroma de chocolate ha sido hist\u00f3ricamente asociado con el romance y la sensualidad.<\/li>\n<\/ul>","protected":false},"excerpt":{"rendered":"<p>EROS-ART &#8211; NATURAL TANTRIC MASSAGE OIL AND CHOCOLATE APHRODISIAC 100 ML<\/p>","protected":false},"featured_media":54702,"comment_status":"open","ping_status":"closed","template":"","meta":{"_eb_attr":""},"product_brand":[],"product_cat":[1168,1163,1167],"product_tag":[],"class_list":{"0":"post-15865","1":"product","2":"type-product","3":"status-publish","4":"has-post-thumbnail","6":"product_cat-drogueria-para-masajesaceites-con-sabores","7":"product_cat-drogueria","8":"product_cat-drogueria-para-masajes","9":"yith_product_brand-eros-art","11":"first","12":"instock","13":"taxable","14":"shipping-taxable","15":"purchasable","16":"product-type-simple"},"_links":{"self":[{"href":"https:\/\/www.bananatreeshop.com\/pt\/wp-json\/wp\/v2\/product\/15865","targetHints":{"allow":["GET"]}}],"collection":[{"href":"https:\/\/www.bananatreeshop.com\/pt\/wp-json\/wp\/v2\/product"}],"about":[{"href":"https:\/\/www.bananatreeshop.com\/pt\/wp-json\/wp\/v2\/types\/product"}],"replies":[{"embeddable":true,"href":"https:\/\/www.bananatreeshop.com\/pt\/wp-json\/wp\/v2\/comments?post=15865"}],"wp:featuredmedia":[{"embeddable":true,"href":"https:\/\/www.bananatreeshop.com\/pt\/wp-json\/wp\/v2\/media\/54702"}],"wp:attachment":[{"href":"https:\/\/www.bananatreeshop.com\/pt\/wp-json\/wp\/v2\/media?parent=15865"}],"wp:term":[{"taxonomy":"product_brand","embeddable":true,"href":"https:\/\/www.bananatreeshop.com\/pt\/wp-json\/wp\/v2\/product_brand?post=15865"},{"taxonomy":"product_cat","embeddable":true,"href":"https:\/\/www.bananatreeshop.com\/pt\/wp-json\/wp\/v2\/product_cat?post=15865"},{"taxonomy":"product_tag","embeddable":true,"href":"https:\/\/www.bananatreeshop.com\/pt\/wp-json\/wp\/v2\/product_tag?post=15865"}],"curies":[{"name":"wp","href":"https:\/\/api.w.org\/{rel}","templated":true}]}}