{"id":16192,"date":"2025-07-17T22:00:30","date_gmt":"2025-07-17T22:00:30","guid":{"rendered":"https:\/\/www.bananatreeshop.com\/?post_type=product&#038;p=16192"},"modified":"2026-04-04T07:04:18","modified_gmt":"2026-04-04T07:04:18","slug":"tentacion-synthetic-pheromones-identical-human-straight-ella-30-ml","status":"publish","type":"product","link":"https:\/\/www.bananatreeshop.com\/pt\/produto\/tentacion-synthetic-pheromones-identical-human-straight-ella-30-ml\/","title":{"rendered":"TENTACION &#8211; FEROMONAS SINTENTICAS IDENTICAS HUMANAS HETERO ELLA 30 ML"},"content":{"rendered":"<p style=\"line-height: 20.8px;\">Las feromonas son sustancias qu\u00edmicas producidas por nuestro cuerpo de manera natural y que deposita sobre nuestra piel a trav\u00e9s del sudor.. Cada individuo deja un rastro qu\u00edmico debido a estas feromonas que estimula los receptores olfativos de los dem\u00e1s aunque no son percibidas conscientemente ya que no tienen olor o este es muy suave, por ello se conocen tambi\u00e9n como las hormonas del \u201csexto sentido\u201d.<\/p>\n<p style=\"line-height: 20.8px;\">Act\u00faan como mensajeros qu\u00edmicos que nos transmiten informaci\u00f3n sobre la persona, como temperamento, apetencia sexual , etc.., dicha informaci\u00f3n viaja hasta el hipot\u00e1lamo y este desencadena una respuesta instintiva de atracci\u00f3n o rechazo. Estudios cient\u00edficos han demostrado que esta respuesta es predecible y repetitiva constituyendo una verdadera atracci\u00f3n qu\u00edmica.<\/p>\n<p style=\"line-height: 20.8px;\">Las feromonas no son pociones m\u00e1gicas que al aplicarlas nos convierten en todopoderosos dominadores de las voluntades ajenas, pero si que pueden reforzar nuestro rastro qu\u00edmico para hacernos m\u00e1s \u201catractivos\u201d.<\/p>\n<p style=\"line-height: 20.8px;\">Nuestras feromonas han sido creadas por s\u00edntesis en reputados laboratorios de Reino Unido y USA y no han sido extra\u00eddas ni probadas en animales, su grado de pureza en forma cristalina \u00a0es el m\u00e1s elevado del mercado, alrededor de un 98%.<\/p>\n<p style=\"line-height: 20.8px;\">Esta sustancia cristalina se diluye en un portador inocuo (triglic\u00e9rido natural) para adecuar su concentraci\u00f3n a la que las encontramos en nuestro sudor. Nuestro producto est\u00e1 dise\u00f1ado en base a combinaciones sin\u00e9rgicas de diferentes feromonas y teniendo en cuenta el sexo del portador y el del receptor.<\/p>\n<p style=\"line-height: 20.8px;\">Algunas de las sustancias con las que trabajamos son<\/p>\n<ul style=\"line-height: 20.8px;\">\n<li><span style=\"line-height: 20.8px;\">Androstanona\u00a0<\/span><\/li>\n<li>Alpha- androstenol<\/li>\n<li>Beta-androstenol<\/li>\n<li>\u00a0DHEPA-SS<\/li>\n<li>\u00a0Androstadienol, etc.<\/li>\n<\/ul>\n<p style=\"line-height: 20.8px;\">Feromonas para atraccion de Mujer a Hombre<\/p>","protected":false},"excerpt":{"rendered":"<p>TENTACION &#8211; SYNTHETIC PHEROMONES IDENTICAL HUMAN STRAIGHT ELLA 30 ML<\/p>","protected":false},"featured_media":86651,"comment_status":"open","ping_status":"closed","template":"","meta":{"_eb_attr":""},"product_brand":[],"product_cat":[1163,1164,1399],"product_tag":[],"class_list":{"0":"post-16192","1":"product","2":"type-product","3":"status-publish","4":"has-post-thumbnail","6":"product_cat-drogueria","7":"product_cat-drogueria-perfumes","8":"product_cat-drogueria-perfumes-perfumes-feromonas-femeninas","9":"yith_product_brand-tentacion","11":"first","12":"instock","13":"taxable","14":"shipping-taxable","15":"purchasable","16":"product-type-simple"},"_links":{"self":[{"href":"https:\/\/www.bananatreeshop.com\/pt\/wp-json\/wp\/v2\/product\/16192","targetHints":{"allow":["GET"]}}],"collection":[{"href":"https:\/\/www.bananatreeshop.com\/pt\/wp-json\/wp\/v2\/product"}],"about":[{"href":"https:\/\/www.bananatreeshop.com\/pt\/wp-json\/wp\/v2\/types\/product"}],"replies":[{"embeddable":true,"href":"https:\/\/www.bananatreeshop.com\/pt\/wp-json\/wp\/v2\/comments?post=16192"}],"wp:featuredmedia":[{"embeddable":true,"href":"https:\/\/www.bananatreeshop.com\/pt\/wp-json\/wp\/v2\/media\/86651"}],"wp:attachment":[{"href":"https:\/\/www.bananatreeshop.com\/pt\/wp-json\/wp\/v2\/media?parent=16192"}],"wp:term":[{"taxonomy":"product_brand","embeddable":true,"href":"https:\/\/www.bananatreeshop.com\/pt\/wp-json\/wp\/v2\/product_brand?post=16192"},{"taxonomy":"product_cat","embeddable":true,"href":"https:\/\/www.bananatreeshop.com\/pt\/wp-json\/wp\/v2\/product_cat?post=16192"},{"taxonomy":"product_tag","embeddable":true,"href":"https:\/\/www.bananatreeshop.com\/pt\/wp-json\/wp\/v2\/product_tag?post=16192"}],"curies":[{"name":"wp","href":"https:\/\/api.w.org\/{rel}","templated":true}]}}