{"id":16660,"date":"2025-07-09T13:01:23","date_gmt":"2025-07-09T13:01:23","guid":{"rendered":"https:\/\/www.bananatreeshop.com\/?post_type=product&#038;p=16660"},"modified":"2026-04-12T07:48:52","modified_gmt":"2026-04-12T07:48:52","slug":"king-cock-25-5-cm-vibrating-cock-with-balls-flesh","status":"publish","type":"product","link":"https:\/\/www.bananatreeshop.com\/pt\/produto\/king-cock-25-5-cm-vibrating-cock-with-balls-flesh\/","title":{"rendered":"KING COCK &#8211; DILDO VIBRADOR CON TEST\u00cdCULOS 25.5 CM COLOR NATURAL"},"content":{"rendered":"<p style=\"line-height: 20.8px;\">Poco despu\u00e9s del lanzamiento de la marca en Enero de 2015, King Cock ya estaba reconocida por su enorme calidad y el realismo de sus productos, fabricados en goma americana.<\/p>\n<p style=\"line-height: 20.8px;\">Hasta llegar a lo mas alto, el m\u00e9todo ha sido sencillo: se ha creado un producto de origen americano a un precio mas que asequible y se ha sido capaz de producir de tal forma que siempre hubiera unidades en stock.<\/p>\n<p style=\"line-height: 20.8px;\">Pipedreams tiene la capacidad y las infraestructuras necesarias para producir mas de 10000 unidades diarias y con socios distribuidores por todo el mundo.<\/p>\n<p style=\"line-height: 20.8px;\">Los nuevos dildos vibradores de King Cock son los vibradores mas realistas del mundo. Cada vena, cada detalle y la posibilidad de poder moldear el eje a tu gusto har\u00e1n que vivas la mas realista y mejor de las experiencias. Contornealo a tu gusto y deja que te batan las vibraciones de su potente motor.<\/p>\n<p style=\"line-height: 20.8px;\">Adem\u00e1s incorpora una fuerte ventosa para que lo adaptes a cualquier superficie plana o a los arneses King Cock compatibles y son resistentes al agua con lo que podr\u00e1s usarlos tambi\u00e9n en la ducha o spa y convertir el tiempo del ba\u00f1o en un tiempo de placer<\/p>\n<ul style=\"line-height: 20.8px;\">\n<li>Libre de ftalatos<\/li>\n<li>Multivelocidad<\/li>\n<li>Sumergible<\/li>\n<li>Longitud: 25.5\u00a0cm<\/li>\n<li>Pilas: 3AAA (No inclu\u00eddas)<\/li>\n<li>Color: Carne<\/li>\n<\/ul>","protected":false},"excerpt":{"rendered":"<p>KING COCK &#8211; 25.5 CM VIBRATING COCK WITH BALLS FLESH<\/p>","protected":false},"featured_media":58405,"comment_status":"open","ping_status":"closed","template":"","meta":{"_eb_attr":""},"product_brand":[],"product_cat":[1152,1159,1233],"product_tag":[],"class_list":{"0":"post-16660","1":"product","2":"type-product","3":"status-publish","4":"has-post-thumbnail","6":"product_cat-juguetes-bienestar","7":"product_cat-juguetes-bienestar-vibradores","8":"product_cat-juguetes-bienestar-vibradoresvibradores-realisticos","9":"yith_product_brand-pipedreamsking-cock","10":"yith_product_brand-pipedreams","12":"first","13":"instock","14":"taxable","15":"shipping-taxable","16":"purchasable","17":"product-type-simple"},"_links":{"self":[{"href":"https:\/\/www.bananatreeshop.com\/pt\/wp-json\/wp\/v2\/product\/16660","targetHints":{"allow":["GET"]}}],"collection":[{"href":"https:\/\/www.bananatreeshop.com\/pt\/wp-json\/wp\/v2\/product"}],"about":[{"href":"https:\/\/www.bananatreeshop.com\/pt\/wp-json\/wp\/v2\/types\/product"}],"replies":[{"embeddable":true,"href":"https:\/\/www.bananatreeshop.com\/pt\/wp-json\/wp\/v2\/comments?post=16660"}],"wp:featuredmedia":[{"embeddable":true,"href":"https:\/\/www.bananatreeshop.com\/pt\/wp-json\/wp\/v2\/media\/58405"}],"wp:attachment":[{"href":"https:\/\/www.bananatreeshop.com\/pt\/wp-json\/wp\/v2\/media?parent=16660"}],"wp:term":[{"taxonomy":"product_brand","embeddable":true,"href":"https:\/\/www.bananatreeshop.com\/pt\/wp-json\/wp\/v2\/product_brand?post=16660"},{"taxonomy":"product_cat","embeddable":true,"href":"https:\/\/www.bananatreeshop.com\/pt\/wp-json\/wp\/v2\/product_cat?post=16660"},{"taxonomy":"product_tag","embeddable":true,"href":"https:\/\/www.bananatreeshop.com\/pt\/wp-json\/wp\/v2\/product_tag?post=16660"}],"curies":[{"name":"wp","href":"https:\/\/api.w.org\/{rel}","templated":true}]}}