{"id":16712,"date":"2025-07-17T01:01:22","date_gmt":"2025-07-17T01:01:22","guid":{"rendered":"https:\/\/www.bananatreeshop.com\/?post_type=product&#038;p=16712"},"modified":"2026-04-15T23:12:11","modified_gmt":"2026-04-15T23:12:11","slug":"rocks-off-anal-plug-with-vibration-and-riverles-petite-sensations-pearls","status":"publish","type":"product","link":"https:\/\/www.bananatreeshop.com\/pt\/produto\/rocks-off-anal-plug-with-vibration-and-riverles-petite-sensations-pearls\/","title":{"rendered":"ROCKS-OFF &#8211; PLUG ANAL CON VIBRACI\u00d3N Y ONDULACIONES PETITE SENSATIONS PEARLS"},"content":{"rendered":"<p>Int\u00e9ntalo con el Petite sensations Pearls para sentir absoluto placer seas principiante o experto en los juegos anales.<\/p>\n<p>Esp\u00e9rate a sentir un inmenso placer cuando lo deslices y sientas cada una de las ondulaciones. Sus potentes vibraciones ir\u00e1n desde la base hasta la punta d\u00e1ndote placer entre las nalgas y por todo tu cuerpo<\/p>\n<p>Elige entre las 3 distintas velocidades y 4 pulsaciones hasta encontrar la combinaci\u00f3n perfecta que te llevar\u00e1 a un estado de pura dicha.<\/p>\n<p>Es de silicona ultra suave aterciopelada muy agradable al tacto. Su bala vibradora es extra\u00edble y su dise\u00f1o de silicona son 100% sumergibles as\u00ed que puedes disfrutar de \u00e9l en el ba\u00f1o o en la ducha. Ambos son f\u00e1ciles de usar con agua templada y un poco de jab\u00f3n<\/p>\n<p>\u00a1Descubre el placer del juego anal con el Petite Sensations Pearls!<\/p>\n<ul>\n<li>Consejo: Rel\u00e1jate y ve a tu propio ritmo. Masajea un poco el \u00e1rea antes de introducirlo.<\/li>\n<\/ul>\n<p>Caracter\u00edsticas<\/p>\n<ul>\n<li>Peque\u00f1o tama\u00f1o. Ideal para principiantes en juegos anales.<\/li>\n<li>Silicona ultra suave.<\/li>\n<li>3 velocidades de vibraci\u00f3n y 4 patrones de distintas sensaciones.<\/li>\n<li>100% sumergible<\/li>\n<li>Bater\u00eda incluida.<\/li>\n<\/ul>\n<p>\u00a0<\/p>","protected":false},"excerpt":{"rendered":"<p>ROCKS-OFF &#8211; ANAL PLUG WITH VIBRATION AND RIVERLES PETITE SENSATIONS PEARLS<\/p>","protected":false},"featured_media":84758,"comment_status":"open","ping_status":"closed","template":"","meta":{"_eb_attr":""},"product_brand":[],"product_cat":[1160,1157,1355,1437,1438,1255,258,1152,1153,1377,1159,1245],"product_tag":[],"class_list":{"0":"post-16712","1":"product","2":"type-product","3":"status-publish","4":"has-post-thumbnail","6":"product_cat-juguetes-bienestar-vibradores100-sumergible","7":"product_cat-juguetes-bienestar-anal","8":"product_cat-bdsm-bondage-articulos-bdsm","9":"product_cat-juguetes-bienestar-juguetes-para-mujeresbolas-chinasbolas-anales","10":"product_cat-juguetes-bienestar-analbolas-anales","11":"product_cat-juguetes-bienestar-juguetes-para-mujeresbolas-chinas","12":"product_cat-bdsm-bondage","13":"product_cat-juguetes-bienestar","14":"product_cat-juguetes-bienestar-juguetes-para-mujeres","15":"product_cat-bdsm-bondage-articulos-bdsmplug-anal-bdsm","16":"product_cat-juguetes-bienestar-vibradores","17":"product_cat-juguetes-bienestar-analvibradores-anales","18":"yith_product_brand-rocks-off","20":"first","21":"instock","22":"taxable","23":"shipping-taxable","24":"purchasable","25":"product-type-simple"},"_links":{"self":[{"href":"https:\/\/www.bananatreeshop.com\/pt\/wp-json\/wp\/v2\/product\/16712","targetHints":{"allow":["GET"]}}],"collection":[{"href":"https:\/\/www.bananatreeshop.com\/pt\/wp-json\/wp\/v2\/product"}],"about":[{"href":"https:\/\/www.bananatreeshop.com\/pt\/wp-json\/wp\/v2\/types\/product"}],"replies":[{"embeddable":true,"href":"https:\/\/www.bananatreeshop.com\/pt\/wp-json\/wp\/v2\/comments?post=16712"}],"wp:featuredmedia":[{"embeddable":true,"href":"https:\/\/www.bananatreeshop.com\/pt\/wp-json\/wp\/v2\/media\/84758"}],"wp:attachment":[{"href":"https:\/\/www.bananatreeshop.com\/pt\/wp-json\/wp\/v2\/media?parent=16712"}],"wp:term":[{"taxonomy":"product_brand","embeddable":true,"href":"https:\/\/www.bananatreeshop.com\/pt\/wp-json\/wp\/v2\/product_brand?post=16712"},{"taxonomy":"product_cat","embeddable":true,"href":"https:\/\/www.bananatreeshop.com\/pt\/wp-json\/wp\/v2\/product_cat?post=16712"},{"taxonomy":"product_tag","embeddable":true,"href":"https:\/\/www.bananatreeshop.com\/pt\/wp-json\/wp\/v2\/product_tag?post=16712"}],"curies":[{"name":"wp","href":"https:\/\/api.w.org\/{rel}","templated":true}]}}