{"id":16835,"date":"2025-07-08T17:00:28","date_gmt":"2025-07-08T17:00:28","guid":{"rendered":"https:\/\/www.bananatreeshop.com\/?post_type=product&#038;p=16835"},"modified":"2026-04-16T05:17:50","modified_gmt":"2026-04-16T05:17:50","slug":"fetish-fantasy-extreme-international-sex-machine","status":"publish","type":"product","link":"https:\/\/www.bananatreeshop.com\/pt\/produto\/fetish-fantasy-extreme-international-sex-machine\/","title":{"rendered":"FETISH FANTASY EXTREME &#8211; MAQUINA SEXUAL INTERNACIONAL"},"content":{"rendered":"<p>Si est\u00e1s buscando una m\u00e1quina sexual para tus viajes que puedas usar en cualquier enchufe del mundo, la maquina sexual internacional de la serie Fetish fantasy es la indicada. Al contrario que las enormes y pesadas resto de las m\u00e1quinas, este estimulador port\u00e1til se adapta perfectamente a tu equipaje y lleva un adaptador universal para usarlo sin problemas en cualquier pa\u00eds.<\/p>\n<p>No dejes que su peque\u00f1o tama\u00f1o te enga\u00f1e  esta m\u00e1quina es lo \u00faltimo en m\u00e1quinas sexuales. Tiene 4 ventosas super fuertes para adherirlas y que no se mueva, dos dildos intercambiables, un masturbador masculino con forma de vagina\u00a0libres de ftalato,\u00a0dos pies de velcro, una c\u00f3moda asa de transporte y un potente plug vibrador alimentado por USB que a su vez sirve como mando de la m\u00e1quina, siendo perfecto para estimulaci\u00f3n tanto interna como externa,<\/p>\n<p>Est\u00e1 fabricado en los EEUU e incluye un adaptador universal que hace que puedas usar la m\u00e1quina en Europa, Reino Unido, China, Jap\u00f3n, Mejico, Am\u00e9rica del Sur y Australia. Esta m\u00e1quina funciona entre los 100 y los 240 V as\u00ed que podr\u00e1s usarla discretamente donde quieras que vayas con total discreci\u00f3n y sin preocuparte sobre la compatibilidad de carga y portabilidad.<\/p>\n<p>Las suaves y r\u00edtmicas abatidas del eje est\u00e1 impulsado por un pist\u00f3n de alta potencia y programado para dar en el punto exacto siempre. A diferencia de las otras m\u00e1quinas del mercado, tiene un par de pies \u00a0de velcro ajustables que permitir\u00e1 a los usuarios acercar la m\u00e1quina a sus cuerpos y no tener usar las manos. Adem\u00e1s, con su asa de transporte y sus ventosas la convierten en s\u00faper vers\u00e1til d\u00e1ndote multitud de formas y posibilidades para usarla.<\/p>\n<p>El plug USB es un accesorio 2 en 1 pues combina estimulaci\u00f3n externa con preciso control. Con forma curvada, no solo vibra, sirve como mando para escoger la velocidad de vibraci\u00f3n de la m\u00e1quina. \u00a1Elige una velocidad y deja que sus potentes vibraciones te batan!<\/p>\n<p>Sus fuertes ventosas, hacen que la m\u00e1quina se adhiera a superficies planas como el suelo, mesas, sillas paredes\u2026 \u00dasala solo o con tu pareja y da rienda suelta a tu imaginaci\u00f3n y explora nuevas posiciones que siempre cre\u00edste que no eran posibles.<\/p>\n<p>La m\u00e1quina Sexual Internacional Port\u00e1til viene en una bolsa de cuero con candado. El kit adem\u00e1s incluye loci\u00f3n corporal, limpiador de juguetes, un castigador con plumas y un antifaz Sat\u00edn Love<\/p>\n<p>Se incluyen tambi\u00e9n dos dildos fabricados en TPR libre de ftalatos y l\u00e1tex y son body-safe, \u00a0\u00a0\u00a0f\u00e1cilmente ajustables al eje de la m\u00e1quina. Para limpiarlos, simplemente desenr\u00f3scalos del eje de metal y aplica el limpiador de juguetes y agua caliente.<\/p>\n<p>No necesita herramientas para su montaje, esta m\u00e1quina de alta tecnolog\u00eda est\u00e1 lista para usar nada mas sacarla de su caja. Simplemente ench\u00fafala, ag\u00e1rrala, escoge una velocidad y disfruta de las de la m\u00e1quina sexual jam\u00e1s creada. \u00a0<\/p>\n<ul>\n<li>Tama\u00f1o dildo 1:\u00a017.8 cm<\/li>\n<li>Longitud dildo 2: 20.3 cm\u00a0<\/li>\n<li>Libre de ftalatos<\/li>\n<li>Multivelocidad<\/li>\n<\/ul>\n<p>\u00a0<\/p>\n<p style=\"text-align: center;\">\u00a0<\/p>\n<p style=\"text-align: center;\"><iframe loading=\"lazy\" allowfullscreen=\"\" frameborder=\"0\" height=\"400\" mozallowfullscreen=\"\" src=\"https:\/\/player.vimeo.com\/video\/176492417\" webkitallowfullscreen=\"\" width=\"700\"><\/iframe><\/p>","protected":false},"excerpt":{"rendered":"<p>FETISH FANTASY EXTREME &#8211; MAQUINA SEXUAL INTERNACIONAL<\/p>","protected":false},"featured_media":53929,"comment_status":"open","ping_status":"closed","template":"","meta":{"_eb_attr":""},"product_brand":[],"product_cat":[1159,1251],"product_tag":[],"class_list":{"0":"post-16835","1":"product","2":"type-product","3":"status-publish","4":"has-post-thumbnail","6":"product_cat-juguetes-bienestar-vibradores","7":"product_cat-juguetes-bienestar-vibradoresvibradores-hi-tech","8":"yith_product_brand-pipedreamsfetish-fantasy-extreme","9":"yith_product_brand-pipedreams","11":"first","12":"instock","13":"taxable","14":"shipping-taxable","15":"purchasable","16":"product-type-simple"},"_links":{"self":[{"href":"https:\/\/www.bananatreeshop.com\/pt\/wp-json\/wp\/v2\/product\/16835","targetHints":{"allow":["GET"]}}],"collection":[{"href":"https:\/\/www.bananatreeshop.com\/pt\/wp-json\/wp\/v2\/product"}],"about":[{"href":"https:\/\/www.bananatreeshop.com\/pt\/wp-json\/wp\/v2\/types\/product"}],"replies":[{"embeddable":true,"href":"https:\/\/www.bananatreeshop.com\/pt\/wp-json\/wp\/v2\/comments?post=16835"}],"wp:featuredmedia":[{"embeddable":true,"href":"https:\/\/www.bananatreeshop.com\/pt\/wp-json\/wp\/v2\/media\/53929"}],"wp:attachment":[{"href":"https:\/\/www.bananatreeshop.com\/pt\/wp-json\/wp\/v2\/media?parent=16835"}],"wp:term":[{"taxonomy":"product_brand","embeddable":true,"href":"https:\/\/www.bananatreeshop.com\/pt\/wp-json\/wp\/v2\/product_brand?post=16835"},{"taxonomy":"product_cat","embeddable":true,"href":"https:\/\/www.bananatreeshop.com\/pt\/wp-json\/wp\/v2\/product_cat?post=16835"},{"taxonomy":"product_tag","embeddable":true,"href":"https:\/\/www.bananatreeshop.com\/pt\/wp-json\/wp\/v2\/product_tag?post=16835"}],"curies":[{"name":"wp","href":"https:\/\/api.w.org\/{rel}","templated":true}]}}