{"id":17903,"date":"2025-07-17T08:01:41","date_gmt":"2025-07-17T08:01:41","guid":{"rendered":"https:\/\/www.bananatreeshop.com\/?post_type=product&#038;p=17903"},"modified":"2026-04-04T05:02:12","modified_gmt":"2026-04-04T05:02:12","slug":"b-swish-bthrilled-classic-wand-vibrator-jade","status":"publish","type":"product","link":"https:\/\/www.bananatreeshop.com\/pt\/produto\/b-swish-bthrilled-classic-wand-vibrator-jade\/","title":{"rendered":"B SWISH &#8211; BTHRILLED CLASSIC WAND VIBRATOR JADE"},"content":{"rendered":"<p>B Swish te trae el Bthrilled Classic, un poderoso y placentero masajeador de varita listo para la diversi\u00f3n impermeable. Disfruta de la suave y sedosa cabeza de masaje de silicona para el cuerpo y encuentra placer con 5 funciones de masaje. \u00a1Con infi nitas posibilidades, deja que tu imaginaci\u00f3n o la de tu compa\u00f1\u00eda se desborde! Estrem\u00e9cete, estim\u00falate.<\/p>\n<p>El Bthrilled Classic es un centro neur\u00e1lgico de placer envuelto en un paquete elegante y manejable. Utiliza la manija ergon\u00f3mica dise\u00f1ada para dirigirte f\u00e1cilmente a tu punto del placer, mientras que la ancha y sedosa cabeza de silicona te envuelve en 5 funciones de vibraciones de gran potencia y zumbido.<\/p>\n<p>Hecho de silicona higi\u00e9nica no porosa, que es delicada con el cuerpo y sorprendentemente sensual al tacto, calentando r\u00e1pidamente para que coincida con el calor del cuerpo, mientras ofrece un deslizamiento sedoso. Utiliza un lubricante a base de agua de buena calidad con el Bthrilled Classic y limpia con jab\u00f3n y agua tibia.<\/p>\n<p>Las 5 funciones son ciclos a trav\u00e9s del clic de un solo bot\u00f3n, que est\u00e1 iluminado por una luz blanca para jugar f\u00e1cilmente en la oscuridad.<\/p>\n<ul>\n<li>Longitud total: 20 cm<\/li>\n<li>Di\u00e1metro cabezal: 4.5\u00a0cm<\/li>\n<li>Pilas: 4xAAA<\/li>\n<li>Funciones: 5<\/li>\n<li>Materiales: Silicona, pl\u00e1stico ABS y revestimiento PU.<\/li>\n<li>Tiempo de uso: 3 horas<\/li>\n<li>Color: Azul<\/li>\n<li>Seguro para usar en la ducha y el ba\u00f1o.<\/li>\n<\/ul>","protected":false},"excerpt":{"rendered":"<p>B SWISH &#8211; BTHRILLED CLASSIC WAND VIBRATOR JADE<\/p>","protected":false},"featured_media":85924,"comment_status":"open","ping_status":"closed","template":"","meta":{"_eb_attr":""},"product_brand":[],"product_cat":[1160,1250,1152,1153,1252,1253,1268,1159],"product_tag":[],"class_list":{"0":"post-17903","1":"product","2":"type-product","3":"status-publish","4":"has-post-thumbnail","6":"product_cat-juguetes-bienestar-vibradores100-sumergible","7":"product_cat-juguetes-bienestar-juguetes-para-mujeresestimuladores","8":"product_cat-juguetes-bienestar","9":"product_cat-juguetes-bienestar-juguetes-para-mujeres","10":"product_cat-juguetes-bienestar-juguetes-para-mujeresestimuladoresmasajeadores","11":"product_cat-juguetes-bienestar-vibradoresmini-vibradores","12":"product_cat-juguetes-bienestar-vibradoresvibrador-wand","13":"product_cat-juguetes-bienestar-vibradores","14":"yith_product_brand-b-swish","16":"first","17":"instock","18":"taxable","19":"shipping-taxable","20":"purchasable","21":"product-type-simple"},"_links":{"self":[{"href":"https:\/\/www.bananatreeshop.com\/pt\/wp-json\/wp\/v2\/product\/17903","targetHints":{"allow":["GET"]}}],"collection":[{"href":"https:\/\/www.bananatreeshop.com\/pt\/wp-json\/wp\/v2\/product"}],"about":[{"href":"https:\/\/www.bananatreeshop.com\/pt\/wp-json\/wp\/v2\/types\/product"}],"replies":[{"embeddable":true,"href":"https:\/\/www.bananatreeshop.com\/pt\/wp-json\/wp\/v2\/comments?post=17903"}],"wp:featuredmedia":[{"embeddable":true,"href":"https:\/\/www.bananatreeshop.com\/pt\/wp-json\/wp\/v2\/media\/85924"}],"wp:attachment":[{"href":"https:\/\/www.bananatreeshop.com\/pt\/wp-json\/wp\/v2\/media?parent=17903"}],"wp:term":[{"taxonomy":"product_brand","embeddable":true,"href":"https:\/\/www.bananatreeshop.com\/pt\/wp-json\/wp\/v2\/product_brand?post=17903"},{"taxonomy":"product_cat","embeddable":true,"href":"https:\/\/www.bananatreeshop.com\/pt\/wp-json\/wp\/v2\/product_cat?post=17903"},{"taxonomy":"product_tag","embeddable":true,"href":"https:\/\/www.bananatreeshop.com\/pt\/wp-json\/wp\/v2\/product_tag?post=17903"}],"curies":[{"name":"wp","href":"https:\/\/api.w.org\/{rel}","templated":true}]}}