{"id":17910,"date":"2025-07-13T04:01:39","date_gmt":"2025-07-13T04:01:39","guid":{"rendered":"https:\/\/www.bananatreeshop.com\/?post_type=product&#038;p=17910"},"modified":"2026-04-19T02:01:14","modified_gmt":"2026-04-19T02:01:14","slug":"pretty-love-plug-vibrator-and-rotation-by-remote-control","status":"publish","type":"product","link":"https:\/\/www.bananatreeshop.com\/pt\/produto\/pretty-love-plug-vibrator-and-rotation-by-remote-control\/","title":{"rendered":"PRETTY LOVE &#8211; PLUG VIBRADOR Y ROTACI\u00d3N POR CONTROL REMOTO"},"content":{"rendered":"<p>Lleva el magn\u00edfico placer de la estimulaci\u00f3n anal a su l\u00edmite con este plug vibrador con 4 funciones de vibraci\u00f3n y otras 4 de rotaci\u00f3n. Elige el modo que prefieras con su mando inal\u00e1mbrico y simplemente disfruta&#8230; Adem\u00e1s, gracias a su fuerte ventosa en la base \u00a1podr\u00e1s adherirlo casi en cualquier superficie plana y es USB recargable!<\/p>\n<p>Su uso es muy sencillo, tan s\u00f3lo tienes que presionar el boton On\/Off durante 3 segundos para encenderlo y cada vez que pulses cambiar\u00e1 el modo y para apagarlo se debe mantener pulsado durante otros 3 segundos. Para usar con el mando, se debe pulsar el bott\u00f3n On\/Off durante 3 segundos y ya elegir el modo de vibraci\u00f3n deseado con el mando.<\/p>\n<p>Caracter\u00edsticas:\u00a0<\/p>\n<ul>\n<li>Plug vibrador nivelado.<\/li>\n<li>4 funciones vibraci\u00f3n<\/li>\n<li>4 funciones rotaci\u00f3n<\/li>\n<li>Materiales: SIlicona y ABS<\/li>\n<li>Mando inal\u00e1mbrico para control remoto<\/li>\n<li>USB recargable<\/li>\n<li>El mando de control remoto usa una pila AAA<\/li>\n<li>Color: negro\u00a0<\/li>\n<li>Medidas: Ver Imagen<\/li>\n<\/ul>\n<p>Pretty Love fabrica productos con exigentes normas de calidad, todos sus productos estan dise\u00f1ados en Estados Unidos y tienen 1 a\u00f1o de garant\u00eda en defectos t\u00e9cnicos<\/p>","protected":false},"excerpt":{"rendered":"<p>PRETTY LOVE &#8211; PLUG VIBRATOR AND ROTATION BY REMOTE CONTROL<\/p>","protected":false},"featured_media":73250,"comment_status":"open","ping_status":"closed","template":"","meta":{"_eb_attr":""},"product_brand":[],"product_cat":[1355,258,1377,1159,1161],"product_tag":[],"class_list":{"0":"post-17910","1":"product","2":"type-product","3":"status-publish","4":"has-post-thumbnail","6":"product_cat-bdsm-bondage-articulos-bdsm","7":"product_cat-bdsm-bondage","8":"product_cat-bdsm-bondage-articulos-bdsmplug-anal-bdsm","9":"product_cat-juguetes-bienestar-vibradores","10":"product_cat-juguetes-bienestar-vibradoresvibradores-control-remoto","11":"yith_product_brand-pretty-love","12":"yith_product_brand-pretty-lovepretty-love-bottom","14":"first","15":"instock","16":"taxable","17":"shipping-taxable","18":"purchasable","19":"product-type-simple"},"_links":{"self":[{"href":"https:\/\/www.bananatreeshop.com\/pt\/wp-json\/wp\/v2\/product\/17910","targetHints":{"allow":["GET"]}}],"collection":[{"href":"https:\/\/www.bananatreeshop.com\/pt\/wp-json\/wp\/v2\/product"}],"about":[{"href":"https:\/\/www.bananatreeshop.com\/pt\/wp-json\/wp\/v2\/types\/product"}],"replies":[{"embeddable":true,"href":"https:\/\/www.bananatreeshop.com\/pt\/wp-json\/wp\/v2\/comments?post=17910"}],"wp:featuredmedia":[{"embeddable":true,"href":"https:\/\/www.bananatreeshop.com\/pt\/wp-json\/wp\/v2\/media\/73250"}],"wp:attachment":[{"href":"https:\/\/www.bananatreeshop.com\/pt\/wp-json\/wp\/v2\/media?parent=17910"}],"wp:term":[{"taxonomy":"product_brand","embeddable":true,"href":"https:\/\/www.bananatreeshop.com\/pt\/wp-json\/wp\/v2\/product_brand?post=17910"},{"taxonomy":"product_cat","embeddable":true,"href":"https:\/\/www.bananatreeshop.com\/pt\/wp-json\/wp\/v2\/product_cat?post=17910"},{"taxonomy":"product_tag","embeddable":true,"href":"https:\/\/www.bananatreeshop.com\/pt\/wp-json\/wp\/v2\/product_tag?post=17910"}],"curies":[{"name":"wp","href":"https:\/\/api.w.org\/{rel}","templated":true}]}}