{"id":20287,"date":"2025-07-09T13:01:26","date_gmt":"2025-07-09T13:01:26","guid":{"rendered":"https:\/\/www.bananatreeshop.com\/?post_type=product&#038;p=20287"},"modified":"2026-04-12T10:09:31","modified_gmt":"2026-04-12T10:09:31","slug":"king-cock-17-8-cm-vibrating-stiffy-flesh","status":"publish","type":"product","link":"https:\/\/www.bananatreeshop.com\/pt\/produto\/king-cock-17-8-cm-vibrating-stiffy-flesh\/","title":{"rendered":"KING COCK &#8211; VIBRADOR REAL\u00cdSTICO STIFFY 17.8 CM NATURAL"},"content":{"rendered":"<p>Si est\u00e1s buscando un real\u00edstico que siempre est\u00e9 listo para la acci\u00f3n, el vibrador Stiffy de King Cock es la perfecta elecci\u00f3n para disfrutar al m\u00e1ximo de un placer inigualable.<\/p>\n<p>Este dildo est\u00e1 fabricado en Am\u00e9rica. Con multiples velocidades selecciona la que prefieras y dejate llevar por sus increibles batidas. Adem\u00e1s es body safe y est\u00e1 libre de ftalatos. \u00a1Es incluso mejor que una real! Pru\u00e9balo\u00a0en la ducha o en el spa y convierte en tiempo del ba\u00f1o en tiempo para placer.<\/p>\n<ul>\n<li>Sumergible<\/li>\n<li>Libre de ftalatos<\/li>\n<li>Multivelocidad\u00a0<\/li>\n<li>Di\u00e1metro: 4.8\u00a0cm<\/li>\n<li>Color: Natural<\/li>\n<li>Pilas: AA no incluida. Pues encontrarla en la secci\u00f3n pilas.<\/li>\n<\/ul>","protected":false},"excerpt":{"rendered":"<p>KING COCK &#8211; 17.8 CM VIBRATING STIFFY FLESH<\/p>","protected":false},"featured_media":58415,"comment_status":"open","ping_status":"closed","template":"","meta":{"_eb_attr":""},"product_brand":[],"product_cat":[1160,1152,1159,1233],"product_tag":[],"class_list":{"0":"post-20287","1":"product","2":"type-product","3":"status-publish","4":"has-post-thumbnail","6":"product_cat-juguetes-bienestar-vibradores100-sumergible","7":"product_cat-juguetes-bienestar","8":"product_cat-juguetes-bienestar-vibradores","9":"product_cat-juguetes-bienestar-vibradoresvibradores-realisticos","10":"yith_product_brand-pipedreamsking-cock","11":"yith_product_brand-pipedreams","13":"first","14":"instock","15":"taxable","16":"shipping-taxable","17":"purchasable","18":"product-type-simple"},"_links":{"self":[{"href":"https:\/\/www.bananatreeshop.com\/pt\/wp-json\/wp\/v2\/product\/20287","targetHints":{"allow":["GET"]}}],"collection":[{"href":"https:\/\/www.bananatreeshop.com\/pt\/wp-json\/wp\/v2\/product"}],"about":[{"href":"https:\/\/www.bananatreeshop.com\/pt\/wp-json\/wp\/v2\/types\/product"}],"replies":[{"embeddable":true,"href":"https:\/\/www.bananatreeshop.com\/pt\/wp-json\/wp\/v2\/comments?post=20287"}],"wp:featuredmedia":[{"embeddable":true,"href":"https:\/\/www.bananatreeshop.com\/pt\/wp-json\/wp\/v2\/media\/58415"}],"wp:attachment":[{"href":"https:\/\/www.bananatreeshop.com\/pt\/wp-json\/wp\/v2\/media?parent=20287"}],"wp:term":[{"taxonomy":"product_brand","embeddable":true,"href":"https:\/\/www.bananatreeshop.com\/pt\/wp-json\/wp\/v2\/product_brand?post=20287"},{"taxonomy":"product_cat","embeddable":true,"href":"https:\/\/www.bananatreeshop.com\/pt\/wp-json\/wp\/v2\/product_cat?post=20287"},{"taxonomy":"product_tag","embeddable":true,"href":"https:\/\/www.bananatreeshop.com\/pt\/wp-json\/wp\/v2\/product_tag?post=20287"}],"curies":[{"name":"wp","href":"https:\/\/api.w.org\/{rel}","templated":true}]}}