{"id":20821,"date":"2025-07-08T21:00:59","date_gmt":"2025-07-08T21:00:59","guid":{"rendered":"https:\/\/www.bananatreeshop.com\/?post_type=product&#038;p=20821"},"modified":"2026-04-05T11:48:22","modified_gmt":"2026-04-05T11:48:22","slug":"shunga-fetish-vanilla-flavor-heat-effect-massage-oil-100-ml","status":"publish","type":"product","link":"https:\/\/www.bananatreeshop.com\/pt\/produto\/shunga-fetish-vanilla-flavor-heat-effect-massage-oil-100-ml\/","title":{"rendered":"SHUNGA &#8211; ACEITE MASAJE EFECTO CALOR SABOR VAINILLA 100 ML"},"content":{"rendered":"<p>Shunga lanza este fabuloso aceite de masaje sensual de origen oriental\u00a0de alta calidad para que estimular los sentidos de forma sensual. Tan s\u00f3lo hay que aplicar una peque\u00f1a cantidad de este aceite en la zona deseada y extender suavemente sobre la piel dejando una sensaci\u00f3n estimulante y agradable \u00a0<\/p>\n<ul>\n<li>Sabor: Vanilla fetiche\u00a0<\/li>\n<li>Efecto calor<\/li>\n<li>Exquisito e intenso sabor\u00a0<\/li>\n<li>Aumenta la sensibilidad y sensaciones\u00a0<\/li>\n<li>Cantidad: 100 ml<\/li>\n<\/ul>\n<p>Fabricado seg\u00fan la tradici\u00f3n milenaria oriental, con este aceite de una dulzura absoluta, te deslizar\u00e1s fant\u00e1sticamente sobre el cuerpo de tu amante produciendo una sensaci\u00f3n AFRODIS\u00cdACA.<\/p>\n<p>Shunga es L\u00edder mundia en cosmetica Erotica, sus ingredientes naturales fusionado con principios activos logran un gran resultado<\/p>\n<p style=\"line-height: 16.64px;\">Entrar en el mundo er\u00f3tico de Shunga es viajar al pasado. Traducido literalmente, Shunga significa \u2018imagen de primavera, una manera delicada de decir \u2018relaciones sexuales entre personas.<\/p>\n<p>Esta palabra se usaba para designar las pinturas er\u00f3ticas japonesas del siglo XVI, XVII y XVIII, un tipo llamado ukiyo-e, que no eran otra cosa que obras sobre madera o pergamino con escenas sensuales y episodios de amor carnal, siempre elaborados con mucho cuidado y buen gusto.<\/p>\n<p>El arte Shunga, aunque oculto durante siglos, marc\u00f3 el principio de la industria pornogr\u00e1fica para la clase media nipona y sirvi\u00f3 durante generaciones como ense\u00f1anza para los hijos y las hijas de muchas familias.<\/p>\n<p style=\"line-height: 16.64px;\"><img decoding=\"async\" alt=\"\" src=\"https:\/\/store.dreamlove.es\/UserFiles\/image\/banderas.png\" style=\"width: 121px; height: 35px;\" \/><\/p>\n<p>\u00a0<\/p>\n<p style=\"text-align: center;\">\u00a0<\/p>","protected":false},"excerpt":{"rendered":"<p>PACKAGING DISPONIBLE EN: \/es\/en\/fr\/de\/<\/p>","protected":false},"featured_media":54824,"comment_status":"open","ping_status":"closed","template":"","meta":{"_eb_attr":""},"product_brand":[],"product_cat":[1168,1176,1163,1167],"product_tag":[],"class_list":{"0":"post-20821","1":"product","2":"type-product","3":"status-publish","4":"has-post-thumbnail","6":"product_cat-drogueria-para-masajesaceites-con-sabores","7":"product_cat-drogueria-para-masajescon-efecto-calor","8":"product_cat-drogueria","9":"product_cat-drogueria-para-masajes","10":"yith_product_brand-shunga","11":"yith_product_brand-shungashunga-oils","13":"first","14":"instock","15":"taxable","16":"shipping-taxable","17":"purchasable","18":"product-type-simple"},"_links":{"self":[{"href":"https:\/\/www.bananatreeshop.com\/pt\/wp-json\/wp\/v2\/product\/20821","targetHints":{"allow":["GET"]}}],"collection":[{"href":"https:\/\/www.bananatreeshop.com\/pt\/wp-json\/wp\/v2\/product"}],"about":[{"href":"https:\/\/www.bananatreeshop.com\/pt\/wp-json\/wp\/v2\/types\/product"}],"replies":[{"embeddable":true,"href":"https:\/\/www.bananatreeshop.com\/pt\/wp-json\/wp\/v2\/comments?post=20821"}],"wp:featuredmedia":[{"embeddable":true,"href":"https:\/\/www.bananatreeshop.com\/pt\/wp-json\/wp\/v2\/media\/54824"}],"wp:attachment":[{"href":"https:\/\/www.bananatreeshop.com\/pt\/wp-json\/wp\/v2\/media?parent=20821"}],"wp:term":[{"taxonomy":"product_brand","embeddable":true,"href":"https:\/\/www.bananatreeshop.com\/pt\/wp-json\/wp\/v2\/product_brand?post=20821"},{"taxonomy":"product_cat","embeddable":true,"href":"https:\/\/www.bananatreeshop.com\/pt\/wp-json\/wp\/v2\/product_cat?post=20821"},{"taxonomy":"product_tag","embeddable":true,"href":"https:\/\/www.bananatreeshop.com\/pt\/wp-json\/wp\/v2\/product_tag?post=20821"}],"curies":[{"name":"wp","href":"https:\/\/api.w.org\/{rel}","templated":true}]}}