{"id":21927,"date":"2025-07-08T21:01:06","date_gmt":"2025-07-08T21:01:06","guid":{"rendered":"https:\/\/www.bananatreeshop.com\/?post_type=product&#038;p=21927"},"modified":"2026-04-04T15:01:24","modified_gmt":"2026-04-04T15:01:24","slug":"joydivision-aquaglide-warmup-mango-and-maracuya-massage-oil-150-ml","status":"publish","type":"product","link":"https:\/\/www.bananatreeshop.com\/pt\/produto\/joydivision-aquaglide-warmup-mango-and-maracuya-massage-oil-150-ml\/","title":{"rendered":"JOYDIVISION AQUAGLIDE &#8211; WARMUP ACEITE DE MASAJE MANGO+MARACUYA 150 ML"},"content":{"rendered":"<p>Aceite de masaje de gran calidad con aromas intensos,\u00a0profundos y deliciosos, adem\u00e1s no tienen calor\u00edas<\/p>\n<p>Los exquisitos ingredientes proveen efecto calor en la piel y el aroma junto al efecto calor proporciona una estupenda sensaci\u00f3n de relajaci\u00f3n y deseo de m\u00e1s. WarmUp es beneficioso para la salud.\u00a0<\/p>\n<p>Aumenta tus sentidos! Para divertirte, adem\u00e1s puedes aplicarlo de forma local o individual.\u00a0<\/p>\n<ul>\n<li>Para uso externo solo<\/li>\n<li>Sin az\u00facar\u00a0<\/li>\n<li>Soluble en agua<\/li>\n<li>Sensual fragancia y sabor id\u00e9nticos a los aromas naturales<\/li>\n<li>Cl\u00ednica y dematol\u00f3gicamente testados.\u00a0<\/li>\n<li>Efecto calor.\u00a0<\/li>\n<li>Mango + Maracuya<\/li>\n<\/ul>","protected":false},"excerpt":{"rendered":"<p>PACKAGING DISPONIBLE EN: \/es\/en\/de\/<\/p>","protected":false},"featured_media":54839,"comment_status":"open","ping_status":"closed","template":"","meta":{"_eb_attr":""},"product_brand":[],"product_cat":[1176,1163,1167],"product_tag":[],"class_list":{"0":"post-21927","1":"product","2":"type-product","3":"status-publish","4":"has-post-thumbnail","6":"product_cat-drogueria-para-masajescon-efecto-calor","7":"product_cat-drogueria","8":"product_cat-drogueria-para-masajes","9":"yith_product_brand-joydivision","10":"yith_product_brand-joydivisionjoydivision-aquaglide","12":"first","13":"instock","14":"taxable","15":"shipping-taxable","16":"purchasable","17":"product-type-simple"},"_links":{"self":[{"href":"https:\/\/www.bananatreeshop.com\/pt\/wp-json\/wp\/v2\/product\/21927","targetHints":{"allow":["GET"]}}],"collection":[{"href":"https:\/\/www.bananatreeshop.com\/pt\/wp-json\/wp\/v2\/product"}],"about":[{"href":"https:\/\/www.bananatreeshop.com\/pt\/wp-json\/wp\/v2\/types\/product"}],"replies":[{"embeddable":true,"href":"https:\/\/www.bananatreeshop.com\/pt\/wp-json\/wp\/v2\/comments?post=21927"}],"wp:featuredmedia":[{"embeddable":true,"href":"https:\/\/www.bananatreeshop.com\/pt\/wp-json\/wp\/v2\/media\/54839"}],"wp:attachment":[{"href":"https:\/\/www.bananatreeshop.com\/pt\/wp-json\/wp\/v2\/media?parent=21927"}],"wp:term":[{"taxonomy":"product_brand","embeddable":true,"href":"https:\/\/www.bananatreeshop.com\/pt\/wp-json\/wp\/v2\/product_brand?post=21927"},{"taxonomy":"product_cat","embeddable":true,"href":"https:\/\/www.bananatreeshop.com\/pt\/wp-json\/wp\/v2\/product_cat?post=21927"},{"taxonomy":"product_tag","embeddable":true,"href":"https:\/\/www.bananatreeshop.com\/pt\/wp-json\/wp\/v2\/product_tag?post=21927"}],"curies":[{"name":"wp","href":"https:\/\/api.w.org\/{rel}","templated":true}]}}