{"id":22158,"date":"2025-07-08T20:01:03","date_gmt":"2025-07-08T20:01:03","guid":{"rendered":"https:\/\/www.bananatreeshop.com\/?post_type=product&#038;p=22158"},"modified":"2026-04-02T18:00:40","modified_gmt":"2026-04-02T18:00:40","slug":"eros-fisting-gel-ultrax-100-ml","status":"publish","type":"product","link":"https:\/\/www.bananatreeshop.com\/pt\/produto\/eros-fisting-gel-ultrax-100-ml\/","title":{"rendered":"EROS &#8211; FISTING ANAL GEL LUBRICANTE RELAJANTE 100 ML"},"content":{"rendered":"<p>La Experienca Eros es algo sencillamente perfecta, Fabricaci\u00f3n Alemana con a\u00f1os de Experiencia logran un resultado a un nivel muy alto.<\/p>\n<p>El placer del pu\u00f1o en el sexo anal. Le gustan las pr\u00e1cticas sexuales excitantes, pero no quiere sentir dolor?.<\/p>\n<p>Eros Fisting Gel UltraX lubricante con f\u00f3rmula de silicona y agua ayuda a que las zonas er\u00f3genas sean menos sensibles y facilita una penetraci\u00f3n segura y relajada y una capacidad deslizante extremadamente duradera.<\/p>\n<p>Nuestros productos son comprobados cl\u00ednica y cient\u00edficamente y producidos siguiendo controles de calidad absolutamente r\u00edgidos.<\/p>\n<p>El Fisting Gel UltraX no mancha ni queda pegajoso y es respetuoso con el l\u00e1tex, caucho y otros materiales.<\/p>\n<p>Caracter\u00edsticas:<\/p>\n<ul>\n<li>Dermatol\u00f3gicamente probado.<\/li>\n<li>Respetuoso con la mucosa.<\/li>\n<li>Apto con condones de l\u00e1tex.<\/li>\n<li>Hidrosoluble.<\/li>\n<li>No queda pegajoso ni se seca.<\/li>\n<li>No se seca.<\/li>\n<li>No contiene perfumes, grasas ni aceites.<\/li>\n<\/ul>\n<p>Envase de 100 ml.<\/p>\n<p style=\"text-align: center;\">\u00a0<\/p>","protected":false},"excerpt":{"rendered":"<p>EROS &#8211; FISTING GEL ULTRAX 100 ML<\/p>","protected":false},"featured_media":54600,"comment_status":"open","ping_status":"closed","template":"","meta":{"_eb_attr":""},"product_brand":[],"product_cat":[1173,1174,1163,1169],"product_tag":[],"class_list":{"0":"post-22158","1":"product","2":"type-product","3":"status-publish","4":"has-post-thumbnail","6":"product_cat-drogueria-lubricantesanal","7":"product_cat-drogueria-lubricantesanal-con-relajante","8":"product_cat-drogueria","9":"product_cat-drogueria-lubricantes","10":"yith_product_brand-eros","11":"yith_product_brand-eroseros-classic-line","13":"first","14":"instock","15":"taxable","16":"shipping-taxable","17":"purchasable","18":"product-type-simple"},"_links":{"self":[{"href":"https:\/\/www.bananatreeshop.com\/pt\/wp-json\/wp\/v2\/product\/22158","targetHints":{"allow":["GET"]}}],"collection":[{"href":"https:\/\/www.bananatreeshop.com\/pt\/wp-json\/wp\/v2\/product"}],"about":[{"href":"https:\/\/www.bananatreeshop.com\/pt\/wp-json\/wp\/v2\/types\/product"}],"replies":[{"embeddable":true,"href":"https:\/\/www.bananatreeshop.com\/pt\/wp-json\/wp\/v2\/comments?post=22158"}],"wp:featuredmedia":[{"embeddable":true,"href":"https:\/\/www.bananatreeshop.com\/pt\/wp-json\/wp\/v2\/media\/54600"}],"wp:attachment":[{"href":"https:\/\/www.bananatreeshop.com\/pt\/wp-json\/wp\/v2\/media?parent=22158"}],"wp:term":[{"taxonomy":"product_brand","embeddable":true,"href":"https:\/\/www.bananatreeshop.com\/pt\/wp-json\/wp\/v2\/product_brand?post=22158"},{"taxonomy":"product_cat","embeddable":true,"href":"https:\/\/www.bananatreeshop.com\/pt\/wp-json\/wp\/v2\/product_cat?post=22158"},{"taxonomy":"product_tag","embeddable":true,"href":"https:\/\/www.bananatreeshop.com\/pt\/wp-json\/wp\/v2\/product_tag?post=22158"}],"curies":[{"name":"wp","href":"https:\/\/api.w.org\/{rel}","templated":true}]}}