{"id":22374,"date":"2025-07-09T03:01:49","date_gmt":"2025-07-09T03:01:49","guid":{"rendered":"https:\/\/www.bananatreeshop.com\/?post_type=product&#038;p=22374"},"modified":"2026-04-01T16:00:57","modified_gmt":"2026-04-01T16:00:57","slug":"secretplay-game-3-dice-es-pt-en-fr","status":"publish","type":"product","link":"https:\/\/www.bananatreeshop.com\/pt\/produto\/secretplay-game-3-dice-es-pt-en-fr\/","title":{"rendered":"SECRETPLAY &#8211; JUEGO 3 DADOS (ES\/PT\/EN\/FR)"},"content":{"rendered":"<p>Buscas ideas originales y divertidas para sorprender a tu pareja? Este es tu juego.<\/p>\n<p>C\u00d3MO JUGAR:<\/p>\n<ul>\n<li>El poseedor\/a de los dados realizar\u00e1 la acci\u00f3n con la zona del cuerpo y el lugar que le toque. Puedes darle m\u00e1s chispa con productos er\u00f3ticos, lubricantes comestibles, aceites de masaje, etc.<\/li>\n<\/ul>\n<p>\u00a1Saca tu lado m\u00e1s atrevido!<\/p>\n<p>CONTIENE:<\/p>\n<ul>\n<li>1 dado negro de 16 mm (representa las acciones a realizar).<\/li>\n<li>1 dado rosa de 16 mm (representan las zonas del cuerpo).<\/li>\n<li>1 dado blanco\u00a0de 16 mm (representan los lugares).<\/li>\n<\/ul>","protected":false},"excerpt":{"rendered":"<p>SECRETPLAY &#8211; GAME 3 DICE (ES\/PT\/EN\/FR)<\/p>","protected":false},"featured_media":56833,"comment_status":"open","ping_status":"closed","template":"","meta":{"_eb_attr":""},"product_brand":[],"product_cat":[1209,1187,1207,1210,1208,1213],"product_tag":[],"class_list":{"0":"post-22374","1":"product","2":"type-product","3":"status-publish","4":"has-post-thumbnail","6":"product_cat-juegos-juego-de-dados","7":"product_cat-juegos","8":"product_cat-juegos-juegos-en-espanol","9":"product_cat-juegos-juegos-en-frances","10":"product_cat-juegos-juegos-en-ingles","11":"product_cat-juegos-juegos-en-portugues","12":"yith_product_brand-secretplay","13":"yith_product_brand-secretplaysecretplay-100-games","15":"first","16":"instock","17":"taxable","18":"shipping-taxable","19":"purchasable","20":"product-type-simple"},"_links":{"self":[{"href":"https:\/\/www.bananatreeshop.com\/pt\/wp-json\/wp\/v2\/product\/22374","targetHints":{"allow":["GET"]}}],"collection":[{"href":"https:\/\/www.bananatreeshop.com\/pt\/wp-json\/wp\/v2\/product"}],"about":[{"href":"https:\/\/www.bananatreeshop.com\/pt\/wp-json\/wp\/v2\/types\/product"}],"replies":[{"embeddable":true,"href":"https:\/\/www.bananatreeshop.com\/pt\/wp-json\/wp\/v2\/comments?post=22374"}],"wp:featuredmedia":[{"embeddable":true,"href":"https:\/\/www.bananatreeshop.com\/pt\/wp-json\/wp\/v2\/media\/56833"}],"wp:attachment":[{"href":"https:\/\/www.bananatreeshop.com\/pt\/wp-json\/wp\/v2\/media?parent=22374"}],"wp:term":[{"taxonomy":"product_brand","embeddable":true,"href":"https:\/\/www.bananatreeshop.com\/pt\/wp-json\/wp\/v2\/product_brand?post=22374"},{"taxonomy":"product_cat","embeddable":true,"href":"https:\/\/www.bananatreeshop.com\/pt\/wp-json\/wp\/v2\/product_cat?post=22374"},{"taxonomy":"product_tag","embeddable":true,"href":"https:\/\/www.bananatreeshop.com\/pt\/wp-json\/wp\/v2\/product_tag?post=22374"}],"curies":[{"name":"wp","href":"https:\/\/api.w.org\/{rel}","templated":true}]}}