{"id":22377,"date":"2025-07-08T20:01:32","date_gmt":"2025-07-08T20:01:32","guid":{"rendered":"https:\/\/www.bananatreeshop.com\/?post_type=product&#038;p=22377"},"modified":"2026-04-06T02:55:39","modified_gmt":"2026-04-06T02:55:39","slug":"control-2-en-1-massage-pleasure-mediterranean-sea-200-ml","status":"publish","type":"product","link":"https:\/\/www.bananatreeshop.com\/pt\/produto\/control-2-en-1-massage-pleasure-mediterranean-sea-200-ml\/","title":{"rendered":"CONTROL &#8211; 2 EN 1 MASSAGE  PLEASURE MEDITERRANEAN SEA 200 ML"},"content":{"rendered":"<p>Descubre los nuevos geles\u00a0de masaje hidratante para momentos de sensualidad y diversi\u00f3n .<\/p>\n<p>Gel 2-1 Estimulante y sensuales! Los geles de masaje Control son aptos para cualquier parte del cuerpo sea a trav\u00e9s de un masaje o bien estimulando las zonas er\u00f3genas antes de la penetraci\u00f3n.<\/p>\n<ul>\n<li>Compatible con el preservativo.<\/li>\n<li>Supersensorial<\/li>\n<li>Libre de parabenos<\/li>\n<li>Meditteranean Sea<\/li>\n<li>No es graso<\/li>\n<li>No Mancha<\/li>\n<\/ul>\n<p>Envase 200 ml<\/p>","protected":false},"excerpt":{"rendered":"<p>CONTROL &#8211; 2 EN 1 MASSAGE  PLEASURE MEDITERRANEAN SEA 200 ML<\/p>","protected":false},"featured_media":54661,"comment_status":"open","ping_status":"closed","template":"","meta":{"_eb_attr":""},"product_brand":[],"product_cat":[1175,1163,1167],"product_tag":[],"class_list":{"0":"post-22377","1":"product","2":"type-product","3":"status-publish","4":"has-post-thumbnail","6":"product_cat-drogueria-para-masajesaceites-sin-sabores","7":"product_cat-drogueria","8":"product_cat-drogueria-para-masajes","9":"yith_product_brand-control","10":"yith_product_brand-controlcontrol-lubes","12":"first","13":"instock","14":"taxable","15":"shipping-taxable","16":"purchasable","17":"product-type-simple"},"_links":{"self":[{"href":"https:\/\/www.bananatreeshop.com\/pt\/wp-json\/wp\/v2\/product\/22377","targetHints":{"allow":["GET"]}}],"collection":[{"href":"https:\/\/www.bananatreeshop.com\/pt\/wp-json\/wp\/v2\/product"}],"about":[{"href":"https:\/\/www.bananatreeshop.com\/pt\/wp-json\/wp\/v2\/types\/product"}],"replies":[{"embeddable":true,"href":"https:\/\/www.bananatreeshop.com\/pt\/wp-json\/wp\/v2\/comments?post=22377"}],"wp:featuredmedia":[{"embeddable":true,"href":"https:\/\/www.bananatreeshop.com\/pt\/wp-json\/wp\/v2\/media\/54661"}],"wp:attachment":[{"href":"https:\/\/www.bananatreeshop.com\/pt\/wp-json\/wp\/v2\/media?parent=22377"}],"wp:term":[{"taxonomy":"product_brand","embeddable":true,"href":"https:\/\/www.bananatreeshop.com\/pt\/wp-json\/wp\/v2\/product_brand?post=22377"},{"taxonomy":"product_cat","embeddable":true,"href":"https:\/\/www.bananatreeshop.com\/pt\/wp-json\/wp\/v2\/product_cat?post=22377"},{"taxonomy":"product_tag","embeddable":true,"href":"https:\/\/www.bananatreeshop.com\/pt\/wp-json\/wp\/v2\/product_tag?post=22377"}],"curies":[{"name":"wp","href":"https:\/\/api.w.org\/{rel}","templated":true}]}}