{"id":22634,"date":"2025-07-09T14:01:37","date_gmt":"2025-07-09T14:01:37","guid":{"rendered":"https:\/\/www.bananatreeshop.com\/?post_type=product&#038;p=22634"},"modified":"2026-04-08T11:03:54","modified_gmt":"2026-04-08T11:03:54","slug":"bathmate-vibe-ring-eight","status":"publish","type":"product","link":"https:\/\/www.bananatreeshop.com\/pt\/produto\/bathmate-vibe-ring-eight\/","title":{"rendered":"BATHMATE &#8211; VIBE RING EIGHT"},"content":{"rendered":"<p>Eight est\u00e1 dise\u00f1ado para abrazar a los testiculos y el pene. con una bala recargable incluida potencia la sensaci\u00f3n de placer incrementando tu erecci\u00f3n y potencia.<\/p>\n<ul>\n<li>3 Velocidades<\/li>\n<li>Potente\u00a0<\/li>\n<li>Silencioso<\/li>\n<li>Recargable<\/li>\n<\/ul>\n<p>Fabricado con el nuevo material Elastomex TM formula.<\/p>\n<p>Adaptable a todos los tama\u00f1os de Pene.<\/p>","protected":false},"excerpt":{"rendered":"<p>BATHMATE &#8211; VIBE RING EIGHT<\/p>","protected":false},"featured_media":58596,"comment_status":"open","ping_status":"closed","template":"","meta":{"_eb_attr":""},"product_brand":[],"product_cat":[1218,1234,1235,1152,1217],"product_tag":[],"class_list":{"0":"post-22634","1":"product","2":"type-product","3":"status-publish","4":"has-post-thumbnail","6":"product_cat-juguetes-bienestar-juguetes-para-hombresaccesorios-para-el-pene","7":"product_cat-juguetes-bienestar-juguetes-para-hombresaccesorios-para-el-peneanillos-pene","8":"product_cat-juguetes-bienestar-juguetes-para-hombresaccesorios-para-el-peneanillos-peneanillos-sin-vibracion","9":"product_cat-juguetes-bienestar","10":"product_cat-juguetes-bienestar-juguetes-para-hombres","11":"yith_product_brand-bathmate","13":"first","14":"instock","15":"taxable","16":"shipping-taxable","17":"purchasable","18":"product-type-simple"},"_links":{"self":[{"href":"https:\/\/www.bananatreeshop.com\/pt\/wp-json\/wp\/v2\/product\/22634","targetHints":{"allow":["GET"]}}],"collection":[{"href":"https:\/\/www.bananatreeshop.com\/pt\/wp-json\/wp\/v2\/product"}],"about":[{"href":"https:\/\/www.bananatreeshop.com\/pt\/wp-json\/wp\/v2\/types\/product"}],"replies":[{"embeddable":true,"href":"https:\/\/www.bananatreeshop.com\/pt\/wp-json\/wp\/v2\/comments?post=22634"}],"wp:featuredmedia":[{"embeddable":true,"href":"https:\/\/www.bananatreeshop.com\/pt\/wp-json\/wp\/v2\/media\/58596"}],"wp:attachment":[{"href":"https:\/\/www.bananatreeshop.com\/pt\/wp-json\/wp\/v2\/media?parent=22634"}],"wp:term":[{"taxonomy":"product_brand","embeddable":true,"href":"https:\/\/www.bananatreeshop.com\/pt\/wp-json\/wp\/v2\/product_brand?post=22634"},{"taxonomy":"product_cat","embeddable":true,"href":"https:\/\/www.bananatreeshop.com\/pt\/wp-json\/wp\/v2\/product_cat?post=22634"},{"taxonomy":"product_tag","embeddable":true,"href":"https:\/\/www.bananatreeshop.com\/pt\/wp-json\/wp\/v2\/product_tag?post=22634"}],"curies":[{"name":"wp","href":"https:\/\/api.w.org\/{rel}","templated":true}]}}