{"id":22640,"date":"2025-07-09T14:01:40","date_gmt":"2025-07-09T14:01:40","guid":{"rendered":"https:\/\/www.bananatreeshop.com\/?post_type=product&#038;p=22640"},"modified":"2026-04-08T11:04:04","modified_gmt":"2026-04-08T11:04:04","slug":"bathmate-vibe-ring-tickle","status":"publish","type":"product","link":"https:\/\/www.bananatreeshop.com\/pt\/produto\/bathmate-vibe-ring-tickle\/","title":{"rendered":"BATHMATE &#8211; TICKLE ANILLO VIBRADOR"},"content":{"rendered":"<p>Descubre el anillo Bathmate con una textura \u00fanica, dise\u00f1ado para la estimulaci\u00f3n de ambos, disfruta tu y tu pareja del dise\u00f1o y potencia de Tickle.<\/p>\n<p>Potente con 3 velocidades y recargable v\u00eda usb.<\/p>\n<ul>\n<li>Potencia tu erecci\u00f3n y aumenta la estimulaci\u00f3n.<\/li>\n<\/ul>\n<p>Fabricado con material Elastomex TM formula.<\/p>\n<p>\u00a0<\/p>\n<p>\u00a0<\/p>","protected":false},"excerpt":{"rendered":"<p>BATHMATE &#8211; VIBE RING TICKLE<\/p>","protected":false},"featured_media":58604,"comment_status":"open","ping_status":"closed","template":"","meta":{"_eb_attr":""},"product_brand":[],"product_cat":[1218,1234,1235,1152,1217],"product_tag":[],"class_list":{"0":"post-22640","1":"product","2":"type-product","3":"status-publish","4":"has-post-thumbnail","6":"product_cat-juguetes-bienestar-juguetes-para-hombresaccesorios-para-el-pene","7":"product_cat-juguetes-bienestar-juguetes-para-hombresaccesorios-para-el-peneanillos-pene","8":"product_cat-juguetes-bienestar-juguetes-para-hombresaccesorios-para-el-peneanillos-peneanillos-sin-vibracion","9":"product_cat-juguetes-bienestar","10":"product_cat-juguetes-bienestar-juguetes-para-hombres","11":"yith_product_brand-bathmate","13":"first","14":"instock","15":"taxable","16":"shipping-taxable","17":"purchasable","18":"product-type-simple"},"_links":{"self":[{"href":"https:\/\/www.bananatreeshop.com\/pt\/wp-json\/wp\/v2\/product\/22640","targetHints":{"allow":["GET"]}}],"collection":[{"href":"https:\/\/www.bananatreeshop.com\/pt\/wp-json\/wp\/v2\/product"}],"about":[{"href":"https:\/\/www.bananatreeshop.com\/pt\/wp-json\/wp\/v2\/types\/product"}],"replies":[{"embeddable":true,"href":"https:\/\/www.bananatreeshop.com\/pt\/wp-json\/wp\/v2\/comments?post=22640"}],"wp:featuredmedia":[{"embeddable":true,"href":"https:\/\/www.bananatreeshop.com\/pt\/wp-json\/wp\/v2\/media\/58604"}],"wp:attachment":[{"href":"https:\/\/www.bananatreeshop.com\/pt\/wp-json\/wp\/v2\/media?parent=22640"}],"wp:term":[{"taxonomy":"product_brand","embeddable":true,"href":"https:\/\/www.bananatreeshop.com\/pt\/wp-json\/wp\/v2\/product_brand?post=22640"},{"taxonomy":"product_cat","embeddable":true,"href":"https:\/\/www.bananatreeshop.com\/pt\/wp-json\/wp\/v2\/product_cat?post=22640"},{"taxonomy":"product_tag","embeddable":true,"href":"https:\/\/www.bananatreeshop.com\/pt\/wp-json\/wp\/v2\/product_tag?post=22640"}],"curies":[{"name":"wp","href":"https:\/\/api.w.org\/{rel}","templated":true}]}}