{"id":2284,"date":"2025-07-09T00:00:56","date_gmt":"2025-07-09T00:00:56","guid":{"rendered":"https:\/\/www.bananatreeshop.com\/?post_type=product&#038;p=2284"},"modified":"2026-04-20T14:02:15","modified_gmt":"2026-04-20T14:02:15","slug":"fetish-fantasy-series-lovers-fantasy-kit","status":"publish","type":"product","link":"https:\/\/www.bananatreeshop.com\/pt\/produto\/fetish-fantasy-series-lovers-fantasy-kit\/","title":{"rendered":"FETISH FANTASY SERIES &#8211; KIT AMANTES DE LA FANTASIA"},"content":{"rendered":"<p>Es un kit para bondage de la colecci\u00f3n FETISH FANTASY SERIES.<\/p>\n<p>Explore cada lado oscuro de su pareja con este kit de fantas\u00eda.<\/p>\n<p>El Kit incluye un l\u00e1tigo de cuero, esposas met\u00e1licas con llaves, y una m\u00e1scara del amor satinada.<\/p>\n<ul>\n<li>100% Ajustable<\/li>\n<\/ul>\n<p style=\"text-align: center;\"><iframe loading=\"lazy\" allowfullscreen=\"\" frameborder=\"0\" height=\"400\" mozallowfullscreen=\"\" src=\"https:\/\/player.vimeo.com\/video\/160619564\" webkitallowfullscreen=\"\" width=\"700\"><\/iframe><\/p>","protected":false},"excerpt":{"rendered":"<p>FETISH FANTASY SERIES &#8211; LOVERS FANTASY KIT<\/p>","protected":false},"featured_media":55457,"comment_status":"open","ping_status":"closed","template":"","meta":{"_eb_attr":""},"product_brand":[],"product_cat":[258,1152,1240,1343],"product_tag":[],"class_list":{"0":"post-2284","1":"product","2":"type-product","3":"status-publish","4":"has-post-thumbnail","6":"product_cat-bdsm-bondage","7":"product_cat-juguetes-bienestar","8":"product_cat-juguetes-bienestar-kits-juguetes-sexuales","9":"product_cat-juguetes-bienestar-mascaras-y-esposas","10":"yith_product_brand-pipedreamsfetish-fantasy-series","11":"yith_product_brand-pipedreams","13":"first","14":"instock","15":"taxable","16":"shipping-taxable","17":"purchasable","18":"product-type-simple"},"_links":{"self":[{"href":"https:\/\/www.bananatreeshop.com\/pt\/wp-json\/wp\/v2\/product\/2284","targetHints":{"allow":["GET"]}}],"collection":[{"href":"https:\/\/www.bananatreeshop.com\/pt\/wp-json\/wp\/v2\/product"}],"about":[{"href":"https:\/\/www.bananatreeshop.com\/pt\/wp-json\/wp\/v2\/types\/product"}],"replies":[{"embeddable":true,"href":"https:\/\/www.bananatreeshop.com\/pt\/wp-json\/wp\/v2\/comments?post=2284"}],"wp:featuredmedia":[{"embeddable":true,"href":"https:\/\/www.bananatreeshop.com\/pt\/wp-json\/wp\/v2\/media\/55457"}],"wp:attachment":[{"href":"https:\/\/www.bananatreeshop.com\/pt\/wp-json\/wp\/v2\/media?parent=2284"}],"wp:term":[{"taxonomy":"product_brand","embeddable":true,"href":"https:\/\/www.bananatreeshop.com\/pt\/wp-json\/wp\/v2\/product_brand?post=2284"},{"taxonomy":"product_cat","embeddable":true,"href":"https:\/\/www.bananatreeshop.com\/pt\/wp-json\/wp\/v2\/product_cat?post=2284"},{"taxonomy":"product_tag","embeddable":true,"href":"https:\/\/www.bananatreeshop.com\/pt\/wp-json\/wp\/v2\/product_tag?post=2284"}],"curies":[{"name":"wp","href":"https:\/\/api.w.org\/{rel}","templated":true}]}}