{"id":22998,"date":"2025-07-08T21:01:06","date_gmt":"2025-07-08T21:01:06","guid":{"rendered":"https:\/\/www.bananatreeshop.com\/?post_type=product&#038;p=22998"},"modified":"2026-04-05T05:52:43","modified_gmt":"2026-04-05T05:52:43","slug":"joydivision-warmup-oil-vanilla-150ml","status":"publish","type":"product","link":"https:\/\/www.bananatreeshop.com\/pt\/produto\/joydivision-warmup-oil-vanilla-150ml\/","title":{"rendered":"JOYDIVISION WARMUP &#8211; ACEITE DE MASAJE EFECTO CALOR VAINILLA 150ML"},"content":{"rendered":"<p>Qui\u00e9n no conoce la sensaci\u00f3n de placer durante un masaje pero el fr\u00edo hace pasar la misma muy r\u00e1pidamente? Con WARMup se soluciona este problema.<\/p>\n<p>El fascinante efecto de esta composici\u00f3n de alta calidad despliega sus dotes de inmediato de una manera muy placentera.<\/p>\n<p>Las diferentes variantes de perfume logran el traslado hacia un estado de \u00e1nimo latente de dejar volar sus fantas\u00edas. .<\/p>\n<p>WARMup &#8211; \u00a1el aceite para masajes de calidad superior para calentar las noches de amor ardiente!<br \/>Ventajas con WARMup:<\/p>\n<ul>\n<li>\u2022 puro placer de masaje para ambos \u00a0\u00a0\u00a0<\/li>\n<li>\u2022 sensaci\u00f3n aterciopelada de la piel<\/li>\n<li>\u2022 muy efectivo y rentable \u00a0\u00a0<\/li>\n<li>\u2022 comprobado dermatol\u00f3gica y cl\u00ednicamente<\/li>\n<li>\u2022 bajo control de calidad permanente \u00a0\u00a0<\/li>\n<\/ul>\n<p>Fabricado por la prestigiosa marca Alemana Joydivision, te har\u00e1n sentir un dulce placer!<\/p>\n<p>Envase de 150ml<\/p>","protected":false},"excerpt":{"rendered":"<p>PACKAGING DISPONIBLE EN: \/es\/en\/de\/<\/p>","protected":false},"featured_media":54840,"comment_status":"open","ping_status":"closed","template":"","meta":{"_eb_attr":""},"product_brand":[],"product_cat":[1168,1176,1163,1167],"product_tag":[],"class_list":{"0":"post-22998","1":"product","2":"type-product","3":"status-publish","4":"has-post-thumbnail","6":"product_cat-drogueria-para-masajesaceites-con-sabores","7":"product_cat-drogueria-para-masajescon-efecto-calor","8":"product_cat-drogueria","9":"product_cat-drogueria-para-masajes","10":"yith_product_brand-joydivision","11":"yith_product_brand-joydivisionjoydivision-warmup","13":"first","14":"instock","15":"taxable","16":"shipping-taxable","17":"purchasable","18":"product-type-simple"},"_links":{"self":[{"href":"https:\/\/www.bananatreeshop.com\/pt\/wp-json\/wp\/v2\/product\/22998","targetHints":{"allow":["GET"]}}],"collection":[{"href":"https:\/\/www.bananatreeshop.com\/pt\/wp-json\/wp\/v2\/product"}],"about":[{"href":"https:\/\/www.bananatreeshop.com\/pt\/wp-json\/wp\/v2\/types\/product"}],"replies":[{"embeddable":true,"href":"https:\/\/www.bananatreeshop.com\/pt\/wp-json\/wp\/v2\/comments?post=22998"}],"wp:featuredmedia":[{"embeddable":true,"href":"https:\/\/www.bananatreeshop.com\/pt\/wp-json\/wp\/v2\/media\/54840"}],"wp:attachment":[{"href":"https:\/\/www.bananatreeshop.com\/pt\/wp-json\/wp\/v2\/media?parent=22998"}],"wp:term":[{"taxonomy":"product_brand","embeddable":true,"href":"https:\/\/www.bananatreeshop.com\/pt\/wp-json\/wp\/v2\/product_brand?post=22998"},{"taxonomy":"product_cat","embeddable":true,"href":"https:\/\/www.bananatreeshop.com\/pt\/wp-json\/wp\/v2\/product_cat?post=22998"},{"taxonomy":"product_tag","embeddable":true,"href":"https:\/\/www.bananatreeshop.com\/pt\/wp-json\/wp\/v2\/product_tag?post=22998"}],"curies":[{"name":"wp","href":"https:\/\/api.w.org\/{rel}","templated":true}]}}