{"id":23243,"date":"2025-07-10T02:01:10","date_gmt":"2025-07-10T02:01:10","guid":{"rendered":"https:\/\/www.bananatreeshop.com\/?post_type=product&#038;p=23243"},"modified":"2026-04-16T07:08:58","modified_gmt":"2026-04-16T07:08:58","slug":"anal-fantasy-elite-collection-p-motion-massager","status":"publish","type":"product","link":"https:\/\/www.bananatreeshop.com\/pt\/produto\/anal-fantasy-elite-collection-p-motion-massager\/","title":{"rendered":"ANAL FANTASY ELITE COLLECTION &#8211; MASAJEADOR PROST\u00c1TICO P-MOTION"},"content":{"rendered":"<p>Si est\u00e1s buscandoun masajeador de prostata recargable que haga llegar a tu tu cuerpo al climax, el P motion es la elecci\u00f3n perfecta para t\u00ed. Este masajeador de prostata premium est\u00e1 ergon\u00f3micamente dise\u00f1ado y viene empaquetado con m\u00faltiples caracter\u00edsticas que te har\u00e1n explotar de placer con tan solo pulsar un bot\u00f3n.\u00a0<\/p>\n<ul>\n<li>Masajeador punto P &#8211; Potentes vibraciones.\u00a0<\/li>\n<li>Base ergon\u00f3mica, con un mango ancho y muy f\u00e1cil de quitar.\u00a0<\/li>\n<\/ul>\n<p>El P Motion est\u00e1 estrat\u00e9gicamente dise\u00f1ado para la estiomulaci\u00f3n de la prostata. Dispone de una punta redondeada c\u00f3nica para facilitar la inserci\u00f3n, adem\u00e1s est\u00e1 curvada y guarda una micro bala para enviar potentes vibraciones sobre el punto P.<\/p>\n<p>Elige entre 5 potentes modos de vibraci\u00f3n y consigue llegar a un mundo glorioso de placer. Pero esto no es todo, escondido en el segundo pliegue, hay dos bolas bolas giratorias que continuamente se mueve arriba y abajo dentro de su suave silicona. Su \u00fanico mecanismode masaje es como un balanc\u00edn subiendo y bajando contra las terminaciones m\u00e1s sensitivas del esf\u00ednter, estimulando la entrada anal mientras que la punta estimula las de la prostata.\u00a0<\/p>\n<ul>\n<li>Longitud. &#8211; ( 152 mm )<\/li>\n<li>Ancho &#8211; ( 104 mm )<\/li>\n<li>Longitud insertable . &#8211; ( 117 mm )<\/li>\n<li>Peso ( 130.41 grams )<\/li>\n<li>SIn ftalatos<\/li>\n<li>Sumergible.\u00a0<\/li>\n<\/ul>\n<p>Si eres nuevo en masajes prost\u00e1ticos te est\u00e1s perdiendo uno de los tipo de estimulaci\u00f3n m\u00e1s placenteros. Incluso los ya experimentados en anales, jam\u00e1s hab\u00edan experientado nada igual antes. El P Motion es lo \u00faltimo en masaajes prost\u00e1ticos dise\u00f1ados para proporcionarte el m\u00e1s intenso placer y potentes eyaculaciones que jam\u00e1s hayas imaginado. Pruebalo en la ducha o en el spa y convierte la hora del ba\u00f1o en tiempo de placer.\u00a0<\/p>\n<p>Su ancho mango previene que se deslice hacia dentro mientras que se mantiene c\u00f3modamente entre las nalgas, Nustra silicona BOy safe es muy agradable al tacto, hipoalerg\u00e9nica y hecha para que puedas jugar duro.\u00a0<\/p>\n<p>\u00a0<\/p>\n<p style=\"text-align: center;\"><iframe loading=\"lazy\" allowfullscreen=\"\" frameborder=\"0\" height=\"400\" src=\"https:\/\/player.vimeo.com\/video\/257005117\" width=\"700\"><\/iframe><\/p>","protected":false},"excerpt":{"rendered":"<p>ANAL FANTASY ELITE COLLECTION &#8211; MASAJEADOR PROSTATICO P-MOTION<\/p>","protected":false},"featured_media":61819,"comment_status":"open","ping_status":"closed","template":"","meta":{"_eb_attr":""},"product_brand":[],"product_cat":[1159,1161],"product_tag":[],"class_list":{"0":"post-23243","1":"product","2":"type-product","3":"status-publish","4":"has-post-thumbnail","6":"product_cat-juguetes-bienestar-vibradores","7":"product_cat-juguetes-bienestar-vibradoresvibradores-control-remoto","8":"yith_product_brand-pipedreamsanal-fantasy-elite-collection","9":"yith_product_brand-pipedreams","11":"first","12":"instock","13":"taxable","14":"shipping-taxable","15":"purchasable","16":"product-type-simple"},"_links":{"self":[{"href":"https:\/\/www.bananatreeshop.com\/pt\/wp-json\/wp\/v2\/product\/23243","targetHints":{"allow":["GET"]}}],"collection":[{"href":"https:\/\/www.bananatreeshop.com\/pt\/wp-json\/wp\/v2\/product"}],"about":[{"href":"https:\/\/www.bananatreeshop.com\/pt\/wp-json\/wp\/v2\/types\/product"}],"replies":[{"embeddable":true,"href":"https:\/\/www.bananatreeshop.com\/pt\/wp-json\/wp\/v2\/comments?post=23243"}],"wp:featuredmedia":[{"embeddable":true,"href":"https:\/\/www.bananatreeshop.com\/pt\/wp-json\/wp\/v2\/media\/61819"}],"wp:attachment":[{"href":"https:\/\/www.bananatreeshop.com\/pt\/wp-json\/wp\/v2\/media?parent=23243"}],"wp:term":[{"taxonomy":"product_brand","embeddable":true,"href":"https:\/\/www.bananatreeshop.com\/pt\/wp-json\/wp\/v2\/product_brand?post=23243"},{"taxonomy":"product_cat","embeddable":true,"href":"https:\/\/www.bananatreeshop.com\/pt\/wp-json\/wp\/v2\/product_cat?post=23243"},{"taxonomy":"product_tag","embeddable":true,"href":"https:\/\/www.bananatreeshop.com\/pt\/wp-json\/wp\/v2\/product_tag?post=23243"}],"curies":[{"name":"wp","href":"https:\/\/api.w.org\/{rel}","templated":true}]}}