{"id":23372,"date":"2025-07-09T04:00:46","date_gmt":"2025-07-09T04:00:46","guid":{"rendered":"https:\/\/www.bananatreeshop.com\/?post_type=product&#038;p=23372"},"modified":"2026-04-03T16:00:53","modified_gmt":"2026-04-03T16:00:53","slug":"secretplay-pocket-kamasutra-playing-cards-es-en-pt-it-fr-de","status":"publish","type":"product","link":"https:\/\/www.bananatreeshop.com\/pt\/produto\/secretplay-pocket-kamasutra-playing-cards-es-en-pt-it-fr-de\/","title":{"rendered":"SECRETPLAY &#8211; CARTAS KAMASUTRA MINI (ES\/EN\/PT\/IT\/FR\/DE)"},"content":{"rendered":"<p>Te apetece echar una partida de cartas?<\/p>\n<p>Seguro que has jugado a muchos de juegos de cartas diferentes, pero quiz\u00e1 no hayas probado a\u00fan un juego tan excitante como este juego de cartas de Kamasutra.<\/p>\n<ul>\n<li>Se compone de una baraja de 54 cartas, en la que aparece ilustrada en cada una de ellas una postura diferente y original del Kama Sutra.<\/li>\n<\/ul>\n<p>D\u00e9jate llevar por la tentaci\u00f3n y prueba ya este juego que tanto te gustar\u00e1 y al que no podr\u00e1s parar de jugar.<\/p>\n<p>Adem\u00e1s son en formato bolsillo, peque\u00f1as y pr\u00e1cticas para que las puedas llevar a cualquier sitio.<\/p>","protected":false},"excerpt":{"rendered":"<p>SECRETPLAY &#8211; POCKET KAMASUTRA PLAYING CARDS (ES\/EN\/PT\/IT\/FR\/DE)<\/p>","protected":false},"featured_media":56881,"comment_status":"open","ping_status":"closed","template":"","meta":{"_eb_attr":""},"product_brand":[],"product_cat":[1187,1190,1211,1207,1210,1208,1212,1213],"product_tag":[],"class_list":{"0":"post-23372","1":"product","2":"type-product","3":"status-publish","4":"has-post-thumbnail","6":"product_cat-juegos","7":"product_cat-juegos-juegos-de-cartas","8":"product_cat-juegos-juegos-en-aleman","9":"product_cat-juegos-juegos-en-espanol","10":"product_cat-juegos-juegos-en-frances","11":"product_cat-juegos-juegos-en-ingles","12":"product_cat-juegos-juegos-en-italiano","13":"product_cat-juegos-juegos-en-portugues","14":"yith_product_brand-secretplay","15":"yith_product_brand-secretplaysecretplay-100-games","17":"first","18":"instock","19":"taxable","20":"shipping-taxable","21":"purchasable","22":"product-type-simple"},"_links":{"self":[{"href":"https:\/\/www.bananatreeshop.com\/pt\/wp-json\/wp\/v2\/product\/23372","targetHints":{"allow":["GET"]}}],"collection":[{"href":"https:\/\/www.bananatreeshop.com\/pt\/wp-json\/wp\/v2\/product"}],"about":[{"href":"https:\/\/www.bananatreeshop.com\/pt\/wp-json\/wp\/v2\/types\/product"}],"replies":[{"embeddable":true,"href":"https:\/\/www.bananatreeshop.com\/pt\/wp-json\/wp\/v2\/comments?post=23372"}],"wp:featuredmedia":[{"embeddable":true,"href":"https:\/\/www.bananatreeshop.com\/pt\/wp-json\/wp\/v2\/media\/56881"}],"wp:attachment":[{"href":"https:\/\/www.bananatreeshop.com\/pt\/wp-json\/wp\/v2\/media?parent=23372"}],"wp:term":[{"taxonomy":"product_brand","embeddable":true,"href":"https:\/\/www.bananatreeshop.com\/pt\/wp-json\/wp\/v2\/product_brand?post=23372"},{"taxonomy":"product_cat","embeddable":true,"href":"https:\/\/www.bananatreeshop.com\/pt\/wp-json\/wp\/v2\/product_cat?post=23372"},{"taxonomy":"product_tag","embeddable":true,"href":"https:\/\/www.bananatreeshop.com\/pt\/wp-json\/wp\/v2\/product_tag?post=23372"}],"curies":[{"name":"wp","href":"https:\/\/api.w.org\/{rel}","templated":true}]}}