{"id":24082,"date":"2025-07-08T07:36:14","date_gmt":"2025-07-08T07:36:14","guid":{"rendered":"https:\/\/www.bananatreeshop.com\/?post_type=product&#038;p=24082"},"modified":"2026-04-14T14:04:19","modified_gmt":"2026-04-14T14:04:19","slug":"bijoux-indiscrets-horoscope-kit-leo","status":"publish","type":"product","link":"https:\/\/www.bananatreeshop.com\/pt\/produto\/bijoux-indiscrets-horoscope-kit-leo\/","title":{"rendered":"BIJOUX &#8211; INDISCRETS HOROSCOPE KIT LEO"},"content":{"rendered":"<p>La prestigiosa marca de accesorios de lujo ha creado un producto \u00fanico, 12 kits basado en los 12 signos del zod\u00edaco que reconecta a la mujer con su feminidad, mentalidad y psicolog\u00eda curada, personalizado con fragancias que puedes seleccionar basado en los elementos del zodiaco.<\/p>\n<p>En cada kit est\u00e1 incluido;<\/p>\n<ul>\n<li>Una piedra preciosa de collar, un precioso amuleto espiritual y refuerzo del bienestar.<\/li>\n<li>Una crema org\u00e1smica; Act\u00faa como un catalizador para la felicidad potenciando el orgasmo a nivel espiritual.<\/li>\n<li>Un vibrador; Descubre tu amor propio y experimenta la vibraci\u00f3n suave a moderada perfectamente estudiada para que te permita tener una experiencia cuerpo mente sobresaliente.<\/li>\n<\/ul>\n<p>Cada producto est\u00e1 presentado el tri\u00e1ngulo de Arist\u00f3teles en una elegante caja por fuera y por dentro. Un regalo perfecto para ti o para la persona que desees. Porque encontrar la felicidad de uno mismo es algo primordial en este siglo!<\/p>\n<p style=\"text-align: center;\"><img decoding=\"async\" alt=\"\" src=\"https:\/\/interno.dreamlove.es\/UserFiles\/images\/NECKLACE%281%29.png\" style=\"width: 661px; height: 509px;\" \/><\/p>\n<p style=\"text-align: center;\">\u00a0<\/p>","protected":false},"excerpt":{"rendered":"<p>BIJOUX &#8211; INDISCRETS HOROSCOPE KIT LEO<\/p>","protected":false},"featured_media":50418,"comment_status":"open","ping_status":"closed","template":"","meta":{"_eb_attr":""},"product_brand":[],"product_cat":[1152,1240],"product_tag":[],"class_list":{"0":"post-24082","1":"product","2":"type-product","3":"status-publish","4":"has-post-thumbnail","6":"product_cat-juguetes-bienestar","7":"product_cat-juguetes-bienestar-kits-juguetes-sexuales","8":"yith_product_brand-bijoux-indiscretsbijoux-horoscope","9":"yith_product_brand-bijoux-indiscrets","11":"first","12":"instock","13":"taxable","14":"shipping-taxable","15":"purchasable","16":"product-type-simple"},"_links":{"self":[{"href":"https:\/\/www.bananatreeshop.com\/pt\/wp-json\/wp\/v2\/product\/24082","targetHints":{"allow":["GET"]}}],"collection":[{"href":"https:\/\/www.bananatreeshop.com\/pt\/wp-json\/wp\/v2\/product"}],"about":[{"href":"https:\/\/www.bananatreeshop.com\/pt\/wp-json\/wp\/v2\/types\/product"}],"replies":[{"embeddable":true,"href":"https:\/\/www.bananatreeshop.com\/pt\/wp-json\/wp\/v2\/comments?post=24082"}],"wp:featuredmedia":[{"embeddable":true,"href":"https:\/\/www.bananatreeshop.com\/pt\/wp-json\/wp\/v2\/media\/50418"}],"wp:attachment":[{"href":"https:\/\/www.bananatreeshop.com\/pt\/wp-json\/wp\/v2\/media?parent=24082"}],"wp:term":[{"taxonomy":"product_brand","embeddable":true,"href":"https:\/\/www.bananatreeshop.com\/pt\/wp-json\/wp\/v2\/product_brand?post=24082"},{"taxonomy":"product_cat","embeddable":true,"href":"https:\/\/www.bananatreeshop.com\/pt\/wp-json\/wp\/v2\/product_cat?post=24082"},{"taxonomy":"product_tag","embeddable":true,"href":"https:\/\/www.bananatreeshop.com\/pt\/wp-json\/wp\/v2\/product_tag?post=24082"}],"curies":[{"name":"wp","href":"https:\/\/api.w.org\/{rel}","templated":true}]}}