{"id":24297,"date":"2025-07-18T12:01:36","date_gmt":"2025-07-18T12:01:36","guid":{"rendered":"https:\/\/www.bananatreeshop.com\/?post_type=product&#038;p=24297"},"modified":"2026-04-04T12:03:32","modified_gmt":"2026-04-04T12:03:32","slug":"fleshlight-sleeve-warmer","status":"publish","type":"product","link":"https:\/\/www.bananatreeshop.com\/pt\/produto\/fleshlight-sleeve-warmer\/","title":{"rendered":"FLESHLIGHT &#8211; CALENTADOR MANGAS"},"content":{"rendered":"<p>Calentar un\u00a0Fleshlight a\u00f1ade m\u00e1s placer y realismo a tu experiencia.<\/p>\n<p>Este instrumento calentar\u00e1\u00a0tu manga a una temperatura segura y muy c\u00f3moda en tan s\u00f3lo unos minutos. Mantendr\u00e1 autom\u00e1ticamente esa temperatura para que est\u00e9 lista cuando la necesites. Este calentador es resistente al agua y es el mejor lugar para secar y guardar tus mangas despu\u00e9s de la limpieza.<\/p>\n<p>Caracter\u00edsticas:<\/p>\n<ul>\n<li>4 patas<\/li>\n<li>Adaptador universal USB<\/li>\n<li>Masturbador no incluido<\/li>\n<\/ul>","protected":false},"excerpt":{"rendered":"<p>FLESHLIGHT &#8211; SLEEVE WARMER<\/p>","protected":false},"featured_media":88709,"comment_status":"open","ping_status":"closed","template":"","meta":{"_eb_attr":""},"product_brand":[],"product_cat":[1330,1152,1217,1239],"product_tag":[],"class_list":{"0":"post-24297","1":"product","2":"type-product","3":"status-publish","4":"has-post-thumbnail","6":"product_cat-juguetes-bienestar-juguetes-para-hombrescalentador-masturbadores","7":"product_cat-juguetes-bienestar","8":"product_cat-juguetes-bienestar-juguetes-para-hombres","9":"product_cat-juguetes-bienestar-juguetes-para-hombresmasturbadores-varios","10":"yith_product_brand-fleshlight","12":"first","13":"instock","14":"taxable","15":"shipping-taxable","16":"purchasable","17":"product-type-simple"},"_links":{"self":[{"href":"https:\/\/www.bananatreeshop.com\/pt\/wp-json\/wp\/v2\/product\/24297","targetHints":{"allow":["GET"]}}],"collection":[{"href":"https:\/\/www.bananatreeshop.com\/pt\/wp-json\/wp\/v2\/product"}],"about":[{"href":"https:\/\/www.bananatreeshop.com\/pt\/wp-json\/wp\/v2\/types\/product"}],"replies":[{"embeddable":true,"href":"https:\/\/www.bananatreeshop.com\/pt\/wp-json\/wp\/v2\/comments?post=24297"}],"wp:featuredmedia":[{"embeddable":true,"href":"https:\/\/www.bananatreeshop.com\/pt\/wp-json\/wp\/v2\/media\/88709"}],"wp:attachment":[{"href":"https:\/\/www.bananatreeshop.com\/pt\/wp-json\/wp\/v2\/media?parent=24297"}],"wp:term":[{"taxonomy":"product_brand","embeddable":true,"href":"https:\/\/www.bananatreeshop.com\/pt\/wp-json\/wp\/v2\/product_brand?post=24297"},{"taxonomy":"product_cat","embeddable":true,"href":"https:\/\/www.bananatreeshop.com\/pt\/wp-json\/wp\/v2\/product_cat?post=24297"},{"taxonomy":"product_tag","embeddable":true,"href":"https:\/\/www.bananatreeshop.com\/pt\/wp-json\/wp\/v2\/product_tag?post=24297"}],"curies":[{"name":"wp","href":"https:\/\/api.w.org\/{rel}","templated":true}]}}