{"id":24532,"date":"2025-07-09T03:01:30","date_gmt":"2025-07-09T03:01:30","guid":{"rendered":"https:\/\/www.bananatreeshop.com\/?post_type=product&#038;p=24532"},"modified":"2026-03-31T16:03:33","modified_gmt":"2026-03-31T16:03:33","slug":"secretplay-game-change-your-routine-out-of-routine-version-es-en","status":"publish","type":"product","link":"https:\/\/www.bananatreeshop.com\/pt\/produto\/secretplay-game-change-your-routine-out-of-routine-version-es-en\/","title":{"rendered":"SECRETPLAY &#8211; JUEGO CAMBIA TU RUTINA VERSION (ES\/EN)"},"content":{"rendered":"<p>Sal de la rutina con el nuevo juego de Secret Play<\/p>\n<p>C\u00f3mo se juega?<\/p>\n<p>Muy f\u00e1cil! Empieza el que obtenga el n\u00famero mayor con los dados num\u00e9ricos. Tira el dado con c\u00edrculos de colores que te indicar\u00e1 el color del tipo de pruebas que deber\u00e1s hacer. En &#8220;QUE VIVA EL ROMANCE&#8221; tendr\u00e9is pruebas de lo m\u00e1s rom\u00e1nticas, con &#8220;HAGAMOS PLANES&#8221; vivir\u00e9is las aventuras m\u00e1s sensuales, &#8220;SALGAMOS DE CASA&#8221; os permitir\u00e1 salir de la rutina en un d\u00eda cualquiera. Los actos m\u00e1s sexuales los vivir\u00e9is si os toca &#8220;PRELIMINARES&#8221; o &#8220;AL GRANO&#8221;. Y por \u00faltimo el que caiga en &#8220;PREMIO&#8221; podr\u00e1 disfrutar de los premios m\u00e1s picantes.<\/p>\n<p>Para saber cu\u00e1l de las actividades har\u00e9is deber\u00e1s lanzar los dos dados num\u00e9ricos y \u00e9stos te lo indicar\u00e1n. (Por ej. si sale la suma de 10 puntos en los dados y hab\u00edas ca\u00eddo en el tipo de prueba &#8220;PREMIO&#8221; os tocar\u00e1 hacer la prueba 10. A COMER!). En &#8220;HAGAMOS PLANES&#8221; y &#8220;SALGAMOS DE CASA&#8221; igual no pod\u00e9is realizar las pruebas en el momento pero no os preocup\u00e9is. Os guard\u00e1is las pruebas y en un plazo de menos de una semana deb\u00e9is cumplirlas.<\/p>\n<p>Incluye:\u00a0<\/p>\n<ul>\n<li>72 cartas de desaf\u00edos\u00a0<\/li>\n<li>Idiomas. ES\/EN<\/li>\n<li>3 dados\u00a0<\/li>\n<\/ul>","protected":false},"excerpt":{"rendered":"<p>SECRETPLAY &#8211; GAME CHANGE YOUR ROUTINE OUT OF ROUTINE VERSION (ES\/EN)<\/p>","protected":false},"featured_media":56788,"comment_status":"open","ping_status":"closed","template":"","meta":{"_eb_attr":""},"product_brand":[],"product_cat":[1209,1187,1190,1188,1207,1208],"product_tag":[],"class_list":{"0":"post-24532","1":"product","2":"type-product","3":"status-publish","4":"has-post-thumbnail","6":"product_cat-juegos-juego-de-dados","7":"product_cat-juegos","8":"product_cat-juegos-juegos-de-cartas","9":"product_cat-juegos-juegos-de-pareja","10":"product_cat-juegos-juegos-en-espanol","11":"product_cat-juegos-juegos-en-ingles","12":"yith_product_brand-secretplay","13":"yith_product_brand-secretplaysecretplay-100-games","15":"first","16":"instock","17":"taxable","18":"shipping-taxable","19":"purchasable","20":"product-type-simple"},"_links":{"self":[{"href":"https:\/\/www.bananatreeshop.com\/pt\/wp-json\/wp\/v2\/product\/24532","targetHints":{"allow":["GET"]}}],"collection":[{"href":"https:\/\/www.bananatreeshop.com\/pt\/wp-json\/wp\/v2\/product"}],"about":[{"href":"https:\/\/www.bananatreeshop.com\/pt\/wp-json\/wp\/v2\/types\/product"}],"replies":[{"embeddable":true,"href":"https:\/\/www.bananatreeshop.com\/pt\/wp-json\/wp\/v2\/comments?post=24532"}],"wp:featuredmedia":[{"embeddable":true,"href":"https:\/\/www.bananatreeshop.com\/pt\/wp-json\/wp\/v2\/media\/56788"}],"wp:attachment":[{"href":"https:\/\/www.bananatreeshop.com\/pt\/wp-json\/wp\/v2\/media?parent=24532"}],"wp:term":[{"taxonomy":"product_brand","embeddable":true,"href":"https:\/\/www.bananatreeshop.com\/pt\/wp-json\/wp\/v2\/product_brand?post=24532"},{"taxonomy":"product_cat","embeddable":true,"href":"https:\/\/www.bananatreeshop.com\/pt\/wp-json\/wp\/v2\/product_cat?post=24532"},{"taxonomy":"product_tag","embeddable":true,"href":"https:\/\/www.bananatreeshop.com\/pt\/wp-json\/wp\/v2\/product_tag?post=24532"}],"curies":[{"name":"wp","href":"https:\/\/api.w.org\/{rel}","templated":true}]}}