{"id":24534,"date":"2025-07-09T04:00:48","date_gmt":"2025-07-09T04:00:48","guid":{"rendered":"https:\/\/www.bananatreeshop.com\/?post_type=product&#038;p=24534"},"modified":"2026-03-31T16:03:41","modified_gmt":"2026-03-31T16:03:41","slug":"secretplay-couples-game-memory-play-es-en-it-fr-pt","status":"publish","type":"product","link":"https:\/\/www.bananatreeshop.com\/pt\/produto\/secretplay-couples-game-memory-play-es-en-it-fr-pt\/","title":{"rendered":"SECRETPLAY &#8211; JUEGO PAREJAS MEMORY PLAY (ES\/EN\/IT\/FR\/PT)"},"content":{"rendered":"<p>El juego Memory de siempre pero con cambios muy picantes!<\/p>\n<p>El juego contiene 40 cartas (20 cartas que se repiten 2 veces) Se colocan todas las cartas expuesta boca abajo distribuidas a lo largo de la mesa. Empieza el de mayor edad, deber\u00e1 poner hacia arriba 2 cartas, si las 2 cartas no son iguales le toca al otro.<\/p>\n<p>Si las cartas coinciden el jugador se las queda y tiene derecho a levantar m\u00e1s parejas hasta que no coincidan, que pasar\u00e1 el turno al otro jugador.<\/p>\n<p>El juego acaba cuando no quedan m\u00e1s cartas. El que haya obtenido mayor cantidad de cartas gana y podr\u00e1 elegir el orden en el que se realizar\u00e1n las posturas. Estas se representar\u00e1n al finalizar el juego cronometr\u00e1ndolas con el reloj de arena (60s), ni un minuto m\u00e1s!<\/p>\n<p>\u00a1Empieza el reto!<\/p>\n<ul>\n<li>Incluye cartas y reloj de arena<\/li>\n<\/ul>","protected":false},"excerpt":{"rendered":"<p>SECRETPLAY &#8211; COUPLES GAME MEMORY PLAY (ES\/EN\/IT\/FR\/PT)<\/p>","protected":false},"featured_media":56883,"comment_status":"open","ping_status":"closed","template":"","meta":{"_eb_attr":""},"product_brand":[],"product_cat":[1187,1188,1211,1207,1210,1208,1212,1213],"product_tag":[],"class_list":{"0":"post-24534","1":"product","2":"type-product","3":"status-publish","4":"has-post-thumbnail","6":"product_cat-juegos","7":"product_cat-juegos-juegos-de-pareja","8":"product_cat-juegos-juegos-en-aleman","9":"product_cat-juegos-juegos-en-espanol","10":"product_cat-juegos-juegos-en-frances","11":"product_cat-juegos-juegos-en-ingles","12":"product_cat-juegos-juegos-en-italiano","13":"product_cat-juegos-juegos-en-portugues","14":"yith_product_brand-secretplay","15":"yith_product_brand-secretplaysecretplay-100-games","17":"first","18":"instock","19":"taxable","20":"shipping-taxable","21":"purchasable","22":"product-type-simple"},"_links":{"self":[{"href":"https:\/\/www.bananatreeshop.com\/pt\/wp-json\/wp\/v2\/product\/24534","targetHints":{"allow":["GET"]}}],"collection":[{"href":"https:\/\/www.bananatreeshop.com\/pt\/wp-json\/wp\/v2\/product"}],"about":[{"href":"https:\/\/www.bananatreeshop.com\/pt\/wp-json\/wp\/v2\/types\/product"}],"replies":[{"embeddable":true,"href":"https:\/\/www.bananatreeshop.com\/pt\/wp-json\/wp\/v2\/comments?post=24534"}],"wp:featuredmedia":[{"embeddable":true,"href":"https:\/\/www.bananatreeshop.com\/pt\/wp-json\/wp\/v2\/media\/56883"}],"wp:attachment":[{"href":"https:\/\/www.bananatreeshop.com\/pt\/wp-json\/wp\/v2\/media?parent=24534"}],"wp:term":[{"taxonomy":"product_brand","embeddable":true,"href":"https:\/\/www.bananatreeshop.com\/pt\/wp-json\/wp\/v2\/product_brand?post=24534"},{"taxonomy":"product_cat","embeddable":true,"href":"https:\/\/www.bananatreeshop.com\/pt\/wp-json\/wp\/v2\/product_cat?post=24534"},{"taxonomy":"product_tag","embeddable":true,"href":"https:\/\/www.bananatreeshop.com\/pt\/wp-json\/wp\/v2\/product_tag?post=24534"}],"curies":[{"name":"wp","href":"https:\/\/api.w.org\/{rel}","templated":true}]}}