{"id":24566,"date":"2025-07-17T20:00:32","date_gmt":"2025-07-17T20:00:32","guid":{"rendered":"https:\/\/www.bananatreeshop.com\/?post_type=product&#038;p=24566"},"modified":"2026-04-04T13:03:34","modified_gmt":"2026-04-04T13:03:34","slug":"satisfyer-pro-3-vibration-2020-edition","status":"publish","type":"product","link":"https:\/\/www.bananatreeshop.com\/pt\/produto\/satisfyer-pro-3-vibration-2020-edition\/","title":{"rendered":"SATISFYER &#8211; PRO 3 VIBRATION EDICI\u00d3N 2020"},"content":{"rendered":"<p>Para conseguir orgasmos m\u00faltiples y m\u00e1s intensos. Satisfyer Pro 3\u00a0next generation vibration estimula el cl\u00edtoris sin contacto con ondas expansivas y pulsaciones excitantes para obtener un mayor placer.<\/p>\n<ul>\n<li>Estimulaci\u00f3n del cl\u00edtoris sin contacto<\/li>\n<li>Estimulaci\u00f3n por onda expansiva<\/li>\n<li>Vibraci\u00f3n<\/li>\n<li>Cable USB de carga magn\u00e9tica Incluido<\/li>\n<li>Bater\u00eda de iones de Litio<\/li>\n<li>Silicona agradable al cuerpo<\/li>\n<li>11 Programas<\/li>\n<li>90% m\u00e1s silencioso<\/li>\n<\/ul>\n<p>Que ofrece Next Generation Vibration?<\/p>\n<p>Todo lo que quieren las mujeres&#8230; Este juguete con cabezal ovalada, una t\u00e9cnica innovadora de presi\u00f3n y masaje sin contacto para un mayor placer.\u00a0<\/p>\n<p>Para encender el estimualuador de lujo,\u00a0solo tendr\u00e1 que pulsar el bot\u00f3n inferior y m\u00e1s peque\u00f1o durante unos 2 segundos hasta que se haya activado el nivel m\u00e1s bajo de masaje en el Satisfyer Pro 3\u00a0NG Vibration.<\/p>\n<p>Ahora, abra un poquito los labios de la vulva y sep\u00e1relos para dejar despejado el cl\u00edtoris. Coloque el cabezal ovalado con una ligera presi\u00f3n en el cl\u00edtoris, de modo que se encuentre en la cavidad. Cuando haya encontrado la posici\u00f3n ideal, no tendr\u00e1 que mover m\u00e1s el dildo.<\/p>\n<p>Si quiere aumentar la intensidad, pulse brevemente el bot\u00f3n m\u00e1s grande y ovalado. Cada vez que lo pulse, aumentar\u00e1 la intensidad un nivel. Hay 11 niveles de intensidad que puede elegir. A partir del nivel 11, puede reducir la velocidad paso a paso con el bot\u00f3n m\u00e1s grande y ovalado. Mientras el dildo est\u00e9 en funcionamiento, el LED estar\u00e1 continuamente en el campo del usuario.\u00a0<\/p>\n<p>Enciende la vibraci\u00f3n para aumentar la sensaci\u00f3n este exclusivo modelo.<\/p>\n<p>Es incre\u00edblemente genial. El producto es recargable, por lo que permite un manejo c\u00f3modo y libre de cables.<\/p>\n<p>Importante: debe estar totalmente cargado desde la primera aplicaci\u00f3n, es facil\u00edsimo con el cable de carga USB incluido. Ac\u00f3plelo con los dos contactos magn\u00e9ticos en los lugares de contacto previstos y de metal del dildo. Si el cable de carga no se adhiere, puede conectarlo al circuito el\u00e9ctrico y esperar un momento.<\/p>\n<p>As\u00ed se activar\u00e1 el im\u00e1n y la conexi\u00f3n de los contactos se restablecer\u00e1 autom\u00e1ticamente. Durante el proceso de carga, el LED parpadea. En cuanto se finalice el proceso de carga, lucir\u00e1 de forma continua.<\/p>\n<p>El primer proceso de carga puede durar un m\u00e1ximo de ocho horas.<\/p>","protected":false},"excerpt":{"rendered":"<p>SATISFYER &#8211; PRO 3 VIBRATION 2020 EDITION<\/p>","protected":false},"featured_media":86207,"comment_status":"open","ping_status":"closed","template":"","meta":{"_eb_attr":""},"product_brand":[],"product_cat":[1160,1250,1152,1153,1260,1449,1159,1263],"product_tag":[],"class_list":{"0":"post-24566","1":"product","2":"type-product","3":"status-publish","4":"has-post-thumbnail","6":"product_cat-juguetes-bienestar-vibradores100-sumergible","7":"product_cat-juguetes-bienestar-juguetes-para-mujeresestimuladores","8":"product_cat-juguetes-bienestar","9":"product_cat-juguetes-bienestar-juguetes-para-mujeres","10":"product_cat-juguetes-bienestar-juguetes-para-mujeresestimuladorespara-clitoris","11":"product_cat-juguetes-bienestar-juguetes-para-mujeresestimuladoressuccionadores-con-vibracion","12":"product_cat-juguetes-bienestar-vibradores","13":"product_cat-juguetes-bienestar-vibradoresvibradores-succionadores-ondas-presion","14":"yith_product_brand-satisfyer","15":"yith_product_brand-satisfyer-satisfyer-air-pulse","17":"first","18":"instock","19":"taxable","20":"shipping-taxable","21":"purchasable","22":"product-type-simple"},"_links":{"self":[{"href":"https:\/\/www.bananatreeshop.com\/pt\/wp-json\/wp\/v2\/product\/24566","targetHints":{"allow":["GET"]}}],"collection":[{"href":"https:\/\/www.bananatreeshop.com\/pt\/wp-json\/wp\/v2\/product"}],"about":[{"href":"https:\/\/www.bananatreeshop.com\/pt\/wp-json\/wp\/v2\/types\/product"}],"replies":[{"embeddable":true,"href":"https:\/\/www.bananatreeshop.com\/pt\/wp-json\/wp\/v2\/comments?post=24566"}],"wp:featuredmedia":[{"embeddable":true,"href":"https:\/\/www.bananatreeshop.com\/pt\/wp-json\/wp\/v2\/media\/86207"}],"wp:attachment":[{"href":"https:\/\/www.bananatreeshop.com\/pt\/wp-json\/wp\/v2\/media?parent=24566"}],"wp:term":[{"taxonomy":"product_brand","embeddable":true,"href":"https:\/\/www.bananatreeshop.com\/pt\/wp-json\/wp\/v2\/product_brand?post=24566"},{"taxonomy":"product_cat","embeddable":true,"href":"https:\/\/www.bananatreeshop.com\/pt\/wp-json\/wp\/v2\/product_cat?post=24566"},{"taxonomy":"product_tag","embeddable":true,"href":"https:\/\/www.bananatreeshop.com\/pt\/wp-json\/wp\/v2\/product_tag?post=24566"}],"curies":[{"name":"wp","href":"https:\/\/api.w.org\/{rel}","templated":true}]}}