{"id":24660,"date":"2025-07-18T15:01:22","date_gmt":"2025-07-18T15:01:22","guid":{"rendered":"https:\/\/www.bananatreeshop.com\/?post_type=product&#038;p=24660"},"modified":"2026-04-06T03:02:22","modified_gmt":"2026-04-06T03:02:22","slug":"blacksilver-dexter-massage-wand","status":"publish","type":"product","link":"https:\/\/www.bananatreeshop.com\/pt\/produto\/blacksilver-dexter-massage-wand\/","title":{"rendered":"BLACKSILVER &#8211; DEXTER MASSAGE WAND"},"content":{"rendered":"<p>Versatilidad, intensidad, potencia y exploraci\u00f3n son las palabras que definen al nuevo DEXTER. Todo en uno, un masajeador vers\u00e1til que incorpora 10 potentes modos de vibraci\u00f3n de suave a muy fuerte.<\/p>\n<p>F\u00e1cil uso, tan solo tres botones retroiluminados controlan a Dexter, basta tan solo 3 segundos seguidos para activarlo o desactivarlo.<\/p>\n<p>El vibrador est\u00e1 alimentado con una bater\u00eda en su interior que lleva incorporado un acumulador de recarga. El proceso de recarga funciona a trav\u00e9s de un cargador USB incluido que utiliza la tecnolog\u00eda carga r\u00e1pida en menos de 2 horas.<\/p>\n<ul>\n<li>Recargable v\u00eda USB incluido con bater\u00eda de litio iones.<\/li>\n<li>100% Silicona libre de ftalatos suave y sedosa.<\/li>\n<li>100% Sumergible, apto para la ducha o Spa<\/li>\n<li>Medidas; 30.6 x 5.5cm max.<\/li>\n<\/ul>\n<p style=\"margin-left:18.0pt;\">\u00a1Vuela en tu imaginaci\u00f3n, el resto lo hace Dexter!<\/p>\n<p>1 a\u00f1o completo de garant\u00eda.<\/p>\n<p><span font-size:=\"\" roboto=\"\" style=\"color: rgb(57, 57, 57); font-family: \">**Nota; Este producto est\u00e1 prohibido venderlo en cualquier canal E-commerce. La venta est\u00e1 autorizada para puntos fisicos.\u00a0<\/span><\/p>","protected":false},"excerpt":{"rendered":"<p>BLACKSILVER &#8211; DEXTER MASSAGE WAND<\/p>","protected":false},"featured_media":89270,"comment_status":"open","ping_status":"closed","template":"","meta":{"_eb_attr":""},"product_brand":[],"product_cat":[1152,1268,1159],"product_tag":[],"class_list":{"0":"post-24660","1":"product","2":"type-product","3":"status-publish","4":"has-post-thumbnail","6":"product_cat-juguetes-bienestar","7":"product_cat-juguetes-bienestar-vibradoresvibrador-wand","8":"product_cat-juguetes-bienestar-vibradores","9":"yith_product_brand-blacksilver","11":"first","12":"instock","13":"taxable","14":"shipping-taxable","15":"purchasable","16":"product-type-simple"},"_links":{"self":[{"href":"https:\/\/www.bananatreeshop.com\/pt\/wp-json\/wp\/v2\/product\/24660","targetHints":{"allow":["GET"]}}],"collection":[{"href":"https:\/\/www.bananatreeshop.com\/pt\/wp-json\/wp\/v2\/product"}],"about":[{"href":"https:\/\/www.bananatreeshop.com\/pt\/wp-json\/wp\/v2\/types\/product"}],"replies":[{"embeddable":true,"href":"https:\/\/www.bananatreeshop.com\/pt\/wp-json\/wp\/v2\/comments?post=24660"}],"wp:featuredmedia":[{"embeddable":true,"href":"https:\/\/www.bananatreeshop.com\/pt\/wp-json\/wp\/v2\/media\/89270"}],"wp:attachment":[{"href":"https:\/\/www.bananatreeshop.com\/pt\/wp-json\/wp\/v2\/media?parent=24660"}],"wp:term":[{"taxonomy":"product_brand","embeddable":true,"href":"https:\/\/www.bananatreeshop.com\/pt\/wp-json\/wp\/v2\/product_brand?post=24660"},{"taxonomy":"product_cat","embeddable":true,"href":"https:\/\/www.bananatreeshop.com\/pt\/wp-json\/wp\/v2\/product_cat?post=24660"},{"taxonomy":"product_tag","embeddable":true,"href":"https:\/\/www.bananatreeshop.com\/pt\/wp-json\/wp\/v2\/product_tag?post=24660"}],"curies":[{"name":"wp","href":"https:\/\/api.w.org\/{rel}","templated":true}]}}