{"id":24688,"date":"2025-07-12T14:01:05","date_gmt":"2025-07-12T14:01:05","guid":{"rendered":"https:\/\/www.bananatreeshop.com\/?post_type=product&#038;p=24688"},"modified":"2026-04-18T13:03:32","modified_gmt":"2026-04-18T13:03:32","slug":"secretplay-bdsm-set-8pcs-purble-black","status":"publish","type":"product","link":"https:\/\/www.bananatreeshop.com\/pt\/produto\/secretplay-bdsm-set-8pcs-purble-black\/","title":{"rendered":"SECRETPLAY &#8211; BDSM SET 8PCS LILA \/ NEGRO"},"content":{"rendered":"<p>Por fin todo lo que quer\u00edais probar en relaci\u00f3n al BDSM en este set de Bondage: todo de cuero sint\u00e9tico, todo de color negro. Y es que no os faltar\u00e1 de nada ya se\u00e1is principiantes o expertos. No os lo cre\u00e9is?<\/p>\n<p>El set Incluye:<\/p>\n<ul>\n<li>Un l\u00e1tigo para azote, as\u00ed que ya sab\u00e9is&#8230; portaos mal.<\/li>\n<li>2 juegos de esposas para poder atar mu\u00f1ecas y tobillos o todo junto con la pieza de union en forma de x&#8230; Quietecitos se les controla mejor.<\/li>\n<li>Mordaza de bola con agujeros&#8230; Y es que calladit@s est\u00e1is m\u00e1s guap@s.<\/li>\n<li>Cuerda de Bondage de 10m&#8230; Vale, no es de cuero, pero es extremadamente suave y manejable para practicar todas las ataduras o suspensiones que se os ocurran.<\/li>\n<li>Antifaz&#8230; Cubre los ojos para entrar en un mundo desconocido donde las caricias, los susurros y los olores se perciben con mayor intensidad.<\/li>\n<li>Collar acolchado con correa&#8230; Nunca obedecer o ser castigados os resultar\u00e1 tan satisfactorio<\/li>\n<li>Pinzas para los pezones&#8230; para las mas atrevidas<\/li>\n<\/ul>\n<p>Recordad que el BDSM, como pr\u00e1ctica er\u00f3tica, se apoya siempre en el consentimiento de los participantes&#8230; todo con mucho cari\u00f1ito! No esper\u00e9is m\u00e1s!<\/p>","protected":false},"excerpt":{"rendered":"<p>SECRETPLAY &#8211; BDSM SET 8PCS PURBLE \/BLACK<\/p>","protected":false},"featured_media":70902,"comment_status":"open","ping_status":"closed","template":"","meta":{"_eb_attr":""},"product_brand":[],"product_cat":[1355,258,1344,1152,1240,1346],"product_tag":[],"class_list":{"0":"post-24688","1":"product","2":"type-product","3":"status-publish","4":"has-post-thumbnail","6":"product_cat-bdsm-bondage-articulos-bdsm","7":"product_cat-bdsm-bondage","8":"product_cat-bdsm-bondage-bondage","9":"product_cat-juguetes-bienestar","10":"product_cat-juguetes-bienestar-kits-juguetes-sexuales","11":"product_cat-bdsm-bondage-bondagesets-bondage","12":"yith_product_brand-secretplay","13":"yith_product_brand-secretplaysecretplay-100-fetish","15":"first","16":"instock","17":"taxable","18":"shipping-taxable","19":"purchasable","20":"product-type-simple"},"_links":{"self":[{"href":"https:\/\/www.bananatreeshop.com\/pt\/wp-json\/wp\/v2\/product\/24688","targetHints":{"allow":["GET"]}}],"collection":[{"href":"https:\/\/www.bananatreeshop.com\/pt\/wp-json\/wp\/v2\/product"}],"about":[{"href":"https:\/\/www.bananatreeshop.com\/pt\/wp-json\/wp\/v2\/types\/product"}],"replies":[{"embeddable":true,"href":"https:\/\/www.bananatreeshop.com\/pt\/wp-json\/wp\/v2\/comments?post=24688"}],"wp:featuredmedia":[{"embeddable":true,"href":"https:\/\/www.bananatreeshop.com\/pt\/wp-json\/wp\/v2\/media\/70902"}],"wp:attachment":[{"href":"https:\/\/www.bananatreeshop.com\/pt\/wp-json\/wp\/v2\/media?parent=24688"}],"wp:term":[{"taxonomy":"product_brand","embeddable":true,"href":"https:\/\/www.bananatreeshop.com\/pt\/wp-json\/wp\/v2\/product_brand?post=24688"},{"taxonomy":"product_cat","embeddable":true,"href":"https:\/\/www.bananatreeshop.com\/pt\/wp-json\/wp\/v2\/product_cat?post=24688"},{"taxonomy":"product_tag","embeddable":true,"href":"https:\/\/www.bananatreeshop.com\/pt\/wp-json\/wp\/v2\/product_tag?post=24688"}],"curies":[{"name":"wp","href":"https:\/\/api.w.org\/{rel}","templated":true}]}}