{"id":24997,"date":"2025-07-13T03:01:52","date_gmt":"2025-07-13T03:01:52","guid":{"rendered":"https:\/\/www.bananatreeshop.com\/?post_type=product&#038;p=24997"},"modified":"2026-04-19T01:03:14","modified_gmt":"2026-04-19T01:03:14","slug":"fetish-submissive-doggy-style-harness-with-noprene-lining","status":"publish","type":"product","link":"https:\/\/www.bananatreeshop.com\/pt\/produto\/fetish-submissive-doggy-style-harness-with-noprene-lining\/","title":{"rendered":"FETISH SUBMISSIVE &#8211; ARN\u00c9S PARA HACERLO ESTILO PERRITO CON FORRO DE NEOPRENO"},"content":{"rendered":"<div>Toma el control con el Fetish Submisive cintur\u00f3n ajustable arn\u00e9s doggy.<\/div>\n<div>Un perfecto arn\u00e9s acolchado con tirantes ajustables.\u00a0<\/div>\n<div>\u00a1Practica la famosa postura perrito!<\/div>\n<div>\u00a0<\/div>\n<div>\u00a1La postura del perrito puede hacerte llegar al cielo! Vale que no es la postura m\u00e1s rom\u00e1ntica que conocemos, pero es la que permite mayor fricci\u00f3n y contacto con tu pareja, algo que, en definitiva, se traducir\u00e1 en un placer sin l\u00edmites. La has probado alguna vez? Esto es todo lo que necesitas saber sobre ella&#8230;<\/div>\n<div>Si hablamos de sexo y posturas sexuales, &#8220;la del perrito&#8221; es sin lugar a duda una de las m\u00e1s populares, sobre todo porque es una de las m\u00e1s atrevidas y una de las que proporcionan m\u00e1s placer. Practicada desde tiempos inmemoriales, es objeto de fantas\u00edas tanto de hombres como de mujeres&#8230; Quieres saber por qu\u00e9 es la postura favorita de muchos? Aunque hay muchas m\u00e1s con las que probar&#8230;<\/div>\n<div>\u00a0<\/div>\n<div>La t\u00e9cnica con el arn\u00e9s<\/div>\n<div>\u00a0<\/div>\n<div>Hay que decir que esta postura puede no agradar a todo el mundo, especialmente a los m\u00e1s rom\u00e1nticos. Durante otras posturas, como el cl\u00e1sico misionero, puedes mirar y besar a tu pareja, pero con el perrito, la cosa se vuelve m\u00e1s complicada. En esta postura, la mujer o el hombre\u00a0 debe ponerse &#8216;a cuatro patas&#8217;, y el hombre que penetra debe colocarse de rodillas detr\u00e1s de ella o el,\u00a0 ajustando su altura a la de sus caderas. As\u00ed, el hombre tiene total control sobre la penetraci\u00f3n, la velocidad o el ritmo, algo que puede llegar a ser muy er\u00f3tico.<\/div>\n<div>\u00a0<\/div>\n<div>La postura, como no pod\u00eda ser de otra manera, ofrece sensaciones muy intensas: con ella se consigue una penetraci\u00f3n muy profunda, permite alcanzar con facilidad el punto G y, dependiendo del \u00e1ngulo, tambi\u00e9n otros lados de la vagina o el ano, lo que implica un placer inigualable. Al mismo tiempo, hace que el hombre tenga acceso directo al cl\u00edtoris, pudiendo estimularlo durante la penetraci\u00f3n. \u00a1Si eres algo t\u00edmida, no te sientas intimidada! La postura del perrito tambi\u00e9n es fant\u00e1stica para dejarse llevar por el momento, ya que al no haber contacto visual, no tendr\u00e1s que preocuparte por tus expresiones faciales mientras tienes sexo, algo que para muchas mujeres puede ser un quebradero de cabeza.<\/div>\n<div>\u00a0<\/div>\n<div><strong>El arn\u00e9s FETISH SUBMISIVE<\/strong> facilita la penetraci\u00f3n m\u00e1s profunda la estimulaci\u00f3n del punto G en el caso de la penetraci\u00f3n mujer-mujer o el punto P en caso de la penetraci\u00f3n hombre-hombre. Aumenta \u00e1ngulos de penetraci\u00f3n de 90 grados a 45 grados.<\/div>\n<ul>\n<li>Fabricado en material; Neopreno, Metal libre de niquel y Cuero vegano.<\/li>\n<\/ul>\n<div>\u00a1La colecci\u00f3n Fetish Submisive es la perfecta para el BDSM, calidad y resistencia aptas para cualquier juego!<\/div>\n<div style=\"text-align: center;\">\u00a0<\/div>","protected":false},"excerpt":{"rendered":"<p>FETISH SUBMISSIVE &#8211; DO IT DOGGIE HARNESS WITH NEOPRENE LINING<\/p>","protected":false},"featured_media":73034,"comment_status":"open","ping_status":"closed","template":"","meta":{"_eb_attr":""},"product_brand":[],"product_cat":[1220,1373,258,1344,1230,1152],"product_tag":[],"class_list":{"0":"post-24997","1":"product","2":"type-product","3":"status-publish","4":"has-post-thumbnail","6":"product_cat-juguetes-bienestar-arneses","7":"product_cat-bdsm-bondage-bondagearneses-fijacion","8":"product_cat-bdsm-bondage","9":"product_cat-bdsm-bondage-bondage","10":"product_cat-juguetes-bienestar-arnesescomplementos-arneses","11":"product_cat-juguetes-bienestar","12":"yith_product_brand-fetish-submissive","13":"yith_product_brand-fetish-submissivefetish-submissive-bondage","15":"first","16":"instock","17":"taxable","18":"shipping-taxable","19":"purchasable","20":"product-type-simple"},"_links":{"self":[{"href":"https:\/\/www.bananatreeshop.com\/pt\/wp-json\/wp\/v2\/product\/24997","targetHints":{"allow":["GET"]}}],"collection":[{"href":"https:\/\/www.bananatreeshop.com\/pt\/wp-json\/wp\/v2\/product"}],"about":[{"href":"https:\/\/www.bananatreeshop.com\/pt\/wp-json\/wp\/v2\/types\/product"}],"replies":[{"embeddable":true,"href":"https:\/\/www.bananatreeshop.com\/pt\/wp-json\/wp\/v2\/comments?post=24997"}],"wp:featuredmedia":[{"embeddable":true,"href":"https:\/\/www.bananatreeshop.com\/pt\/wp-json\/wp\/v2\/media\/73034"}],"wp:attachment":[{"href":"https:\/\/www.bananatreeshop.com\/pt\/wp-json\/wp\/v2\/media?parent=24997"}],"wp:term":[{"taxonomy":"product_brand","embeddable":true,"href":"https:\/\/www.bananatreeshop.com\/pt\/wp-json\/wp\/v2\/product_brand?post=24997"},{"taxonomy":"product_cat","embeddable":true,"href":"https:\/\/www.bananatreeshop.com\/pt\/wp-json\/wp\/v2\/product_cat?post=24997"},{"taxonomy":"product_tag","embeddable":true,"href":"https:\/\/www.bananatreeshop.com\/pt\/wp-json\/wp\/v2\/product_tag?post=24997"}],"curies":[{"name":"wp","href":"https:\/\/api.w.org\/{rel}","templated":true}]}}