{"id":25095,"date":"2025-07-15T00:00:24","date_gmt":"2025-07-15T00:00:24","guid":{"rendered":"https:\/\/www.bananatreeshop.com\/?post_type=product&#038;p=25095"},"modified":"2026-04-03T06:02:53","modified_gmt":"2026-04-03T06:02:53","slug":"me-seduce-pati-set-white-xxl-xxxl","status":"publish","type":"product","link":"https:\/\/www.bananatreeshop.com\/pt\/produto\/me-seduce-pati-set-white-xxl-xxxl\/","title":{"rendered":"ME-SEDUCE PATI SET BLANCO L\/XL"},"content":{"rendered":"<p>Presentamos Black Diamond, la nueva colecci\u00f3n de la prestigiosa marca de lencer\u00eda Europea Me-Seduce y sus exclusivas piezas y complementos:\u00a0<\/p>\n<ul>\n<li>Set colecci\u00f3n Pati\u00a0<\/li>\n<li>Una verdadera bomba sexual, set de 5 piezas\u00a0<\/li>\n<li>Compuesto por sujetador abierto, liguero, tanga y dos ligas, permitiendo que puedas llevarlas sin medias.\u00a0<\/li>\n<li>Todo creando un estilo \u00fanico con preciosos ornamentos hechos a mano<\/li>\n<li>M\u00faltiples posibilidades de regulaci\u00f3n que hace que se adapte perfectamente a tu silueta\u00a0<\/li>\n<li>Composici\u00f3n: 60% poliester \/ 40% el\u00e1stano<\/li>\n<li>Color: Blanco<\/li>\n<li>Talla: XXL\/XXXL<\/li>\n<\/ul>\n<p>Me-Seduce fue creada en 2013 y se dedica al dise\u00f1o y fabricaci\u00f3n de\u00a0lencer\u00eda er\u00f3tica para mujeres y hombres. En Oto\u00f1o de 2018 la marca fue galardonada con el XBIZ Europe y le dieron el premio a la Mejor empresa de lencer\u00eda del a\u00f1o 2018. Era la primera edici\u00f3n europea y la \u00fanica marca polaca nominada. Ahora en este 2019, ha sido nominada en la edicion americana de los premios XBIZ de 2019 en dos categor\u00edas: La mejor empresa de Lencer\u00eda (2019) y La mejor colecci\u00f3n del a\u00f1o (2019)<\/p>\n<p>\u00a0<\/p>\n<p style=\"text-align: center;\"><img decoding=\"async\" alt=\"\" src=\"https:\/\/interno.dreamlove.es\/UserFiles\/images\/TALLAS%20ME%20SEDUCE%281%29.jpg\" style=\"width: 577px; height: 519px;\" \/><\/p>","protected":false},"excerpt":{"rendered":"<p>ME-SEDUCE &#8211; PATI SET BLANCO XXL\/XXXL<\/p>","protected":false},"featured_media":79366,"comment_status":"open","ping_status":"closed","template":"","meta":{"_eb_attr":""},"product_brand":[],"product_cat":[1380,1383,1387,1225,1386,1226,1191],"product_tag":[],"class_list":{"0":"post-25095","1":"product","2":"type-product","3":"status-publish","4":"has-post-thumbnail","6":"product_cat-moda-lencerialenceria-mujeraccesorios","7":"product_cat-moda-lencerialenceria-mujeraccesoriosarnes-para-el-cuerpo","8":"product_cat-moda-lencerialenceria-mujerlenceria-picanteconjunto-de-lenceria-sexy","9":"product_cat-moda-lencerialenceria-mujer","10":"product_cat-moda-lencerialenceria-mujerlenceria-picante","11":"product_cat-moda-lencerialenceria-mujerlenceria-sexy","12":"product_cat-moda-lenceria","13":"pa_size-xxl-xxxl","14":"yith_product_brand-me-seduce","15":"yith_product_brand-me-seduce-me-seduce-set","17":"first","18":"instock","19":"taxable","20":"shipping-taxable","21":"purchasable","22":"product-type-variable","23":"has-default-attributes"},"_links":{"self":[{"href":"https:\/\/www.bananatreeshop.com\/pt\/wp-json\/wp\/v2\/product\/25095","targetHints":{"allow":["GET"]}}],"collection":[{"href":"https:\/\/www.bananatreeshop.com\/pt\/wp-json\/wp\/v2\/product"}],"about":[{"href":"https:\/\/www.bananatreeshop.com\/pt\/wp-json\/wp\/v2\/types\/product"}],"replies":[{"embeddable":true,"href":"https:\/\/www.bananatreeshop.com\/pt\/wp-json\/wp\/v2\/comments?post=25095"}],"wp:featuredmedia":[{"embeddable":true,"href":"https:\/\/www.bananatreeshop.com\/pt\/wp-json\/wp\/v2\/media\/79366"}],"wp:attachment":[{"href":"https:\/\/www.bananatreeshop.com\/pt\/wp-json\/wp\/v2\/media?parent=25095"}],"wp:term":[{"taxonomy":"product_brand","embeddable":true,"href":"https:\/\/www.bananatreeshop.com\/pt\/wp-json\/wp\/v2\/product_brand?post=25095"},{"taxonomy":"product_cat","embeddable":true,"href":"https:\/\/www.bananatreeshop.com\/pt\/wp-json\/wp\/v2\/product_cat?post=25095"},{"taxonomy":"product_tag","embeddable":true,"href":"https:\/\/www.bananatreeshop.com\/pt\/wp-json\/wp\/v2\/product_tag?post=25095"}],"curies":[{"name":"wp","href":"https:\/\/api.w.org\/{rel}","templated":true}]}}