{"id":25100,"date":"2025-07-15T00:00:28","date_gmt":"2025-07-15T00:00:28","guid":{"rendered":"https:\/\/www.bananatreeshop.com\/?post_type=product&#038;p=25100"},"modified":"2026-04-03T06:02:58","modified_gmt":"2026-04-03T06:02:58","slug":"me-seduce-vera-set-red-l-xl","status":"publish","type":"product","link":"https:\/\/www.bananatreeshop.com\/pt\/produto\/me-seduce-vera-set-red-l-xl\/","title":{"rendered":"ME-SEDUCE &#8211; VERA SET ROJO L\/XL"},"content":{"rendered":"<p>Presentamos Black Diamond, la nueva colecci\u00f3n de la prestigiosa marca de lencer\u00eda Europea Me-Seduce y sus exclusivas piezas y complementos:\u00a0<\/p>\n<ul>\n<li>Set colecci\u00f3n Vera\u00a0<\/li>\n<li>Set de 3 piezas compuesto por sujetador, panties altos estilo venecia y liguero, que puedes llevarse con o sin medias.\u00a0<\/li>\n<li>Estilo \u00fanico gracias a sus ornamentos y elementos brillantes y dorados\u00a0<\/li>\n<li>Composici\u00f3n: 60% poliester \/ 40% el\u00e1stano<\/li>\n<li>Color: Rojo<\/li>\n<li>Talla: L\/XL<\/li>\n<\/ul>\n<p>Me-Seduce fue creada en 2013 y se dedica al dise\u00f1o y fabricaci\u00f3n de\u00a0lencer\u00eda er\u00f3tica para mujeres y hombres. En Oto\u00f1o de 2018 la marca fue galardonada con el XBIZ Europe y le dieron el premio a la Mejor empresa de lencer\u00eda del a\u00f1o 2018. Era la primera edici\u00f3n europea y la \u00fanica marca polaca nominada. Ahora en este 2019, ha sido nominada en la edicion americana de los premios XBIZ de 2019 en dos categor\u00edas: La mejor empresa de Lencer\u00eda (2019) y La mejor colecci\u00f3n del a\u00f1o (2019)<\/p>\n<p>\u00a0<\/p>\n<p style=\"text-align: center;\"><img decoding=\"async\" alt=\"\" src=\"https:\/\/interno.dreamlove.es\/UserFiles\/images\/TALLAS%20ME%20SEDUCE%281%29.jpg\" style=\"width: 577px; height: 519px;\" \/><\/p>","protected":false},"excerpt":{"rendered":"<p>ME-SEDUCE &#8211; VERA SET ROJO L\/XL<\/p>","protected":false},"featured_media":79375,"comment_status":"open","ping_status":"closed","template":"","meta":{"_eb_attr":""},"product_brand":[],"product_cat":[1387,1225,1386,1226,1191],"product_tag":[],"class_list":{"0":"post-25100","1":"product","2":"type-product","3":"status-publish","4":"has-post-thumbnail","6":"product_cat-moda-lencerialenceria-mujerlenceria-picanteconjunto-de-lenceria-sexy","7":"product_cat-moda-lencerialenceria-mujer","8":"product_cat-moda-lencerialenceria-mujerlenceria-picante","9":"product_cat-moda-lencerialenceria-mujerlenceria-sexy","10":"product_cat-moda-lenceria","11":"pa_size-l-xl","12":"pa_size-xxl-xxxl","13":"yith_product_brand-me-seduce","14":"yith_product_brand-me-seduce-me-seduce-set","16":"first","17":"instock","18":"taxable","19":"shipping-taxable","20":"purchasable","21":"product-type-variable","22":"has-default-attributes"},"_links":{"self":[{"href":"https:\/\/www.bananatreeshop.com\/pt\/wp-json\/wp\/v2\/product\/25100","targetHints":{"allow":["GET"]}}],"collection":[{"href":"https:\/\/www.bananatreeshop.com\/pt\/wp-json\/wp\/v2\/product"}],"about":[{"href":"https:\/\/www.bananatreeshop.com\/pt\/wp-json\/wp\/v2\/types\/product"}],"replies":[{"embeddable":true,"href":"https:\/\/www.bananatreeshop.com\/pt\/wp-json\/wp\/v2\/comments?post=25100"}],"wp:featuredmedia":[{"embeddable":true,"href":"https:\/\/www.bananatreeshop.com\/pt\/wp-json\/wp\/v2\/media\/79375"}],"wp:attachment":[{"href":"https:\/\/www.bananatreeshop.com\/pt\/wp-json\/wp\/v2\/media?parent=25100"}],"wp:term":[{"taxonomy":"product_brand","embeddable":true,"href":"https:\/\/www.bananatreeshop.com\/pt\/wp-json\/wp\/v2\/product_brand?post=25100"},{"taxonomy":"product_cat","embeddable":true,"href":"https:\/\/www.bananatreeshop.com\/pt\/wp-json\/wp\/v2\/product_cat?post=25100"},{"taxonomy":"product_tag","embeddable":true,"href":"https:\/\/www.bananatreeshop.com\/pt\/wp-json\/wp\/v2\/product_tag?post=25100"}],"curies":[{"name":"wp","href":"https:\/\/api.w.org\/{rel}","templated":true}]}}