{"id":25567,"date":"2025-07-09T13:01:31","date_gmt":"2025-07-09T13:01:31","guid":{"rendered":"https:\/\/www.bananatreeshop.com\/?post_type=product&#038;p=25567"},"modified":"2026-04-12T10:13:30","modified_gmt":"2026-04-12T10:13:30","slug":"rocks-off-everygirl-burgundy-vibrator","status":"publish","type":"product","link":"https:\/\/www.bananatreeshop.com\/pt\/produto\/rocks-off-everygirl-burgundy-vibrator\/","title":{"rendered":"ROCKS-OFF &#8211; VIBRADOR EVERYGIRL BURDEOS"},"content":{"rendered":"<p>Todo lo que una chica quiere y necesita<\/p>\n<p>Un\u00a0seductor vibrador con rabbit elegantemente aerodin\u00e1mico\u00a0 creado por expertos para cumplir y satisfacer los deseos y necesidades de cualquier chica. Su exquisito dise\u00f1o y su silicona blanda aterciopelada alojan los potentes motores duales independientes que porporcionan una precisa vibraci\u00f3n combinada a la parte mas larga y al estimulador de cl\u00edtoris para prestar la m\u00e1xima satisfacci\u00f3n con cada latido de su coraz\u00f3n.\u00a0<\/p>\n<ul>\n<li>Silicona blanda de grado m\u00e9dico aterciopelada\u00a0<\/li>\n<li>3 horas de carga para hasta 3 horas de placer\u00a0<\/li>\n<li>Potentes motores duales independientes\u00a0<\/li>\n<li>10 funciones\u00a0 x 2 para combinar el placer de manera individual<\/li>\n<li>Carga magn\u00e9tica USB<\/li>\n<li>LED que cambia de color sincronizado por impulsos sensoriales<\/li>\n<li>100% resistente al agua\u00a0<\/li>\n<\/ul>","protected":false},"excerpt":{"rendered":"<p>ROCKS-OFF &#8211; EVERYGIRL BURGUNDY VIBRATOR<\/p>","protected":false},"featured_media":58432,"comment_status":"open","ping_status":"closed","template":"","meta":{"_eb_attr":""},"product_brand":[],"product_cat":[1152,1134,1159,1258],"product_tag":[],"class_list":{"0":"post-25567","1":"product","2":"type-product","3":"status-publish","4":"has-post-thumbnail","6":"product_cat-juguetes-bienestar","7":"product_cat-offers","8":"product_cat-juguetes-bienestar-vibradores","9":"product_cat-juguetes-bienestar-vibradoresvibradores-rabbit","10":"yith_product_brand-rocks-off","12":"first","13":"instock","14":"taxable","15":"shipping-taxable","16":"purchasable","17":"product-type-simple"},"_links":{"self":[{"href":"https:\/\/www.bananatreeshop.com\/pt\/wp-json\/wp\/v2\/product\/25567","targetHints":{"allow":["GET"]}}],"collection":[{"href":"https:\/\/www.bananatreeshop.com\/pt\/wp-json\/wp\/v2\/product"}],"about":[{"href":"https:\/\/www.bananatreeshop.com\/pt\/wp-json\/wp\/v2\/types\/product"}],"replies":[{"embeddable":true,"href":"https:\/\/www.bananatreeshop.com\/pt\/wp-json\/wp\/v2\/comments?post=25567"}],"wp:featuredmedia":[{"embeddable":true,"href":"https:\/\/www.bananatreeshop.com\/pt\/wp-json\/wp\/v2\/media\/58432"}],"wp:attachment":[{"href":"https:\/\/www.bananatreeshop.com\/pt\/wp-json\/wp\/v2\/media?parent=25567"}],"wp:term":[{"taxonomy":"product_brand","embeddable":true,"href":"https:\/\/www.bananatreeshop.com\/pt\/wp-json\/wp\/v2\/product_brand?post=25567"},{"taxonomy":"product_cat","embeddable":true,"href":"https:\/\/www.bananatreeshop.com\/pt\/wp-json\/wp\/v2\/product_cat?post=25567"},{"taxonomy":"product_tag","embeddable":true,"href":"https:\/\/www.bananatreeshop.com\/pt\/wp-json\/wp\/v2\/product_tag?post=25567"}],"curies":[{"name":"wp","href":"https:\/\/api.w.org\/{rel}","templated":true}]}}