{"id":25568,"date":"2025-07-09T11:00:23","date_gmt":"2025-07-09T11:00:23","guid":{"rendered":"https:\/\/www.bananatreeshop.com\/?post_type=product&#038;p=25568"},"modified":"2026-04-03T15:02:23","modified_gmt":"2026-04-03T15:02:23","slug":"rocks-off-black-chaiamo-vibrator","status":"publish","type":"product","link":"https:\/\/www.bananatreeshop.com\/pt\/produto\/rocks-off-black-chaiamo-vibrator\/","title":{"rendered":"ROCKS-OFF &#8211; VIBRADOR CHAIAMO NEGRO"},"content":{"rendered":"<p>Para tu placer divino.<\/p>\n<p>Elegante, sumamente potente y confeccionado con absoluta perfecci\u00f3n, Chaiamoha sido dise\u00f1ado de forma exquisita para proporcionarte el m\u00e1ximo placer. D\u00e9jate llevar porun\u00a0 placer sensual y sublime a medida que Chaiamo seduce tu cuerpo con fuertes y profundas vibraciones transmitiendo intensas sensaciones a tus zonas er\u00f3genas<\/p>\n<p>Prep\u00e1rate para experimentar el orgasmo mas inolvidable que hayas tenido.\u00a0<\/p>\n<ul>\n<li>Silicona de grado m\u00e9dico en toque aterciopelado sensorial<\/li>\n<li>100% resistente al agua<\/li>\n<li>10 niveles de vibraci\u00f3n y pulsaci\u00f3n muy potentes<\/li>\n<li>3 horas de carga para hasta 3 horas de pla<cer li=\"\"> <\/cer><\/li>\n<li>Punta c\u00f3nica para una estimulaci\u00f3n precisa\u00a0<\/li>\n<li>Carga magn\u00e9tica USB\u00a0<\/li>\n<\/ul>","protected":false},"excerpt":{"rendered":"<p>ROCKS-OFF &#8211; BLACK CHAIAMO VIBRATOR<\/p>","protected":false},"featured_media":57930,"comment_status":"open","ping_status":"closed","template":"","meta":{"_eb_attr":""},"product_brand":[],"product_cat":[1160,1152,1159,1232],"product_tag":[],"class_list":{"0":"post-25568","1":"product","2":"type-product","3":"status-publish","4":"has-post-thumbnail","6":"product_cat-juguetes-bienestar-vibradores100-sumergible","7":"product_cat-juguetes-bienestar","8":"product_cat-juguetes-bienestar-vibradores","9":"product_cat-juguetes-bienestar-vibradoresvibradores-clasicos-anales-o-vaginales","10":"yith_product_brand-rocks-off","12":"first","13":"instock","14":"taxable","15":"shipping-taxable","16":"purchasable","17":"product-type-simple"},"_links":{"self":[{"href":"https:\/\/www.bananatreeshop.com\/pt\/wp-json\/wp\/v2\/product\/25568","targetHints":{"allow":["GET"]}}],"collection":[{"href":"https:\/\/www.bananatreeshop.com\/pt\/wp-json\/wp\/v2\/product"}],"about":[{"href":"https:\/\/www.bananatreeshop.com\/pt\/wp-json\/wp\/v2\/types\/product"}],"replies":[{"embeddable":true,"href":"https:\/\/www.bananatreeshop.com\/pt\/wp-json\/wp\/v2\/comments?post=25568"}],"wp:featuredmedia":[{"embeddable":true,"href":"https:\/\/www.bananatreeshop.com\/pt\/wp-json\/wp\/v2\/media\/57930"}],"wp:attachment":[{"href":"https:\/\/www.bananatreeshop.com\/pt\/wp-json\/wp\/v2\/media?parent=25568"}],"wp:term":[{"taxonomy":"product_brand","embeddable":true,"href":"https:\/\/www.bananatreeshop.com\/pt\/wp-json\/wp\/v2\/product_brand?post=25568"},{"taxonomy":"product_cat","embeddable":true,"href":"https:\/\/www.bananatreeshop.com\/pt\/wp-json\/wp\/v2\/product_cat?post=25568"},{"taxonomy":"product_tag","embeddable":true,"href":"https:\/\/www.bananatreeshop.com\/pt\/wp-json\/wp\/v2\/product_tag?post=25568"}],"curies":[{"name":"wp","href":"https:\/\/api.w.org\/{rel}","templated":true}]}}