{"id":25573,"date":"2025-07-09T11:01:53","date_gmt":"2025-07-09T11:01:53","guid":{"rendered":"https:\/\/www.bananatreeshop.com\/?post_type=product&#038;p=25573"},"modified":"2026-04-03T10:01:54","modified_gmt":"2026-04-03T10:01:54","slug":"rocks-off-vibrating-bullet-touch-of-velvet-peacock-petals","status":"publish","type":"product","link":"https:\/\/www.bananatreeshop.com\/pt\/produto\/rocks-off-vibrating-bullet-touch-of-velvet-peacock-petals\/","title":{"rendered":"ROCKS-OFF &#8211; BALA VIBRADORA TOUCH OF VELVET PEACOCK PETALS"},"content":{"rendered":"<p>Siente el hechizo de las suaves vibraciones de Touch of Velvet mientras sus puntas de precisi\u00f3n provocan y encienden con ternura tus zonas \u00edntimas permiti\u00e9ndote sentir como tu orgasmo florece y crece una y otra vez.\u00a0<\/p>\n<p>Especificaciones<\/p>\n<ul>\n<li>Bala vibradora Peacock Petals<\/li>\n<li>Estimulaci\u00f3n precisa<\/li>\n<li>10 funciones<\/li>\n<li>100% resistente al agua<\/li>\n<li>F\u00e1cil de limpiar\u00a0<\/li>\n<li>Material bodysafe<\/li>\n<li>1 pila AAA (incluida)<\/li>\n<\/ul>","protected":false},"excerpt":{"rendered":"<p>ROCKS-OFF &#8211; VIBRATING BULLET TOUCH OF VELVET PEACOCK PETALS<\/p>","protected":false},"featured_media":58173,"comment_status":"open","ping_status":"closed","template":"","meta":{"_eb_attr":""},"product_brand":[],"product_cat":[1264,1250,1152,1153,1253,1260,1159],"product_tag":[],"class_list":{"0":"post-25573","1":"product","2":"type-product","3":"status-publish","4":"has-post-thumbnail","6":"product_cat-juguetes-bienestar-juguetes-para-mujeresestimuladoresbalas-vibradoras","7":"product_cat-juguetes-bienestar-juguetes-para-mujeresestimuladores","8":"product_cat-juguetes-bienestar","9":"product_cat-juguetes-bienestar-juguetes-para-mujeres","10":"product_cat-juguetes-bienestar-vibradoresmini-vibradores","11":"product_cat-juguetes-bienestar-juguetes-para-mujeresestimuladorespara-clitoris","12":"product_cat-juguetes-bienestar-vibradores","13":"yith_product_brand-rocks-off","15":"first","16":"instock","17":"taxable","18":"shipping-taxable","19":"purchasable","20":"product-type-simple"},"_links":{"self":[{"href":"https:\/\/www.bananatreeshop.com\/pt\/wp-json\/wp\/v2\/product\/25573","targetHints":{"allow":["GET"]}}],"collection":[{"href":"https:\/\/www.bananatreeshop.com\/pt\/wp-json\/wp\/v2\/product"}],"about":[{"href":"https:\/\/www.bananatreeshop.com\/pt\/wp-json\/wp\/v2\/types\/product"}],"replies":[{"embeddable":true,"href":"https:\/\/www.bananatreeshop.com\/pt\/wp-json\/wp\/v2\/comments?post=25573"}],"wp:featuredmedia":[{"embeddable":true,"href":"https:\/\/www.bananatreeshop.com\/pt\/wp-json\/wp\/v2\/media\/58173"}],"wp:attachment":[{"href":"https:\/\/www.bananatreeshop.com\/pt\/wp-json\/wp\/v2\/media?parent=25573"}],"wp:term":[{"taxonomy":"product_brand","embeddable":true,"href":"https:\/\/www.bananatreeshop.com\/pt\/wp-json\/wp\/v2\/product_brand?post=25573"},{"taxonomy":"product_cat","embeddable":true,"href":"https:\/\/www.bananatreeshop.com\/pt\/wp-json\/wp\/v2\/product_cat?post=25573"},{"taxonomy":"product_tag","embeddable":true,"href":"https:\/\/www.bananatreeshop.com\/pt\/wp-json\/wp\/v2\/product_tag?post=25573"}],"curies":[{"name":"wp","href":"https:\/\/api.w.org\/{rel}","templated":true}]}}