{"id":25657,"date":"2025-07-10T02:01:23","date_gmt":"2025-07-10T02:01:23","guid":{"rendered":"https:\/\/www.bananatreeshop.com\/?post_type=product&#038;p=25657"},"modified":"2026-04-16T07:03:51","modified_gmt":"2026-04-16T07:03:51","slug":"bathmate-hydrovibe-hydrotherapy-ring","status":"publish","type":"product","link":"https:\/\/www.bananatreeshop.com\/pt\/produto\/bathmate-hydrovibe-hydrotherapy-ring\/","title":{"rendered":"BATHMATE &#8211; HYDROVIBE ANILLO HIDROTERAPIA"},"content":{"rendered":"<p>El Bathmate HydroVibe no solo trata de mejorar el tama\u00f1o del pene y las ganancias de fuerza que brinda su bomba de pene; sino que agrega algunos beneficios \u00fatiles de vibroterapia para la salud, que lo ayudan a sentirse m\u00e1s feliz y sentirse mejor.\u00a0<\/p>\n<ul>\n<li>Aumenta la liberaci\u00f3n de hormonas naturales como la serotonina y la dopamina, haci\u00e9ndote sentir mejor y ayudando a combatir los sentimientos negativos. Al relajar los m\u00fasculos, hace que tus orgasmos sean mucho m\u00e1s intensos.\u00a0<\/li>\n<li>Aumenta el flujo sangu\u00edneo y las circulaciones linf\u00e1ticas, particularmente hacia el pene, lo que hace que se sienta menos cansado al filtrar las toxinas de la sangre.\u00a0<\/li>\n<li>Ayuda\u00a0a liberar qu\u00edmicos contra el dolor como la encefalina, lo que agrega un nivel adicional de relajaci\u00f3n.<\/li>\n<li>100% sumergible\u00a0<\/li>\n<li>USB recargable<\/li>\n<li>10 modos de vibracion\u00a0<\/li>\n<\/ul>\n<p>Acoplando alrededor del fuelle de cualquiera de nuestras bombas Bathmate (diferente del HydroXtreme11), el HydroVibe le permite agregar una dimensi\u00f3n adicional a su rutina Bathmate mediante el uso de dos vibradores VIBE Bullet. Al agregar vibraci\u00f3n a la potencia de la bomba a base de agua, podr\u00e1 aumentar significativamente el flujo de sangre al pene, lo que aumentar\u00e1 r\u00e1pidamente la erecci\u00f3n para obtener a\u00fan mejores ganancias de tama\u00f1o (al tiempo que se siente muy bien de usar).<\/p>\n<p>Completamente hecha de silicona para el cuerpo, Bathmate HydroVibe le brinda acceso a 10 patrones de vibraci\u00f3n diferentes, mientras que los vibradores desmontables a prueba de agua IPX7 le permiten abrir un nuevo lado a su vida sexual.<\/p>\n<p>Descubre nuevos beneficios para la salud con Bathmate HydroVibe<\/p>","protected":false},"excerpt":{"rendered":"<p>BATHMATE &#8211; HYDROVIBE HYDROTHERAPY RING<\/p>","protected":false},"featured_media":61855,"comment_status":"open","ping_status":"closed","template":"","meta":{"_eb_attr":""},"product_brand":[],"product_cat":[1160,1159],"product_tag":[],"class_list":{"0":"post-25657","1":"product","2":"type-product","3":"status-publish","4":"has-post-thumbnail","6":"product_cat-juguetes-bienestar-vibradores100-sumergible","7":"product_cat-juguetes-bienestar-vibradores","8":"yith_product_brand-bathmate","10":"first","11":"instock","12":"taxable","13":"shipping-taxable","14":"purchasable","15":"product-type-simple"},"_links":{"self":[{"href":"https:\/\/www.bananatreeshop.com\/pt\/wp-json\/wp\/v2\/product\/25657","targetHints":{"allow":["GET"]}}],"collection":[{"href":"https:\/\/www.bananatreeshop.com\/pt\/wp-json\/wp\/v2\/product"}],"about":[{"href":"https:\/\/www.bananatreeshop.com\/pt\/wp-json\/wp\/v2\/types\/product"}],"replies":[{"embeddable":true,"href":"https:\/\/www.bananatreeshop.com\/pt\/wp-json\/wp\/v2\/comments?post=25657"}],"wp:featuredmedia":[{"embeddable":true,"href":"https:\/\/www.bananatreeshop.com\/pt\/wp-json\/wp\/v2\/media\/61855"}],"wp:attachment":[{"href":"https:\/\/www.bananatreeshop.com\/pt\/wp-json\/wp\/v2\/media?parent=25657"}],"wp:term":[{"taxonomy":"product_brand","embeddable":true,"href":"https:\/\/www.bananatreeshop.com\/pt\/wp-json\/wp\/v2\/product_brand?post=25657"},{"taxonomy":"product_cat","embeddable":true,"href":"https:\/\/www.bananatreeshop.com\/pt\/wp-json\/wp\/v2\/product_cat?post=25657"},{"taxonomy":"product_tag","embeddable":true,"href":"https:\/\/www.bananatreeshop.com\/pt\/wp-json\/wp\/v2\/product_tag?post=25657"}],"curies":[{"name":"wp","href":"https:\/\/api.w.org\/{rel}","templated":true}]}}