{"id":26651,"date":"2025-07-08T19:00:18","date_gmt":"2025-07-08T19:00:18","guid":{"rendered":"https:\/\/www.bananatreeshop.com\/?post_type=product&#038;p=26651"},"modified":"2026-04-03T09:01:52","modified_gmt":"2026-04-03T09:01:52","slug":"control-lub-gel-chocolate-lubricant-75-ml","status":"publish","type":"product","link":"https:\/\/www.bananatreeshop.com\/pt\/produto\/control-lub-gel-chocolate-lubricant-75-ml\/","title":{"rendered":"CONTROL &#8211; LUB GEL LUBRICANTE CHOCOLATE 75 ML"},"content":{"rendered":"<p>Control Lub Gel Chocolate es un lubricante para la sequedad vaginal y genital con un agradable efecto calor desarrolado para facilitar la penetraci\u00f3n durante las relaciones sexuales permitiendo un mayor placer e intensidad. De base acuosa, respeta la fisiolog\u00eda natural . No es graso y es f\u00e1cil de eliminar con agua<\/p>\n<ul>\n<li>Control Lube Gel Chocolate\u00a0<\/li>\n<li>Base agua\u00a0<\/li>\n<li>No comestible aunque no supone riesgo al contacto oral\u00a0<\/li>\n<li>Se puede utilizar con o sin preservativo<\/li>\n<li>Sin parabenos.\u00a0<\/li>\n<li>Cantidad: 75 ml<\/li>\n<\/ul>","protected":false},"excerpt":{"rendered":"<p>CONTROL &#8211; LUB GEL CHOCOLATE LUBRICANT 75 ML<\/p>","protected":false},"featured_media":54330,"comment_status":"open","ping_status":"closed","template":"","meta":{"_eb_attr":""},"product_brand":[],"product_cat":[1172,1163,1169],"product_tag":[],"class_list":{"0":"post-26651","1":"product","2":"type-product","3":"status-publish","4":"has-post-thumbnail","6":"product_cat-drogueria-lubricantescon-deliciosos-sabores","7":"product_cat-drogueria","8":"product_cat-drogueria-lubricantes","9":"yith_product_brand-control","10":"yith_product_brand-controlcontrol-lubes","12":"first","13":"instock","14":"taxable","15":"shipping-taxable","16":"purchasable","17":"product-type-simple"},"_links":{"self":[{"href":"https:\/\/www.bananatreeshop.com\/pt\/wp-json\/wp\/v2\/product\/26651","targetHints":{"allow":["GET"]}}],"collection":[{"href":"https:\/\/www.bananatreeshop.com\/pt\/wp-json\/wp\/v2\/product"}],"about":[{"href":"https:\/\/www.bananatreeshop.com\/pt\/wp-json\/wp\/v2\/types\/product"}],"replies":[{"embeddable":true,"href":"https:\/\/www.bananatreeshop.com\/pt\/wp-json\/wp\/v2\/comments?post=26651"}],"wp:featuredmedia":[{"embeddable":true,"href":"https:\/\/www.bananatreeshop.com\/pt\/wp-json\/wp\/v2\/media\/54330"}],"wp:attachment":[{"href":"https:\/\/www.bananatreeshop.com\/pt\/wp-json\/wp\/v2\/media?parent=26651"}],"wp:term":[{"taxonomy":"product_brand","embeddable":true,"href":"https:\/\/www.bananatreeshop.com\/pt\/wp-json\/wp\/v2\/product_brand?post=26651"},{"taxonomy":"product_cat","embeddable":true,"href":"https:\/\/www.bananatreeshop.com\/pt\/wp-json\/wp\/v2\/product_cat?post=26651"},{"taxonomy":"product_tag","embeddable":true,"href":"https:\/\/www.bananatreeshop.com\/pt\/wp-json\/wp\/v2\/product_tag?post=26651"}],"curies":[{"name":"wp","href":"https:\/\/api.w.org\/{rel}","templated":true}]}}