{"id":27456,"date":"2025-07-10T02:01:24","date_gmt":"2025-07-10T02:01:24","guid":{"rendered":"https:\/\/www.bananatreeshop.com\/?post_type=product&#038;p=27456"},"modified":"2026-04-16T07:03:57","modified_gmt":"2026-04-16T07:03:57","slug":"pump-addicted-rx3-transparent","status":"publish","type":"product","link":"https:\/\/www.bananatreeshop.com\/pt\/produto\/pump-addicted-rx3-transparent\/","title":{"rendered":"PUMP ADDICTED &#8211; BOMBA ERECCI\u00d3N RX3 TRANSPARENTE"},"content":{"rendered":"<p>\u00a1Todas las bombas Pump Addicted est\u00e1n aqu\u00ed para impresionar con una variedad fant\u00e1stica de dispositivos para el crecimiento del pene!\u00a0<br \/>Pump addicted es la mejor forma de mejorar su rendimiento sexual, tama\u00f1o y resistencia. Hemos enviado las muestras de productos a hombres entre 25 y 55 a\u00f1os con problemas de erecci\u00f3n o simplemente por mejorar el rendimiento y el tama\u00f1o del pene. El feedback fue positivo al 100%, todos han comprobado es el mejor producto del mercado.<\/p>\n<p>Pump Addicted ayuda a alcanzar la erecci\u00f3n de una forma m\u00e1s sencilla utilizando un sistema de vac\u00edo que hace que la sangre se concentre en el pene cuando todav\u00eda est\u00e1 fl\u00e1cido. La erecci\u00f3n se alcanza y mantiene mediante un sellado c\u00f3modo y herm\u00e9tico en la base del cuerpo, justo en la uni\u00f3n del pene con el pubis, gracias al cual se mantiene la sangre en el tronco. Gracias a la manga, el sellado es firme, c\u00f3modo y estrecho sin apretar.<\/p>\n<p>Adem\u00e1s, todos los productos Pump pueden ser combinados con el lanzamiento de Pump vibrating bullet para aumentar la sensaci\u00f3n de placer.<\/p>\n<p>Por si fuera poco, tambi\u00e9n puede ser combinado con algunos modelos de la serie Pump la manga masturbadora pleasure sleeve, disponible en dos tama\u00f1os, este fabuloso accesorio convierte a tu Pump Addicted favorito en un masturbador, pero por si fuera poco al hacer el vac\u00edo el tama\u00f1o del pene se multiplica por 5 visualmente un efecto \u00f3ptico realmente atractivo cuando utilizas Pump<br \/>Los doctores ven la bomba para el pene es un tratamiento efectivo y econ\u00f3mico para la disfunci\u00f3n er\u00e9ctil y declaran que el uso prolongado de dispositivos incrementar\u00e1 el tama\u00f1o del pene permanentemente.<\/p>\n<p>Otras ventajas de la variedad de PUMP ADDICTED son entre otras la dilaci\u00f3n en la eyaculaci\u00f3n, mejor\u00eda en el apetito sexual, disparo de testosterona, el mantenimiento de erecciones m\u00e1s duras y duraderas y el soporte del tejido del pene despu\u00e9s de una cirug\u00eda prost\u00e1tica.<\/p>\n<p>\u00a1PUMP ADDICTED, le da resultados instant\u00e1neos!<\/p>\n<p>Especificaciones tenicas de Pump Addicted RX3;\u00a0\u00a0<\/p>\n<ul>\n<li>Longitud insertable; 23cm<\/li>\n<li>Diametro total interior; 5.5 cm<\/li>\n<li>Material; Abs + Silicona<\/li>\n<li>Resistente al agua<\/li>\n<li>Libre de Phalatos<\/li>\n<\/ul>\n<p style=\"text-align: center;\">\u00a0<\/p>","protected":false},"excerpt":{"rendered":"<p>PUMP ADDICTED &#8211; RX3 TRANSPARENT<\/p>","protected":false},"featured_media":61859,"comment_status":"open","ping_status":"closed","template":"","meta":{"_eb_attr":""},"product_brand":[],"product_cat":[1218,1249,1152,1217],"product_tag":[],"class_list":{"0":"post-27456","1":"product","2":"type-product","3":"status-publish","4":"has-post-thumbnail","6":"product_cat-juguetes-bienestar-juguetes-para-hombresaccesorios-para-el-pene","7":"product_cat-juguetes-bienestar-juguetes-para-hombresaccesorios-para-el-penebomba-alargadora-pene","8":"product_cat-juguetes-bienestar","9":"product_cat-juguetes-bienestar-juguetes-para-hombres","10":"pa_color-negro","11":"pa_color-transparente","12":"pa_talla-talla-1","13":"yith_product_brand-pump-addicted","15":"first","16":"outofstock","17":"taxable","18":"shipping-taxable","19":"purchasable","20":"product-type-variable","21":"has-default-attributes"},"_links":{"self":[{"href":"https:\/\/www.bananatreeshop.com\/pt\/wp-json\/wp\/v2\/product\/27456","targetHints":{"allow":["GET"]}}],"collection":[{"href":"https:\/\/www.bananatreeshop.com\/pt\/wp-json\/wp\/v2\/product"}],"about":[{"href":"https:\/\/www.bananatreeshop.com\/pt\/wp-json\/wp\/v2\/types\/product"}],"replies":[{"embeddable":true,"href":"https:\/\/www.bananatreeshop.com\/pt\/wp-json\/wp\/v2\/comments?post=27456"}],"wp:featuredmedia":[{"embeddable":true,"href":"https:\/\/www.bananatreeshop.com\/pt\/wp-json\/wp\/v2\/media\/61859"}],"wp:attachment":[{"href":"https:\/\/www.bananatreeshop.com\/pt\/wp-json\/wp\/v2\/media?parent=27456"}],"wp:term":[{"taxonomy":"product_brand","embeddable":true,"href":"https:\/\/www.bananatreeshop.com\/pt\/wp-json\/wp\/v2\/product_brand?post=27456"},{"taxonomy":"product_cat","embeddable":true,"href":"https:\/\/www.bananatreeshop.com\/pt\/wp-json\/wp\/v2\/product_cat?post=27456"},{"taxonomy":"product_tag","embeddable":true,"href":"https:\/\/www.bananatreeshop.com\/pt\/wp-json\/wp\/v2\/product_tag?post=27456"}],"curies":[{"name":"wp","href":"https:\/\/api.w.org\/{rel}","templated":true}]}}