{"id":27771,"date":"2025-07-09T13:01:35","date_gmt":"2025-07-09T13:01:35","guid":{"rendered":"https:\/\/www.bananatreeshop.com\/?post_type=product&#038;p=27771"},"modified":"2026-04-12T08:48:29","modified_gmt":"2026-04-12T08:48:29","slug":"lelo-soraya-2-black-rabbit-vibrator","status":"publish","type":"product","link":"https:\/\/www.bananatreeshop.com\/pt\/produto\/lelo-soraya-2-black-rabbit-vibrator\/","title":{"rendered":"LELO &#8211; SORAYA 2 NEGRO VIBRADOR RABBIT"},"content":{"rendered":"<p>Soraya 2 Lelo, el nuevo Lelo Soraya 2 viene con un exterior de silicona extra suave con motores individuales en cada punto de placer y un estimulador extra flexible que se adapta libre y ergon\u00f3micamente para las sensaciones de placer m\u00e1s lujosas.<\/p>\n<p>Especificaciones:\u00a0<\/p>\n<ul>\n<li>Tiempo de uso: M\u00e1s de 4 horas<\/li>\n<li>En stanby: 90 d\u00edas<\/li>\n<li>Materiales: Silicona y ABS<\/li>\n<li>Tama\u00f1o:\u00a0220 x 85 x 44mm<\/li>\n<li>Longitud insertable:110 mm\u00a0<\/li>\n<li>Peso: 182 gr<\/li>\n<\/ul>\n<p>Caracter\u00edsticas:\u00a0<\/p>\n<ul>\n<li>Hecho con un n\u00facleo de ABS envuelto en la silicona m\u00e1s suave, Soraya es totalmente impermeable y f\u00e1cil de usar.<\/li>\n<li>Punta m\u00e1s ancha y gruesa para sensaciones mejoradas del punto G.<\/li>\n<li>El \u00e1ngulo del estimulador externo se ha ajustado para adaptarse ergon\u00f3micamente a todo tipo de cuerpo.<\/li>\n<li>Experimente la m\u00e1xima satisfacci\u00f3n: 2 puntos de placer para un masaje combinado interno y externo.<\/li>\n<li>Totalmente impermeable: para una f\u00e1cil limpieza o disfrute en la ba\u00f1era y la ducha.<\/li>\n<li>Completamente recargable: hasta 4 horas de placer con una carga completa.<\/li>\n<li>Control simple y c\u00f3modo: mango f\u00e1cil de agarrar con interfaz de 3 botones.<\/li>\n<li>Rendimiento superior y discreto: ofrece vibraciones fuertes y silenciosas en m\u00e1s de 12 modos.<\/li>\n<li>Completo con un cargador espec\u00edfico para el pa\u00eds, una bolsa de almacenamiento de sat\u00e9n<\/li>\n<li>Garant\u00eda completa de 1 a\u00f1o<\/li>\n<li>Empaque galardonado de LELO, lo que garantiza los m\u00e1s altos est\u00e1ndares de calidad y dise\u00f1o.<\/li>\n<\/ul>","protected":false},"excerpt":{"rendered":"<p>LELO &#8211; SORAYA 2 BLACK RABBIT VIBRATOR<\/p>","protected":false},"featured_media":58442,"comment_status":"open","ping_status":"closed","template":"","meta":{"_eb_attr":""},"product_brand":[],"product_cat":[1160,1152,1159,1258],"product_tag":[],"class_list":{"0":"post-27771","1":"product","2":"type-product","3":"status-publish","4":"has-post-thumbnail","6":"product_cat-juguetes-bienestar-vibradores100-sumergible","7":"product_cat-juguetes-bienestar","8":"product_cat-juguetes-bienestar-vibradores","9":"product_cat-juguetes-bienestar-vibradoresvibradores-rabbit","10":"yith_product_brand-lelo","12":"first","13":"instock","14":"taxable","15":"shipping-taxable","16":"purchasable","17":"product-type-simple"},"_links":{"self":[{"href":"https:\/\/www.bananatreeshop.com\/pt\/wp-json\/wp\/v2\/product\/27771","targetHints":{"allow":["GET"]}}],"collection":[{"href":"https:\/\/www.bananatreeshop.com\/pt\/wp-json\/wp\/v2\/product"}],"about":[{"href":"https:\/\/www.bananatreeshop.com\/pt\/wp-json\/wp\/v2\/types\/product"}],"replies":[{"embeddable":true,"href":"https:\/\/www.bananatreeshop.com\/pt\/wp-json\/wp\/v2\/comments?post=27771"}],"wp:featuredmedia":[{"embeddable":true,"href":"https:\/\/www.bananatreeshop.com\/pt\/wp-json\/wp\/v2\/media\/58442"}],"wp:attachment":[{"href":"https:\/\/www.bananatreeshop.com\/pt\/wp-json\/wp\/v2\/media?parent=27771"}],"wp:term":[{"taxonomy":"product_brand","embeddable":true,"href":"https:\/\/www.bananatreeshop.com\/pt\/wp-json\/wp\/v2\/product_brand?post=27771"},{"taxonomy":"product_cat","embeddable":true,"href":"https:\/\/www.bananatreeshop.com\/pt\/wp-json\/wp\/v2\/product_cat?post=27771"},{"taxonomy":"product_tag","embeddable":true,"href":"https:\/\/www.bananatreeshop.com\/pt\/wp-json\/wp\/v2\/product_tag?post=27771"}],"curies":[{"name":"wp","href":"https:\/\/api.w.org\/{rel}","templated":true}]}}