{"id":27834,"date":"2025-07-09T04:01:32","date_gmt":"2025-07-09T04:01:32","guid":{"rendered":"https:\/\/www.bananatreeshop.com\/?post_type=product&#038;p=27834"},"modified":"2026-04-01T01:02:07","modified_gmt":"2026-04-01T01:02:07","slug":"fetish-submissive-harness-flesh-realistic-silicone-16-cm","status":"publish","type":"product","link":"https:\/\/www.bananatreeshop.com\/pt\/produto\/fetish-submissive-harness-flesh-realistic-silicone-16-cm\/","title":{"rendered":"FETISH SUBMISSIVE HARNESS &#8211; SILICONA FLESH REALISTIC 16CM"},"content":{"rendered":"<p>Experimenta la emoci\u00f3n de tener el control con este fabuloso arn\u00e9s para principiantes o avanzados. Fabricado con suave y sedosa Silicona, pero firme para un juego duro, este cl\u00e1sico arn\u00e9s es ideal para aquellos que se inician en los juegos de arn\u00e9s. El cintur\u00f3n es el\u00e1stico y se ajusta a la mayor\u00eda de las tallas, mientras que el arn\u00e9s de suave silicona permaneces en su lugar cuando el ambiente se calienta. El arn\u00e9s Fetish Submissive gracias a su forma delgada con punta c\u00f3nica hace f\u00e1cil la penetraci\u00f3n para los principiantes y divertido para todos. Lo mejor de todo es la facilidad para limpiarlo simplemente utilizando el limpiador Waterfeel Toy Cleaner y agua tibia.<\/p>\n<ul>\n<li>Medidas; 16cm longitud total \/ Longitud insertable; 12.5cm<\/li>\n<li>Talla \u00fanica, se adapta a todos.<\/li>\n<li>Material soft, muy confortable y agradable en la penetraci\u00f3n.<\/li>\n<\/ul>\n<p>La silicona de grado medico certificada hipoalerg\u00e9nica destaca por su tacto sedoso y su excelente capacidad de deslizamiento. Para que puedas disfrutar de tu nuevo amigo durante mucho tiempo, es recomendable que utilices un lubricante a base de agua waterfeel en tus juegos m\u00e1s h\u00famedos. As\u00ed proteges el material y la superficie se mantiene sedosa. Puedes lavar tu juguete muy f\u00e1cilmente con agua y un jab\u00f3n suave. Para una higiene m\u00e1s minuciosa, utiliza tambi\u00e9n un limpiador desinfectante especial para juguetes sexuales como Waterfeel o Nina kik\u00ed toy cleaner.<\/p>\n<p>Dise\u00f1ado espec\u00edficamente para mujeres que desean realizar penetraciones, sobre hombres o mujeres indistintamente.<\/p>","protected":false},"excerpt":{"rendered":"<p>FETISH SUBMISSIVE HARNESS &#8211; FLESH REALISTIC SILICONE 16 CM<\/p>","protected":false},"featured_media":57006,"comment_status":"open","ping_status":"closed","template":"","meta":{"_eb_attr":""},"product_brand":[],"product_cat":[1220,1221,1152],"product_tag":[],"class_list":{"0":"post-27834","1":"product","2":"type-product","3":"status-publish","4":"has-post-thumbnail","6":"product_cat-juguetes-bienestar-arneses","7":"product_cat-juguetes-bienestar-arnesesarneses-sin-vibracion","8":"product_cat-juguetes-bienestar","9":"yith_product_brand-fetish-submissive","10":"yith_product_brand-fetish-submissivefetish-submissive-harness","12":"first","13":"instock","14":"taxable","15":"shipping-taxable","16":"purchasable","17":"product-type-simple"},"_links":{"self":[{"href":"https:\/\/www.bananatreeshop.com\/pt\/wp-json\/wp\/v2\/product\/27834","targetHints":{"allow":["GET"]}}],"collection":[{"href":"https:\/\/www.bananatreeshop.com\/pt\/wp-json\/wp\/v2\/product"}],"about":[{"href":"https:\/\/www.bananatreeshop.com\/pt\/wp-json\/wp\/v2\/types\/product"}],"replies":[{"embeddable":true,"href":"https:\/\/www.bananatreeshop.com\/pt\/wp-json\/wp\/v2\/comments?post=27834"}],"wp:featuredmedia":[{"embeddable":true,"href":"https:\/\/www.bananatreeshop.com\/pt\/wp-json\/wp\/v2\/media\/57006"}],"wp:attachment":[{"href":"https:\/\/www.bananatreeshop.com\/pt\/wp-json\/wp\/v2\/media?parent=27834"}],"wp:term":[{"taxonomy":"product_brand","embeddable":true,"href":"https:\/\/www.bananatreeshop.com\/pt\/wp-json\/wp\/v2\/product_brand?post=27834"},{"taxonomy":"product_cat","embeddable":true,"href":"https:\/\/www.bananatreeshop.com\/pt\/wp-json\/wp\/v2\/product_cat?post=27834"},{"taxonomy":"product_tag","embeddable":true,"href":"https:\/\/www.bananatreeshop.com\/pt\/wp-json\/wp\/v2\/product_tag?post=27834"}],"curies":[{"name":"wp","href":"https:\/\/api.w.org\/{rel}","templated":true}]}}