{"id":27850,"date":"2025-07-17T12:01:37","date_gmt":"2025-07-17T12:01:37","guid":{"rendered":"https:\/\/www.bananatreeshop.com\/?post_type=product&#038;p=27850"},"modified":"2026-04-12T08:35:04","modified_gmt":"2026-04-12T08:35:04","slug":"brilly-glam-we-love-for-partners-black-remote-control","status":"publish","type":"product","link":"https:\/\/www.bananatreeshop.com\/pt\/produto\/brilly-glam-we-love-for-partners-black-remote-control\/","title":{"rendered":"BRILLY GLAM &#8211; WE LOVE VIBRADOR PARA PAREJAS CONTROL REMOTO NEGRO"},"content":{"rendered":"<p>Un cl\u00e1sico avanzado pensado para parejas donde un sinf\u00edn de patrones de juego est\u00e1n asegurados.<\/p>\n<p>No habr\u00e1 puntos y zonas donde We Love no pueda llegar, su sistema puede usarse desde la botonera o activando atreves de su mando control remoto, de f\u00e1cil manejo y recargable por USB, pon un We Love en tu vida.<\/p>\n<p>Con el pr\u00e1ctico mando a distancia pod\u00e9is controlar la vibraci\u00f3n con comodidad y decidir qui\u00e9n puede tomar las decisiones. Para todos y todas los que buscan una nueva acci\u00f3n en su vida, la mujer puede colocar el vibrador en la braguita permitiendo que su amante la excite.<\/p>\n<p>La silicona de grado medico certificada hipoalerg\u00e9nica destaca por su tacto sedoso y su excelente capacidad de deslizamiento. Para que puedas disfrutar de tu nuevo amigo durante mucho tiempo, es recomendable que utilices un lubricante a base de agua waterfeel en tus juegos m\u00e1s h\u00famedos. As\u00ed proteges el material y la superficie se mantiene sedosa. Puedes lavar tu juguete muy f\u00e1cilmente con agua y un jab\u00f3n suave. Para una higiene m\u00e1s minuciosa, utiliza tambi\u00e9n un limpiador desinfectante especial para juguetes sexuales como Waterfeel o Nina kik\u00ed toy cleaner.<\/p>\n<ul>\n<li>Masaje interno y externo para una estimulaci\u00f3n completa<\/li>\n<li>Control remoto<\/li>\n<li>2 Motores potentes<\/li>\n<li>Alto rendimiento;\u00a010 modos de vibraci\u00f3n.<\/li>\n<li>Completamente recargable; M\u00e1s potencia<\/li>\n<li>Fabricado con 100% silicona m\u00e9dica: respeta tu cuerpo<\/li>\n<li>Libre de ftalatos<\/li>\n<li>Silencioso, menos de 60 decibelios.<\/li>\n<li>Material seguro para el cuerpo<\/li>\n<li>Recargable v\u00eda USB (Cable incluido)<\/li>\n<li>Sumergible categor\u00eda IPX6 \/ Apto para la ducha o Spa<\/li>\n<li>Control retro iluminado con luces LED<\/li>\n<li>Medida Total; 200 x 35mm<\/li>\n<li>Peso; 167 gramos<\/li>\n<li>Incluye 1\u00a0<strong>Waterfeel<\/strong>\u00a0Neutral <strong>6 ml<\/strong><\/li>\n<li>Incluye\u00a01 bolsa de viaje reutilizable <strong>gratis<\/strong>.<strong>\u00a0<\/strong><\/li>\n<\/ul>\n<p><strong>Cargar<\/strong><\/p>\n<p>El vibrador es recargable y permite un manejo c\u00f3modo, sin molestos cables. Antes de utilizarlo por primera vez, debes cargarlo completamente. Utiliza para ello el cable de carga USB incluido.\u00a0<\/p>\n<p><strong>Advertencia<\/strong>: el primer proceso de carga puede durar hasta tres horas.<\/p>\n<p><strong>Eliminaci\u00f3n<\/strong><\/p>\n<p>La eliminaci\u00f3n de aparatos electr\u00f3nicos debe realizarse seg\u00fan la normativa para residuos peligrosos vigente en la Uni\u00f3n Europea y en otros pa\u00edses europeos o seg\u00fan las reglamentaciones locales. Respeta las normativas de eliminaci\u00f3n de basuras<\/p>\n<p>Espec\u00edficas de tu pa\u00eds y, en caso de duda, pregunta a tu distribuidor sobre las opciones de eliminaci\u00f3n.<\/p>\n<p><strong>Contenido<\/strong><\/p>\n<p>Abrir una caja de productos BRILLY GLAM es exclusividad. La satisfacci\u00f3n es nuestro objetivo, por ello hemos cuidado cada detalle.<\/p>\n<ul>\n<li>We Love<\/li>\n<li>Cargador<\/li>\n<\/ul>\n<p style=\"text-align: center;\">\u00a0<\/p>","protected":false},"excerpt":{"rendered":"<p>BRILLY GLAM &#8211; WE LOVE FOR PARTNERS BLACK REMOTE CONTROL<\/p>","protected":false},"featured_media":86036,"comment_status":"open","ping_status":"closed","template":"","meta":{"_eb_attr":""},"product_brand":[],"product_cat":[1448,1159,1161,1231],"product_tag":[],"class_list":{"0":"post-27850","1":"product","2":"type-product","3":"status-publish","4":"has-post-thumbnail","6":"product_cat-juguetes-bienestar-vibradoresvibrador-parejas-u","7":"product_cat-juguetes-bienestar-vibradores","8":"product_cat-juguetes-bienestar-vibradoresvibradores-control-remoto","9":"product_cat-juguetes-bienestar-vibradoresvibradores-punto-g","10":"yith_product_brand-brilly-glam","12":"first","13":"instock","14":"taxable","15":"shipping-taxable","16":"purchasable","17":"product-type-simple"},"_links":{"self":[{"href":"https:\/\/www.bananatreeshop.com\/pt\/wp-json\/wp\/v2\/product\/27850","targetHints":{"allow":["GET"]}}],"collection":[{"href":"https:\/\/www.bananatreeshop.com\/pt\/wp-json\/wp\/v2\/product"}],"about":[{"href":"https:\/\/www.bananatreeshop.com\/pt\/wp-json\/wp\/v2\/types\/product"}],"replies":[{"embeddable":true,"href":"https:\/\/www.bananatreeshop.com\/pt\/wp-json\/wp\/v2\/comments?post=27850"}],"wp:featuredmedia":[{"embeddable":true,"href":"https:\/\/www.bananatreeshop.com\/pt\/wp-json\/wp\/v2\/media\/86036"}],"wp:attachment":[{"href":"https:\/\/www.bananatreeshop.com\/pt\/wp-json\/wp\/v2\/media?parent=27850"}],"wp:term":[{"taxonomy":"product_brand","embeddable":true,"href":"https:\/\/www.bananatreeshop.com\/pt\/wp-json\/wp\/v2\/product_brand?post=27850"},{"taxonomy":"product_cat","embeddable":true,"href":"https:\/\/www.bananatreeshop.com\/pt\/wp-json\/wp\/v2\/product_cat?post=27850"},{"taxonomy":"product_tag","embeddable":true,"href":"https:\/\/www.bananatreeshop.com\/pt\/wp-json\/wp\/v2\/product_tag?post=27850"}],"curies":[{"name":"wp","href":"https:\/\/api.w.org\/{rel}","templated":true}]}}