{"id":27856,"date":"2025-07-18T04:01:26","date_gmt":"2025-07-18T04:01:26","guid":{"rendered":"https:\/\/www.bananatreeshop.com\/?post_type=product&#038;p=27856"},"modified":"2026-04-20T19:04:10","modified_gmt":"2026-04-20T19:04:10","slug":"blacksilver-kean-vibrator-touch-control","status":"publish","type":"product","link":"https:\/\/www.bananatreeshop.com\/pt\/produto\/blacksilver-kean-vibrator-touch-control\/","title":{"rendered":"BLACKSILVER &#8211; KEAN VIBRADOR TOUCH CONTROL"},"content":{"rendered":"<p style=\"margin-left: 18pt;\">Black  Silver lanza los nuevos vibradores control Touch, se trata de los dos vibradores Kaultz Duo y Kean .<\/p>\n<p style=\"margin-left: 18pt;\">Todos los vibradores de la colecci\u00f3n Black  Silver tienen motores de nueva generaci\u00f3n, se trata de un aumento de potencia con una mayor durabilidad.<\/p>\n<p style=\"margin-left: 18pt;\">Todos los vibradores Black  Silver se recargan v\u00eda USB, son elegantes, tienen un tacto fant\u00e1stico gracias a la silicona que recubre cada pieza exclusiva.<\/p>\n<ul>\n<li style=\"margin-left: 18pt;\">La silicona hipoalerg\u00e9nica de Black  Silver destaca por su sedosa superficie mate con una extraordinaria adaptaci\u00f3n al cuerpo. Con un acabado impermeable (IPX6). El flexible material se desliza de maravilla y adopta r\u00e1pidamente la temperatura del cuerpo.<\/li>\n<\/ul>\n<p style=\"margin-left: 18pt;\">Disponibles con 10 modos de vibraci\u00f3n adem\u00e1s de una funci\u00f3n \u00fanica, el sistema \u201ctouch control\u201d el control t\u00e1ctil es de muy f\u00e1cil uso y aporta una tecnolog\u00eda que diferencia al resto de productos.<\/p>\n<ul>\n<li>Vibrador control touch<\/li>\n<li>Alto rendimiento;\u00a010 modos de vibraci\u00f3n.<\/li>\n<li>Completamente recargable; M\u00e1s potencia<\/li>\n<li>Fabricado con 100% silicona m\u00e9dica: respeta tu cuerpo<\/li>\n<li>Libre de ftalatos<\/li>\n<li>Silencioso, menos de 60 decibelios.<\/li>\n<li>Material seguro para el cuerpo<\/li>\n<li>Recargable v\u00eda USB (Cable incluido)<\/li>\n<li>Sumergible categor\u00eda IPX6 \/ Apto para la ducha o Spa<\/li>\n<li>Medida Total; 204 x 38mm<\/li>\n<\/ul>\n<p>Cualquier toy BlackSilver\u00a0 se limpia r\u00e1pida y f\u00e1cilmente con un poco de jab\u00f3n y agua templada. Para una higiene minuciosa, roc\u00edalo despu\u00e9s con limpiador desinfectante para juguetes sexuales, preferentemente con Waterfeel Toy Cleaner, espec\u00edficamente concebido para ello.<\/p>\n<p><strong>Cargar<\/strong><\/p>\n<p>El vibrador es recargable y permite un manejo c\u00f3modo, sin molestos cables. Antes de utilizarlo por primera vez, debes cargarlo completamente. Utiliza para ello el cable de carga USB incluido.\u00a0<\/p>\n<p><strong>Advertencia<\/strong>: el primer proceso de carga puede durar hasta tres horas.<\/p>\n<p><strong>Eliminaci\u00f3n<\/strong><\/p>\n<p>La eliminaci\u00f3n de aparatos electr\u00f3nicos debe realizarse seg\u00fan la normativa para residuos peligrosos vigente en la Uni\u00f3n Europea y en otros pa\u00edses europeos o seg\u00fan las reglamentaciones locales. Respeta las normativas de eliminaci\u00f3n de basuras<\/p>\n<p>Espec\u00edficas de tu pa\u00eds y, en caso de duda, pregunta a tu distribuidor sobre las opciones de eliminaci\u00f3n.<\/p>\n<p><strong>Contenido<\/strong><\/p>\n<p>Abrir una caja de productos BLACK  SILVER es exclusividad. La satisfacci\u00f3n es nuestro objetivo, por ello hemos cuidado cada detalle.<\/p>\n<ul>\n<li>Kean<\/li>\n<li>Cargador<\/li>\n<\/ul>\n<p><span style=\"color: rgb(57, 57, 57);\">**Nota; Este producto est\u00e1 prohibido venderlo en cualquier canal E-commerce. La venta est\u00e1 autorizada para puntos fisicos.\u00a0<\/span><\/p>\n<p style=\"text-align: center;\">\u00a0<\/p>","protected":false},"excerpt":{"rendered":"<p>BLACKSILVER &#8211; KEAN VIBRATOR TOUCH CONTROL<\/p>","protected":false},"featured_media":87935,"comment_status":"open","ping_status":"closed","template":"","meta":{"_eb_attr":""},"product_brand":[],"product_cat":[1159,1231],"product_tag":[],"class_list":{"0":"post-27856","1":"product","2":"type-product","3":"status-publish","4":"has-post-thumbnail","6":"product_cat-juguetes-bienestar-vibradores","7":"product_cat-juguetes-bienestar-vibradoresvibradores-punto-g","8":"yith_product_brand-blacksilver","10":"first","11":"instock","12":"taxable","13":"shipping-taxable","14":"purchasable","15":"product-type-simple"},"_links":{"self":[{"href":"https:\/\/www.bananatreeshop.com\/pt\/wp-json\/wp\/v2\/product\/27856","targetHints":{"allow":["GET"]}}],"collection":[{"href":"https:\/\/www.bananatreeshop.com\/pt\/wp-json\/wp\/v2\/product"}],"about":[{"href":"https:\/\/www.bananatreeshop.com\/pt\/wp-json\/wp\/v2\/types\/product"}],"replies":[{"embeddable":true,"href":"https:\/\/www.bananatreeshop.com\/pt\/wp-json\/wp\/v2\/comments?post=27856"}],"wp:featuredmedia":[{"embeddable":true,"href":"https:\/\/www.bananatreeshop.com\/pt\/wp-json\/wp\/v2\/media\/87935"}],"wp:attachment":[{"href":"https:\/\/www.bananatreeshop.com\/pt\/wp-json\/wp\/v2\/media?parent=27856"}],"wp:term":[{"taxonomy":"product_brand","embeddable":true,"href":"https:\/\/www.bananatreeshop.com\/pt\/wp-json\/wp\/v2\/product_brand?post=27856"},{"taxonomy":"product_cat","embeddable":true,"href":"https:\/\/www.bananatreeshop.com\/pt\/wp-json\/wp\/v2\/product_cat?post=27856"},{"taxonomy":"product_tag","embeddable":true,"href":"https:\/\/www.bananatreeshop.com\/pt\/wp-json\/wp\/v2\/product_tag?post=27856"}],"curies":[{"name":"wp","href":"https:\/\/api.w.org\/{rel}","templated":true}]}}