{"id":28170,"date":"2025-09-11T21:01:58","date_gmt":"2025-09-11T21:01:58","guid":{"rendered":"https:\/\/www.bananatreeshop.com\/?post_type=product&#038;p=28170"},"modified":"2026-04-17T14:01:30","modified_gmt":"2026-04-17T14:01:30","slug":"basecock-realistic-articulable-remote-control-flesh-20-cm-o-4-5-cm","status":"publish","type":"product","link":"https:\/\/www.bananatreeshop.com\/pt\/produto\/basecock-realistic-articulable-remote-control-flesh-20-cm-o-4-5-cm\/","title":{"rendered":"BASECOCK &#8211; VIBRADOR REAL\u00cdSTICO ARTICULABLE CONTROL REMOTO NATURAL 20 CM -O- 4.5 CM"},"content":{"rendered":"<p>\u00a1Los nuevos consoladores vibratorios BASECOCK\u00a0son los penes vibratorios de fabricaci\u00f3n estadounidense m\u00e1s realistas del mundo!<\/p>\n<p>Cada vena, cada eje y cada cabezal est\u00e1n hechos a mano con una exquisita atenci\u00f3n al detalle para brindarle la experiencia m\u00e1s realista imaginada. Los ejes posibles te permiten doblar el pene para ajustarse a los contornos de tu cuerpo, mientras que el potente motor te aleja.<\/p>\n<p>Las bases extra\u00edbles para ventosas se adhieren a casi cualquier superficie plana y hacen que puedas utilizar el vibrador real\u00edstico en cualquier base de pared lisa.<\/p>\n<p>Por si fuera poco, estos vibradores real\u00edsticos con base de sujeci\u00f3n tienen un mando control remoto con cable que proporciona intensas vibraciones en todo su cuerpo.<\/p>\n<p>Este articulo BASECOCK es articulable, ad\u00e1ptalo a tu postura favorita y te derretir\u00e1s de placer.<\/p>\n<p>Based cock proporciona experiencia realista con multitud de funciones, tan solo d\u00e9jate llevar, sue\u00f1a, imagina y disfruta!!<\/p>\n<ul>\n<li>Tacto real\u00edstico<\/li>\n<li>Articulable<\/li>\n<li>12 Modos de vibraci\u00f3n<\/li>\n<li>Mando control remoto con cable<\/li>\n<li>Libre de Phalatos<\/li>\n<li>Base de sujeci\u00f3n<\/li>\n<li>Material seguro para el cuerpo<\/li>\n<li>Material TPE sedoso \u00a0y resistente.<\/li>\n<li>Medida 20 x\u00a0 4.5cm<\/li>\n<\/ul>\n<p>Utiliza dos pilas AAA que puedes encontrar en la secci\u00f3n Pilas.<\/p>\n<p>El material TPE destaca por su sedosa superficie mate con una extraordinaria adaptaci\u00f3n al cuerpo. Los juguetes er\u00f3ticos se limpian con facilidad y se conservan higi\u00e9nicos durante mucho tiempo. El flexible material se desliza de maravilla y adopta r\u00e1pidamente la temperatura del cuerpo. El vibrador se limpia r\u00e1pida y f\u00e1cilmente con un poco de jab\u00f3n y agua templada. Para una higiene minuciosa, roc\u00edalo despu\u00e9s con limpiador desinfectante Waterfeel ToyCleaner para juguetes sexuales espec\u00edficamente concebido para ello.<\/p>","protected":false},"excerpt":{"rendered":"<p>BASECOCK &#8211; REALISTIC ARTICULABLE REMOTE CONTROL FLESH 20 CM -O- 4.5 CM<\/p>","protected":false},"featured_media":92951,"comment_status":"open","ping_status":"closed","template":"","meta":{"_eb_attr":""},"product_brand":[],"product_cat":[1152,1159,1161,1233],"product_tag":[],"class_list":{"0":"post-28170","1":"product","2":"type-product","3":"status-publish","4":"has-post-thumbnail","6":"product_cat-juguetes-bienestar","7":"product_cat-juguetes-bienestar-vibradores","8":"product_cat-juguetes-bienestar-vibradoresvibradores-control-remoto","9":"product_cat-juguetes-bienestar-vibradoresvibradores-realisticos","10":"pa_color-natural","11":"pa_color-negro","12":"pa_talla-talla-1","13":"yith_product_brand-basecock","15":"first","16":"instock","17":"taxable","18":"shipping-taxable","19":"purchasable","20":"product-type-variable","21":"has-default-attributes"},"_links":{"self":[{"href":"https:\/\/www.bananatreeshop.com\/pt\/wp-json\/wp\/v2\/product\/28170","targetHints":{"allow":["GET"]}}],"collection":[{"href":"https:\/\/www.bananatreeshop.com\/pt\/wp-json\/wp\/v2\/product"}],"about":[{"href":"https:\/\/www.bananatreeshop.com\/pt\/wp-json\/wp\/v2\/types\/product"}],"replies":[{"embeddable":true,"href":"https:\/\/www.bananatreeshop.com\/pt\/wp-json\/wp\/v2\/comments?post=28170"}],"wp:featuredmedia":[{"embeddable":true,"href":"https:\/\/www.bananatreeshop.com\/pt\/wp-json\/wp\/v2\/media\/92951"}],"wp:attachment":[{"href":"https:\/\/www.bananatreeshop.com\/pt\/wp-json\/wp\/v2\/media?parent=28170"}],"wp:term":[{"taxonomy":"product_brand","embeddable":true,"href":"https:\/\/www.bananatreeshop.com\/pt\/wp-json\/wp\/v2\/product_brand?post=28170"},{"taxonomy":"product_cat","embeddable":true,"href":"https:\/\/www.bananatreeshop.com\/pt\/wp-json\/wp\/v2\/product_cat?post=28170"},{"taxonomy":"product_tag","embeddable":true,"href":"https:\/\/www.bananatreeshop.com\/pt\/wp-json\/wp\/v2\/product_tag?post=28170"}],"curies":[{"name":"wp","href":"https:\/\/api.w.org\/{rel}","templated":true}]}}