{"id":28207,"date":"2025-09-11T21:02:19","date_gmt":"2025-09-11T21:02:19","guid":{"rendered":"https:\/\/www.bananatreeshop.com\/?post_type=product&#038;p=28207"},"modified":"2026-04-17T04:01:17","modified_gmt":"2026-04-17T04:01:17","slug":"basecock-realistic-vibrator-2-1-flesh-20-cm-o-4-cm","status":"publish","type":"product","link":"https:\/\/www.bananatreeshop.com\/pt\/produto\/basecock-realistic-vibrator-2-1-flesh-20-cm-o-4-cm\/","title":{"rendered":"BASECOCK &#8211; VIBRADOR REAL\u00cdSTICO 2-1 NATURAL 20 CM -O- 4 CM"},"content":{"rendered":"<p>\u00a1Los nuevos consoladores vibratorios BASECOCK son los penes vibratorios de fabricaci\u00f3n estadounidense m\u00e1s realistas del mundo!<\/p>\n<p>Cada vena, cada eje y cada cabezal est\u00e1n hechos a mano con una exquisita atenci\u00f3n al detalle para brindarle la experiencia m\u00e1s realista imaginada. Los ejes posibles te permiten doblar el pene para ajustarse a los contornos de tu cuerpo, mientras que el potente motor te aleja.<\/p>\n<p>Las bases extra\u00edbles para ventosas se adhieren a casi cualquier superficie plana y hacen que puedas utilizar el vibrador real\u00edstico en cualquier base de pared lisa.<\/p>\n<p>Adem\u00e1s, puedes extraer la funda realista y utilizarlo como extensor de pene.<\/p>\n<p>BASECOCK proporciona experiencia realista con multitud de funciones, tan solo d\u00e9jate llevar, sue\u00f1a, imagina y disfruta!!<\/p>\n<ul>\n<li>Tacto real\u00edstico<\/li>\n<li>Velocidad Regulable<\/li>\n<li>Valido como extensor de pene<\/li>\n<li>Libre de Phalatos<\/li>\n<li>Base de sujeci\u00f3n<\/li>\n<li>Material seguro para el cuerpo<\/li>\n<li>Material TPE sedoso \u00a0y resistente.<\/li>\n<li>Medidas; 20\u00a0x 4cm<\/li>\n<\/ul>\n<p>Utiliza dos pilas AA que puedes encontrar en la secci\u00f3n Pilas.<\/p>\n<p>El material TPE destaca por su sedosa superficie mate con una extraordinaria adaptaci\u00f3n al cuerpo. Los juguetes er\u00f3ticos se limpian con facilidad y se conservan higi\u00e9nicos durante mucho tiempo. El flexible material se desliza de maravilla y adopta r\u00e1pidamente la temperatura del cuerpo. El vibrador se limpia r\u00e1pida y f\u00e1cilmente con un poco de jab\u00f3n y agua templada. Para una higiene minuciosa, roc\u00edalo despu\u00e9s con limpiador desinfectante Waterfeel ToyCleaner para juguetes sexuales espec\u00edficamente concebido para ello.<\/p>","protected":false},"excerpt":{"rendered":"<p>BASECOCK &#8211; REALISTIC VIBRATOR 2-1 FLESH 20 CM -O- 4 CM<\/p>","protected":false},"featured_media":93014,"comment_status":"open","ping_status":"closed","template":"","meta":{"_eb_attr":""},"product_brand":[],"product_cat":[1152,1153,1159,1233],"product_tag":[],"class_list":{"0":"post-28207","1":"product","2":"type-product","3":"status-publish","4":"has-post-thumbnail","6":"product_cat-juguetes-bienestar","7":"product_cat-juguetes-bienestar-juguetes-para-mujeres","8":"product_cat-juguetes-bienestar-vibradores","9":"product_cat-juguetes-bienestar-vibradoresvibradores-realisticos","10":"pa_color-natural","11":"pa_color-negro","12":"pa_talla-talla-1","13":"yith_product_brand-basecock","15":"first","16":"instock","17":"taxable","18":"shipping-taxable","19":"purchasable","20":"product-type-variable","21":"has-default-attributes"},"_links":{"self":[{"href":"https:\/\/www.bananatreeshop.com\/pt\/wp-json\/wp\/v2\/product\/28207","targetHints":{"allow":["GET"]}}],"collection":[{"href":"https:\/\/www.bananatreeshop.com\/pt\/wp-json\/wp\/v2\/product"}],"about":[{"href":"https:\/\/www.bananatreeshop.com\/pt\/wp-json\/wp\/v2\/types\/product"}],"replies":[{"embeddable":true,"href":"https:\/\/www.bananatreeshop.com\/pt\/wp-json\/wp\/v2\/comments?post=28207"}],"wp:featuredmedia":[{"embeddable":true,"href":"https:\/\/www.bananatreeshop.com\/pt\/wp-json\/wp\/v2\/media\/93014"}],"wp:attachment":[{"href":"https:\/\/www.bananatreeshop.com\/pt\/wp-json\/wp\/v2\/media?parent=28207"}],"wp:term":[{"taxonomy":"product_brand","embeddable":true,"href":"https:\/\/www.bananatreeshop.com\/pt\/wp-json\/wp\/v2\/product_brand?post=28207"},{"taxonomy":"product_cat","embeddable":true,"href":"https:\/\/www.bananatreeshop.com\/pt\/wp-json\/wp\/v2\/product_cat?post=28207"},{"taxonomy":"product_tag","embeddable":true,"href":"https:\/\/www.bananatreeshop.com\/pt\/wp-json\/wp\/v2\/product_tag?post=28207"}],"curies":[{"name":"wp","href":"https:\/\/api.w.org\/{rel}","templated":true}]}}