{"id":28263,"date":"2025-07-08T21:01:08","date_gmt":"2025-07-08T21:01:08","guid":{"rendered":"https:\/\/www.bananatreeshop.com\/?post_type=product&#038;p=28263"},"modified":"2026-04-01T13:03:01","modified_gmt":"2026-04-01T13:03:01","slug":"bijoux-slow-sex-massage-oil-heat-effect-50-ml","status":"publish","type":"product","link":"https:\/\/www.bananatreeshop.com\/pt\/produto\/bijoux-slow-sex-massage-oil-heat-effect-50-ml\/","title":{"rendered":"BIJOUX &#8211; SLOW SEX ACEITE MASAJE EFECTO CALOR 50 ML"},"content":{"rendered":"<p>Bijoux presenta SLOW SEX, una l\u00ednea de cosm\u00e9tica er\u00f3tica que promueve el placer real, desde la primera caricia hasta el \u00faltimo gemido. En un mundo donde lo que m\u00e1s tocamos son las pantallas de nuestro m\u00f3viles y la vida se escapa entre prisas y estr\u00e9s, SLOW SEX es un invitaci\u00f3n a disfrutar del buen sexo, concentr\u00e1ndote en lo que realmente importa: el placer.\u00a0<\/p>\n<p>SLOW SEX aparta los prejuicios para descubir nuevos placeres: jugar y saborear esos preciados momentos sin preconcepciones.\u00a0<\/p>\n<p>Combina ingredientes naturales con f\u00f3rmulas patentadas y adem\u00e1s \u00a1salva el planeta practicando sexo! ya que los envases de SLOW SEX est\u00e1n fabricados con aluminio, cristal, papel y una peque\u00f1a cantidad de pl\u00e1stico recicable.\u00a0<\/p>\n<p>Adem\u00e1s tienen un delicioso aroma a coco y un tama\u00f1o perfecto para que puedas viajar sin necesidad de facturar.<\/p>\n<p>El aceite de masaje con efecto calor:\u00a0<\/p>\n<ul>\n<li>Base de glicerina\u00a0<\/li>\n<li>Efecto calor\u00a0<\/li>\n<li>Kissable\u00a0<\/li>\n<li>Aroma a coco<\/li>\n<li>50 ml<\/li>\n<li><strong>Ingredientes<\/strong>:\u00a0Glycerin, Aroma (Flavour), Aqua (Water), Sodium Saccharin, Panax Ginseng Root Extract, Potassium Sorbate, Sodium Benzoate.<\/li>\n<\/ul>\n<p>Sube la temperatura de tus masajes con este aceite de efecto calor con aroma a coco. Apl\u00edcalo sobre la piel y masajea. Sopla suavemente para avivar su efecto calor, termina el\u00a0masajes con besos.\u00a0\u00a0<\/p>\n<p>\u00a0<\/p>","protected":false},"excerpt":{"rendered":"<p>BIJOUX &#8211; SLOW SEX ACEITE MASAJE EFECTO CALOR 50 ML<\/p>","protected":false},"featured_media":54842,"comment_status":"open","ping_status":"closed","template":"","meta":{"_eb_attr":""},"product_brand":[],"product_cat":[1175,1176,1163,1167],"product_tag":[],"class_list":{"0":"post-28263","1":"product","2":"type-product","3":"status-publish","4":"has-post-thumbnail","6":"product_cat-drogueria-para-masajesaceites-sin-sabores","7":"product_cat-drogueria-para-masajescon-efecto-calor","8":"product_cat-drogueria","9":"product_cat-drogueria-para-masajes","10":"yith_product_brand-bijoux-indiscrets","11":"yith_product_brand-bijoux-indiscretsbijoux-slow-sex","13":"first","14":"instock","15":"taxable","16":"shipping-taxable","17":"purchasable","18":"product-type-simple"},"_links":{"self":[{"href":"https:\/\/www.bananatreeshop.com\/pt\/wp-json\/wp\/v2\/product\/28263","targetHints":{"allow":["GET"]}}],"collection":[{"href":"https:\/\/www.bananatreeshop.com\/pt\/wp-json\/wp\/v2\/product"}],"about":[{"href":"https:\/\/www.bananatreeshop.com\/pt\/wp-json\/wp\/v2\/types\/product"}],"replies":[{"embeddable":true,"href":"https:\/\/www.bananatreeshop.com\/pt\/wp-json\/wp\/v2\/comments?post=28263"}],"wp:featuredmedia":[{"embeddable":true,"href":"https:\/\/www.bananatreeshop.com\/pt\/wp-json\/wp\/v2\/media\/54842"}],"wp:attachment":[{"href":"https:\/\/www.bananatreeshop.com\/pt\/wp-json\/wp\/v2\/media?parent=28263"}],"wp:term":[{"taxonomy":"product_brand","embeddable":true,"href":"https:\/\/www.bananatreeshop.com\/pt\/wp-json\/wp\/v2\/product_brand?post=28263"},{"taxonomy":"product_cat","embeddable":true,"href":"https:\/\/www.bananatreeshop.com\/pt\/wp-json\/wp\/v2\/product_cat?post=28263"},{"taxonomy":"product_tag","embeddable":true,"href":"https:\/\/www.bananatreeshop.com\/pt\/wp-json\/wp\/v2\/product_tag?post=28263"}],"curies":[{"name":"wp","href":"https:\/\/api.w.org\/{rel}","templated":true}]}}